{"id":22037,"date":"2023-08-04T16:08:47","date_gmt":"2023-08-04T14:08:47","guid":{"rendered":"https:\/\/escaudacienne.fr\/esc\/?page_id=22037"},"modified":"2023-08-28T14:06:07","modified_gmt":"2023-08-28T12:06:07","slug":"tutos","status":"publish","type":"page","link":"http:\/\/escaudacienne.fr\/esc\/tutos\/","title":{"rendered":"Tutos"},"content":{"rendered":"\n<h3 style=\"text-align: center\"><strong>D\u00e9couvrez tous nos Tutos pour r\u00e9ussir vos adh\u00e9sions en ligne \u00e0 l&rsquo;E.S.C. !<\/strong><\/h3>\n\t<div id=\"gap-1799026616\" class=\"gap-element clearfix\" style=\"display:block; height:auto;\">\n\t\t\n<style>\n#gap-1799026616 {\n  padding-top: 30px;\n}\n<\/style>\n\t<\/div>\n\t\n\n<div class=\"row\"  id=\"row-524526340\">\n\n\n\t<div id=\"col-539768036\" class=\"col medium-6 small-12 large-6\"  >\n\t\t<div class=\"col-inner\"  >\n\t\t\t\n\t\t\t\n\n<a rel=\"noopener noreferrer\" href=\"https:\/\/www.youtube.com\/watch?v=m7e7agSgSK8&#038;feature=youtu.be&#038;ab_channel=Communicationesc\" target=\"_blank\" class=\"button primary expand\"  >\n    <span>Inscription en ligne<\/span>\n  <i class=\"icon-angle-down\" ><\/i><\/a>\n\n\n<div class=\"video video-fit mb\" style=\"padding-top:56.25%;\"><iframe loading=\"lazy\" title=\"Je m&#039;iscris en ligne \u00e0 l&#039;ESC\" width=\"1020\" height=\"574\" src=\"https:\/\/www.youtube.com\/embed\/6QX0qFH9oKA?feature=oembed\" frameborder=\"0\" allow=\"accelerometer; autoplay; clipboard-write; encrypted-media; gyroscope; picture-in-picture; web-share\" allowfullscreen><\/iframe><\/div>\n\n\n\t\t<\/div>\n\t\t\t<\/div>\n\n\t\n\n\t<div id=\"col-1163132089\" class=\"col medium-6 small-12 large-6\"  >\n\t\t<div class=\"col-inner\"  >\n\t\t\t\n\t\t\t\n\n<a rel=\"noopener noreferrer\" href=\"https:\/\/www.youtube.com\/watch?v=m7e7agSgSK8&#038;feature=youtu.be&#038;ab_channel=Communicationesc\" target=\"_blank\" class=\"button primary expand\"  >\n    <span>Ajout de Pi\u00e8ces Jointes sur E-clubs<\/span>\n  <i class=\"icon-angle-down\" ><\/i><\/a>\n\n\n<div class=\"video video-fit mb\" style=\"padding-top:56.25%;\"><p><iframe loading=\"lazy\" title=\"Tuto ESC   Ajout Pi\u00e8ces Jointes\" width=\"1020\" height=\"574\" src=\"https:\/\/www.youtube.com\/embed\/m7e7agSgSK8?feature=oembed\" frameborder=\"0\" allow=\"accelerometer; autoplay; clipboard-write; encrypted-media; gyroscope; picture-in-picture; web-share\" allowfullscreen><\/iframe><\/p>\n<\/div>\n\n\n\t\t<\/div>\n\t\t\t<\/div>\n\n\t\n\n<\/div>\n\t<div id=\"gap-565280795\" class=\"gap-element clearfix\" style=\"display:block; height:auto;\">\n\t\t\n<style>\n#gap-565280795 {\n  padding-top: 30px;\n}\n<\/style>\n\t<\/div>\n\t\n\n<div class=\"row\"  id=\"row-1348458780\">\n\n\n\t<div id=\"col-945817731\" class=\"col medium-6 small-12 large-6\"  >\n\t\t<div class=\"col-inner\"  >\n\t\t\t\n\t\t\t\n\n<a rel=\"noopener noreferrer\" href=\"https:\/\/www.youtube.com\/watch?v=m7e7agSgSK8&#038;feature=youtu.be&#038;ab_channel=Communicationesc\" target=\"_blank\" class=\"button primary expand\"  >\n    <span>Payer son inscription en ligne<\/span>\n  <i class=\"icon-angle-down\" ><\/i><\/a>\n\n\n<div class=\"video video-fit mb\" style=\"padding-top:56.25%;\"><p><iframe loading=\"lazy\" title=\"Comment payer son inscription en ligne\" width=\"1020\" height=\"574\" src=\"https:\/\/www.youtube.com\/embed\/cvx5ARrz8rs?feature=oembed\" frameborder=\"0\" allow=\"accelerometer; autoplay; clipboard-write; encrypted-media; gyroscope; picture-in-picture; web-share\" allowfullscreen><\/iframe><\/p>\n<\/div>\n\n\n\t\t<\/div>\n\t\t\t<\/div>\n\n\t\n\n\t<div id=\"col-1648161445\" class=\"col medium-6 small-12 large-6\"  >\n\t\t<div class=\"col-inner\"  >\n\t\t\t\n\t\t\t\n\n\n\t\t<\/div>\n\t\t\t<\/div>\n\n\t\n\n<\/div>\n\n","protected":false},"excerpt":{"rendered":"<p>D\u00e9couvrez tous nos Tutos pour r\u00e9ussir vos adh\u00e9sions en ligne \u00e0 l&rsquo;E.S.C. !<\/p>\n","protected":false},"author":1970,"featured_media":0,"parent":0,"menu_order":0,"comment_status":"closed","ping_status":"closed","template":"","meta":{"footnotes":""},"class_list":["post-22037","page","type-page","status-publish","hentry"],"yoast_head":"<!-- This site is optimized with the Yoast SEO Premium plugin v18.2.1 (Yoast SEO v24.9) - https:\/\/yoast.com\/wordpress\/plugins\/seo\/ -->\n<title>Tutos - ESC - Entente Sportive Caudacienne\u00ae<\/title>\n<meta name=\"robots\" content=\"index, follow, max-snippet:-1, max-image-preview:large, max-video-preview:-1\" \/>\n<link rel=\"canonical\" href=\"https:\/\/escaudacienne.fr\/esc\/tutos\/\" \/>\n<meta property=\"og:locale\" content=\"fr_FR\" \/>\n<meta property=\"og:type\" content=\"article\" \/>\n<meta property=\"og:title\" content=\"Tutos\" \/>\n<meta property=\"og:description\" content=\"D\u00e9couvrez tous nos Tutos pour r\u00e9ussir vos adh\u00e9sions en ligne \u00e0 l&#039;E.S.C. !\" \/>\n<meta property=\"og:url\" content=\"https:\/\/escaudacienne.fr\/esc\/tutos\/\" \/>\n<meta property=\"og:site_name\" content=\"ESC - Entente Sportive Caudacienne\u00ae\" \/>\n<meta property=\"article:publisher\" content=\"https:\/\/www.facebook.com\/ententesportivecaudacienne\" \/>\n<meta property=\"article:modified_time\" content=\"2023-08-28T12:06:07+00:00\" \/>\n<meta name=\"twitter:card\" content=\"summary_large_image\" \/>\n<script type=\"application\/ld+json\" class=\"yoast-schema-graph\">{\"@context\":\"https:\/\/schema.org\",\"@graph\":[{\"@type\":\"WebPage\",\"@id\":\"https:\/\/escaudacienne.fr\/esc\/tutos\/\",\"url\":\"https:\/\/escaudacienne.fr\/esc\/tutos\/\",\"name\":\"Tutos - ESC - Entente Sportive Caudacienne\u00ae\",\"isPartOf\":{\"@id\":\"https:\/\/escaudacienne.fr\/esc\/#website\"},\"datePublished\":\"2023-08-04T14:08:47+00:00\",\"dateModified\":\"2023-08-28T12:06:07+00:00\",\"breadcrumb\":{\"@id\":\"https:\/\/escaudacienne.fr\/esc\/tutos\/#breadcrumb\"},\"inLanguage\":\"fr-FR\",\"potentialAction\":[{\"@type\":\"ReadAction\",\"target\":[\"https:\/\/escaudacienne.fr\/esc\/tutos\/\"]}]},{\"@type\":\"BreadcrumbList\",\"@id\":\"https:\/\/escaudacienne.fr\/esc\/tutos\/#breadcrumb\",\"itemListElement\":[{\"@type\":\"ListItem\",\"position\":1,\"name\":\"Accueil\",\"item\":\"https:\/\/escaudacienne.fr\/esc\/\"},{\"@type\":\"ListItem\",\"position\":2,\"name\":\"Tutos\"}]},{\"@type\":\"WebSite\",\"@id\":\"https:\/\/escaudacienne.fr\/esc\/#website\",\"url\":\"https:\/\/escaudacienne.fr\/esc\/\",\"name\":\"ESC - Entente Sportive Caudacienne\u00ae\",\"description\":\"Faire du Sport \u00e0 La Queue-en-Brie... c&#039;est facile avec l&#039;E.S.C.\u00ae !\",\"publisher\":{\"@id\":\"https:\/\/escaudacienne.fr\/esc\/#organization\"},\"potentialAction\":[{\"@type\":\"SearchAction\",\"target\":{\"@type\":\"EntryPoint\",\"urlTemplate\":\"https:\/\/escaudacienne.fr\/esc\/?s={search_term_string}\"},\"query-input\":{\"@type\":\"PropertyValueSpecification\",\"valueRequired\":true,\"valueName\":\"search_term_string\"}}],\"inLanguage\":\"fr-FR\"},{\"@type\":\"Organization\",\"@id\":\"https:\/\/escaudacienne.fr\/esc\/#organization\",\"name\":\"E.S.C.\u00ae - Entente Sportive Caudacienne\u00ae\",\"url\":\"https:\/\/escaudacienne.fr\/esc\/\",\"logo\":{\"@type\":\"ImageObject\",\"inLanguage\":\"fr-FR\",\"@id\":\"https:\/\/escaudacienne.fr\/esc\/#\/schema\/logo\/image\/\",\"url\":\"https:\/\/escaudacienne.fr\/esc\/wp-content\/uploads\/sites\/2\/2021\/01\/Logo-ESC\u00ae-Rouge-Blanc-1968-5x5-1.png\",\"contentUrl\":\"https:\/\/escaudacienne.fr\/esc\/wp-content\/uploads\/sites\/2\/2021\/01\/Logo-ESC\u00ae-Rouge-Blanc-1968-5x5-1.png\",\"width\":591,\"height\":591,\"caption\":\"E.S.C.\u00ae - Entente Sportive Caudacienne\u00ae\"},\"image\":{\"@id\":\"https:\/\/escaudacienne.fr\/esc\/#\/schema\/logo\/image\/\"},\"sameAs\":[\"https:\/\/www.facebook.com\/ententesportivecaudacienne\"]}]}<\/script>\n<!-- \/ Yoast SEO Premium plugin. -->","yoast_head_json":{"title":"Tutos - ESC - Entente Sportive Caudacienne\u00ae","robots":{"index":"index","follow":"follow","max-snippet":"max-snippet:-1","max-image-preview":"max-image-preview:large","max-video-preview":"max-video-preview:-1"},"canonical":"https:\/\/escaudacienne.fr\/esc\/tutos\/","og_locale":"fr_FR","og_type":"article","og_title":"Tutos","og_description":"D\u00e9couvrez tous nos Tutos pour r\u00e9ussir vos adh\u00e9sions en ligne \u00e0 l'E.S.C. !","og_url":"https:\/\/escaudacienne.fr\/esc\/tutos\/","og_site_name":"ESC - Entente Sportive Caudacienne\u00ae","article_publisher":"https:\/\/www.facebook.com\/ententesportivecaudacienne","article_modified_time":"2023-08-28T12:06:07+00:00","twitter_card":"summary_large_image","schema":{"@context":"https:\/\/schema.org","@graph":[{"@type":"WebPage","@id":"https:\/\/escaudacienne.fr\/esc\/tutos\/","url":"https:\/\/escaudacienne.fr\/esc\/tutos\/","name":"Tutos - ESC - Entente Sportive Caudacienne\u00ae","isPartOf":{"@id":"https:\/\/escaudacienne.fr\/esc\/#website"},"datePublished":"2023-08-04T14:08:47+00:00","dateModified":"2023-08-28T12:06:07+00:00","breadcrumb":{"@id":"https:\/\/escaudacienne.fr\/esc\/tutos\/#breadcrumb"},"inLanguage":"fr-FR","potentialAction":[{"@type":"ReadAction","target":["https:\/\/escaudacienne.fr\/esc\/tutos\/"]}]},{"@type":"BreadcrumbList","@id":"https:\/\/escaudacienne.fr\/esc\/tutos\/#breadcrumb","itemListElement":[{"@type":"ListItem","position":1,"name":"Accueil","item":"https:\/\/escaudacienne.fr\/esc\/"},{"@type":"ListItem","position":2,"name":"Tutos"}]},{"@type":"WebSite","@id":"https:\/\/escaudacienne.fr\/esc\/#website","url":"https:\/\/escaudacienne.fr\/esc\/","name":"ESC - Entente Sportive Caudacienne\u00ae","description":"Faire du Sport \u00e0 La Queue-en-Brie... c&#039;est facile avec l&#039;E.S.C.\u00ae !","publisher":{"@id":"https:\/\/escaudacienne.fr\/esc\/#organization"},"potentialAction":[{"@type":"SearchAction","target":{"@type":"EntryPoint","urlTemplate":"https:\/\/escaudacienne.fr\/esc\/?s={search_term_string}"},"query-input":{"@type":"PropertyValueSpecification","valueRequired":true,"valueName":"search_term_string"}}],"inLanguage":"fr-FR"},{"@type":"Organization","@id":"https:\/\/escaudacienne.fr\/esc\/#organization","name":"E.S.C.\u00ae - Entente Sportive Caudacienne\u00ae","url":"https:\/\/escaudacienne.fr\/esc\/","logo":{"@type":"ImageObject","inLanguage":"fr-FR","@id":"https:\/\/escaudacienne.fr\/esc\/#\/schema\/logo\/image\/","url":"https:\/\/escaudacienne.fr\/esc\/wp-content\/uploads\/sites\/2\/2021\/01\/Logo-ESC\u00ae-Rouge-Blanc-1968-5x5-1.png","contentUrl":"https:\/\/escaudacienne.fr\/esc\/wp-content\/uploads\/sites\/2\/2021\/01\/Logo-ESC\u00ae-Rouge-Blanc-1968-5x5-1.png","width":591,"height":591,"caption":"E.S.C.\u00ae - Entente Sportive Caudacienne\u00ae"},"image":{"@id":"https:\/\/escaudacienne.fr\/esc\/#\/schema\/logo\/image\/"},"sameAs":["https:\/\/www.facebook.com\/ententesportivecaudacienne"]}]}},"_links":{"self":[{"href":"http:\/\/escaudacienne.fr\/esc\/wp-json\/wp\/v2\/pages\/22037","targetHints":{"allow":["GET"]}}],"collection":[{"href":"http:\/\/escaudacienne.fr\/esc\/wp-json\/wp\/v2\/pages"}],"about":[{"href":"http:\/\/escaudacienne.fr\/esc\/wp-json\/wp\/v2\/types\/page"}],"author":[{"embeddable":true,"href":"http:\/\/escaudacienne.fr\/esc\/wp-json\/wp\/v2\/users\/1970"}],"replies":[{"embeddable":true,"href":"http:\/\/escaudacienne.fr\/esc\/wp-json\/wp\/v2\/comments?post=22037"}],"version-history":[{"count":4,"href":"http:\/\/escaudacienne.fr\/esc\/wp-json\/wp\/v2\/pages\/22037\/revisions"}],"predecessor-version":[{"id":22064,"href":"http:\/\/escaudacienne.fr\/esc\/wp-json\/wp\/v2\/pages\/22037\/revisions\/22064"}],"wp:attachment":[{"href":"http:\/\/escaudacienne.fr\/esc\/wp-json\/wp\/v2\/media?parent=22037"}],"curies":[{"name":"wp","href":"https:\/\/api.w.org\/{rel}","templated":true}]}}