{"id":23963,"date":"2024-03-27T19:25:52","date_gmt":"2024-03-27T18:25:52","guid":{"rendered":"https:\/\/escaudacienne.fr\/esc\/?page_id=23963"},"modified":"2024-03-27T19:25:52","modified_gmt":"2024-03-27T18:25:52","slug":"aide-ton-club","status":"publish","type":"page","link":"http:\/\/escaudacienne.fr\/esc\/aide-ton-club\/","title":{"rendered":"Aide ton club"},"content":{"rendered":"\n<h1><strong>J&rsquo;AIDE MON CLUB<\/strong><\/h1>\n<p>Nous sommes une communaut\u00e9 d\u00e9vou\u00e9e \u00e0 promouvoir le sport et le bien-\u00eatre au sein de La Queue-en-Brie. Depuis notre cr\u00e9ation, nous nous effor\u00e7ons de fournir un environnement inclusif et dynamique \u00e0 nos membres, quel que soit leur \u00e2ge ou leur niveau de comp\u00e9tence.<\/p>\n<p>Nous avons besoin de votre soutien pour acqu\u00e9rir du mat\u00e9riel sportif essentiel qui nous permettra de renouveler nos \u00e9quipements et de continuer \u00e0 offrir des activit\u00e9s de qualit\u00e9 \u00e0 nos membres.<\/p>\n<p>Votre contribution compte \u00e9norm\u00e9ment pour nous. Merci d&rsquo;avance pour votre g\u00e9n\u00e9rosit\u00e9.<\/p>\n[ux_product_flip ids=\u00a0\u00bb13157,21743,13135&Prime;]\n\n\n","protected":false},"excerpt":{"rendered":"<p>J&rsquo;AIDE MON CLUB Nous sommes une communaut\u00e9 d\u00e9vou\u00e9e \u00e0 promouvoir le sport et le bien-\u00eatre au sein de La Queue-en-Brie. Depuis notre cr\u00e9ation, nous nous effor\u00e7ons de fournir un environnement inclusif et dynamique \u00e0 nos membres, quel que soit leur \u00e2ge ou leur niveau de comp\u00e9tence. Nous avons besoin de votre soutien pour acqu\u00e9rir du [&#8230;]\n","protected":false},"author":1970,"featured_media":0,"parent":0,"menu_order":0,"comment_status":"closed","ping_status":"closed","template":"","meta":{"footnotes":""},"class_list":["post-23963","page","type-page","status-publish","hentry"],"yoast_head":"<!-- This site is optimized with the Yoast SEO Premium plugin v18.2.1 (Yoast SEO v24.9) - https:\/\/yoast.com\/wordpress\/plugins\/seo\/ -->\n<title>Aide ton club - ESC - Entente Sportive Caudacienne\u00ae<\/title>\n<meta name=\"robots\" content=\"index, follow, max-snippet:-1, max-image-preview:large, max-video-preview:-1\" \/>\n<link rel=\"canonical\" href=\"http:\/\/escaudacienne.fr\/esc\/aide-ton-club\/\" \/>\n<meta property=\"og:locale\" content=\"fr_FR\" \/>\n<meta property=\"og:type\" content=\"article\" \/>\n<meta property=\"og:title\" content=\"Aide ton club\" \/>\n<meta property=\"og:description\" content=\"J&#039;AIDE MON CLUB Nous sommes une communaut\u00e9 d\u00e9vou\u00e9e \u00e0 promouvoir le sport et le bien-\u00eatre au sein de La Queue-en-Brie. Depuis notre cr\u00e9ation, nous nous\" \/>\n<meta property=\"og:url\" content=\"http:\/\/escaudacienne.fr\/esc\/aide-ton-club\/\" \/>\n<meta property=\"og:site_name\" content=\"ESC - Entente Sportive Caudacienne\u00ae\" \/>\n<meta property=\"article:publisher\" content=\"https:\/\/www.facebook.com\/ententesportivecaudacienne\" \/>\n<meta name=\"twitter:card\" content=\"summary_large_image\" \/>\n<meta name=\"twitter:label1\" content=\"Dur\u00e9e de lecture estim\u00e9e\" \/>\n\t<meta name=\"twitter:data1\" content=\"1 minute\" \/>\n<script type=\"application\/ld+json\" class=\"yoast-schema-graph\">{\"@context\":\"https:\/\/schema.org\",\"@graph\":[{\"@type\":\"WebPage\",\"@id\":\"http:\/\/escaudacienne.fr\/esc\/aide-ton-club\/\",\"url\":\"http:\/\/escaudacienne.fr\/esc\/aide-ton-club\/\",\"name\":\"Aide ton club - ESC - Entente Sportive Caudacienne\u00ae\",\"isPartOf\":{\"@id\":\"https:\/\/escaudacienne.fr\/esc\/#website\"},\"datePublished\":\"2024-03-27T18:25:52+00:00\",\"breadcrumb\":{\"@id\":\"http:\/\/escaudacienne.fr\/esc\/aide-ton-club\/#breadcrumb\"},\"inLanguage\":\"fr-FR\",\"potentialAction\":[{\"@type\":\"ReadAction\",\"target\":[\"http:\/\/escaudacienne.fr\/esc\/aide-ton-club\/\"]}]},{\"@type\":\"BreadcrumbList\",\"@id\":\"http:\/\/escaudacienne.fr\/esc\/aide-ton-club\/#breadcrumb\",\"itemListElement\":[{\"@type\":\"ListItem\",\"position\":1,\"name\":\"Accueil\",\"item\":\"https:\/\/escaudacienne.fr\/esc\/\"},{\"@type\":\"ListItem\",\"position\":2,\"name\":\"Aide ton club\"}]},{\"@type\":\"WebSite\",\"@id\":\"https:\/\/escaudacienne.fr\/esc\/#website\",\"url\":\"https:\/\/escaudacienne.fr\/esc\/\",\"name\":\"ESC - Entente Sportive Caudacienne\u00ae\",\"description\":\"Faire du Sport \u00e0 La Queue-en-Brie... c&#039;est facile avec l&#039;E.S.C.\u00ae !\",\"publisher\":{\"@id\":\"https:\/\/escaudacienne.fr\/esc\/#organization\"},\"potentialAction\":[{\"@type\":\"SearchAction\",\"target\":{\"@type\":\"EntryPoint\",\"urlTemplate\":\"https:\/\/escaudacienne.fr\/esc\/?s={search_term_string}\"},\"query-input\":{\"@type\":\"PropertyValueSpecification\",\"valueRequired\":true,\"valueName\":\"search_term_string\"}}],\"inLanguage\":\"fr-FR\"},{\"@type\":\"Organization\",\"@id\":\"https:\/\/escaudacienne.fr\/esc\/#organization\",\"name\":\"E.S.C.\u00ae - Entente Sportive Caudacienne\u00ae\",\"url\":\"https:\/\/escaudacienne.fr\/esc\/\",\"logo\":{\"@type\":\"ImageObject\",\"inLanguage\":\"fr-FR\",\"@id\":\"https:\/\/escaudacienne.fr\/esc\/#\/schema\/logo\/image\/\",\"url\":\"https:\/\/escaudacienne.fr\/esc\/wp-content\/uploads\/sites\/2\/2021\/01\/Logo-ESC\u00ae-Rouge-Blanc-1968-5x5-1.png\",\"contentUrl\":\"https:\/\/escaudacienne.fr\/esc\/wp-content\/uploads\/sites\/2\/2021\/01\/Logo-ESC\u00ae-Rouge-Blanc-1968-5x5-1.png\",\"width\":591,\"height\":591,\"caption\":\"E.S.C.\u00ae - Entente Sportive Caudacienne\u00ae\"},\"image\":{\"@id\":\"https:\/\/escaudacienne.fr\/esc\/#\/schema\/logo\/image\/\"},\"sameAs\":[\"https:\/\/www.facebook.com\/ententesportivecaudacienne\"]}]}<\/script>\n<!-- \/ Yoast SEO Premium plugin. -->","yoast_head_json":{"title":"Aide ton club - ESC - Entente Sportive Caudacienne\u00ae","robots":{"index":"index","follow":"follow","max-snippet":"max-snippet:-1","max-image-preview":"max-image-preview:large","max-video-preview":"max-video-preview:-1"},"canonical":"http:\/\/escaudacienne.fr\/esc\/aide-ton-club\/","og_locale":"fr_FR","og_type":"article","og_title":"Aide ton club","og_description":"J'AIDE MON CLUB Nous sommes une communaut\u00e9 d\u00e9vou\u00e9e \u00e0 promouvoir le sport et le bien-\u00eatre au sein de La Queue-en-Brie. Depuis notre cr\u00e9ation, nous nous","og_url":"http:\/\/escaudacienne.fr\/esc\/aide-ton-club\/","og_site_name":"ESC - Entente Sportive Caudacienne\u00ae","article_publisher":"https:\/\/www.facebook.com\/ententesportivecaudacienne","twitter_card":"summary_large_image","twitter_misc":{"Dur\u00e9e de lecture estim\u00e9e":"1 minute"},"schema":{"@context":"https:\/\/schema.org","@graph":[{"@type":"WebPage","@id":"http:\/\/escaudacienne.fr\/esc\/aide-ton-club\/","url":"http:\/\/escaudacienne.fr\/esc\/aide-ton-club\/","name":"Aide ton club - ESC - Entente Sportive Caudacienne\u00ae","isPartOf":{"@id":"https:\/\/escaudacienne.fr\/esc\/#website"},"datePublished":"2024-03-27T18:25:52+00:00","breadcrumb":{"@id":"http:\/\/escaudacienne.fr\/esc\/aide-ton-club\/#breadcrumb"},"inLanguage":"fr-FR","potentialAction":[{"@type":"ReadAction","target":["http:\/\/escaudacienne.fr\/esc\/aide-ton-club\/"]}]},{"@type":"BreadcrumbList","@id":"http:\/\/escaudacienne.fr\/esc\/aide-ton-club\/#breadcrumb","itemListElement":[{"@type":"ListItem","position":1,"name":"Accueil","item":"https:\/\/escaudacienne.fr\/esc\/"},{"@type":"ListItem","position":2,"name":"Aide ton club"}]},{"@type":"WebSite","@id":"https:\/\/escaudacienne.fr\/esc\/#website","url":"https:\/\/escaudacienne.fr\/esc\/","name":"ESC - Entente Sportive Caudacienne\u00ae","description":"Faire du Sport \u00e0 La Queue-en-Brie... c&#039;est facile avec l&#039;E.S.C.\u00ae !","publisher":{"@id":"https:\/\/escaudacienne.fr\/esc\/#organization"},"potentialAction":[{"@type":"SearchAction","target":{"@type":"EntryPoint","urlTemplate":"https:\/\/escaudacienne.fr\/esc\/?s={search_term_string}"},"query-input":{"@type":"PropertyValueSpecification","valueRequired":true,"valueName":"search_term_string"}}],"inLanguage":"fr-FR"},{"@type":"Organization","@id":"https:\/\/escaudacienne.fr\/esc\/#organization","name":"E.S.C.\u00ae - Entente Sportive Caudacienne\u00ae","url":"https:\/\/escaudacienne.fr\/esc\/","logo":{"@type":"ImageObject","inLanguage":"fr-FR","@id":"https:\/\/escaudacienne.fr\/esc\/#\/schema\/logo\/image\/","url":"https:\/\/escaudacienne.fr\/esc\/wp-content\/uploads\/sites\/2\/2021\/01\/Logo-ESC\u00ae-Rouge-Blanc-1968-5x5-1.png","contentUrl":"https:\/\/escaudacienne.fr\/esc\/wp-content\/uploads\/sites\/2\/2021\/01\/Logo-ESC\u00ae-Rouge-Blanc-1968-5x5-1.png","width":591,"height":591,"caption":"E.S.C.\u00ae - Entente Sportive Caudacienne\u00ae"},"image":{"@id":"https:\/\/escaudacienne.fr\/esc\/#\/schema\/logo\/image\/"},"sameAs":["https:\/\/www.facebook.com\/ententesportivecaudacienne"]}]}},"_links":{"self":[{"href":"http:\/\/escaudacienne.fr\/esc\/wp-json\/wp\/v2\/pages\/23963","targetHints":{"allow":["GET"]}}],"collection":[{"href":"http:\/\/escaudacienne.fr\/esc\/wp-json\/wp\/v2\/pages"}],"about":[{"href":"http:\/\/escaudacienne.fr\/esc\/wp-json\/wp\/v2\/types\/page"}],"author":[{"embeddable":true,"href":"http:\/\/escaudacienne.fr\/esc\/wp-json\/wp\/v2\/users\/1970"}],"replies":[{"embeddable":true,"href":"http:\/\/escaudacienne.fr\/esc\/wp-json\/wp\/v2\/comments?post=23963"}],"version-history":[{"count":1,"href":"http:\/\/escaudacienne.fr\/esc\/wp-json\/wp\/v2\/pages\/23963\/revisions"}],"predecessor-version":[{"id":23965,"href":"http:\/\/escaudacienne.fr\/esc\/wp-json\/wp\/v2\/pages\/23963\/revisions\/23965"}],"wp:attachment":[{"href":"http:\/\/escaudacienne.fr\/esc\/wp-json\/wp\/v2\/media?parent=23963"}],"curies":[{"name":"wp","href":"https:\/\/api.w.org\/{rel}","templated":true}]}}