{"id":409,"date":"2020-09-15T11:43:35","date_gmt":"2020-09-15T09:43:35","guid":{"rendered":"http:\/\/escaudacienne.fr\/esc\/?page_id=409"},"modified":"2023-11-13T14:17:03","modified_gmt":"2023-11-13T13:17:03","slug":"contacts","status":"publish","type":"page","link":"http:\/\/escaudacienne.fr\/esc\/contacts\/","title":{"rendered":"Contacts"},"content":{"rendered":"\n<div class=\"container section-title-container\" ><h3 class=\"section-title section-title-center\"><b><\/b><span class=\"section-title-main\" >Permanence<\/span><b><\/b><\/h3><\/div>\n\n<p style=\"text-align: center\">Nous vous accueillons dans notre \u00ab\u00a0bungalow\u00a0\u00bb :<\/p>\n<h5 style=\"text-align: center\">Stade Robert Barran &#8211; Rue du Chemin Vert 94510 La Queue-en-Brie<\/h5>\n<h5 style=\"text-align: center\">Lundi de 09h00 \u00e0 18h30<\/h5>\n<h5 style=\"text-align: center\">Mardi de 08h30 \u00e0 18h00<\/h5>\n<h5 style=\"text-align: center\">Mercredi de 08h30 \u00e0 15h30<\/h5>\n<h5 style=\"text-align: center\">Jeudi de 10h30 \u00e0 18h30<\/h5>\n<h5 style=\"text-align: center\">Vendredi de 10h00 \u00e0 18h30<\/h5>\n<table align=\"center\">\n<tbody>\n<tr>\n<td>\n<p style=\"text-align: center\">Pour tout autre horaire, nous contacter pour une prise de rendez-vous.<\/p>\n<p style=\"text-align: center\">Les horaires peuvent changer pendant les vacances scolaires. Nos bureaux sont ferm\u00e9s les jours f\u00e9ri\u00e9s.<\/p>\n<\/td>\n<\/tr>\n<\/tbody>\n<\/table>\n\t<div class=\"img has-hover x md-x lg-x y md-y lg-y\" id=\"image_1613155047\">\n\t\t\t\t\t\t\t\t<div class=\"img-inner dark\" >\n\t\t\t<img loading=\"lazy\" decoding=\"async\" width=\"699\" height=\"262\" src=\"http:\/\/escaudacienne.fr\/esc\/wp-content\/uploads\/sites\/2\/2020\/09\/Bungalow.jpg\" class=\"attachment-large size-large\" alt=\"\" srcset=\"http:\/\/escaudacienne.fr\/esc\/wp-content\/uploads\/sites\/2\/2020\/09\/Bungalow.jpg 699w, http:\/\/escaudacienne.fr\/esc\/wp-content\/uploads\/sites\/2\/2020\/09\/Bungalow-510x191.jpg 510w\" sizes=\"auto, (max-width: 699px) 100vw, 699px\" \/>\t\t\t\t\t\t\n\t\t\t\t\t<\/div>\n\t\t\t\t\t\t\t\t\n<style>\n#image_1613155047 {\n  width: 100%;\n}\n<\/style>\n\t<\/div>\n\t\n\n\t<div id=\"gap-1481949015\" class=\"gap-element clearfix\" style=\"display:block; height:auto;\">\n\t\t\n<style>\n#gap-1481949015 {\n  padding-top: 30px;\n}\n<\/style>\n\t<\/div>\n\t\n\n<div class=\"row\"  id=\"row-453300906\">\n\n\n\t<div id=\"col-1993919286\" class=\"col medium-4 small-12 large-4\"  >\n\t\t<div class=\"col-inner\"  >\n\t\t\t\n\t\t\t\n\n    <div class=\"box has-hover has-hover box-bounce box-text-bottom\" >\n\n         <a href=\"https:\/\/escaudacienne.fr\/esc\/accueil\/bureau-directeur\/\"  >         <div class=\"box-image \" style=\"width:65%;\">\n           <div class=\"box-image-inner image-cover\" style=\"border-radius:100%;padding-top:100%;\">\n              <img loading=\"lazy\" decoding=\"async\" width=\"2272\" height=\"2273\" src=\"http:\/\/escaudacienne.fr\/esc\/wp-content\/uploads\/sites\/2\/2021\/02\/Logo-ESC\u00ae-Administration-Blanc-1968.png\" class=\"attachment- size-\" alt=\"\" srcset=\"http:\/\/escaudacienne.fr\/esc\/wp-content\/uploads\/sites\/2\/2021\/02\/Logo-ESC\u00ae-Administration-Blanc-1968.png 2272w, http:\/\/escaudacienne.fr\/esc\/wp-content\/uploads\/sites\/2\/2021\/02\/Logo-ESC\u00ae-Administration-Blanc-1968-400x400.png 400w, http:\/\/escaudacienne.fr\/esc\/wp-content\/uploads\/sites\/2\/2021\/02\/Logo-ESC\u00ae-Administration-Blanc-1968-800x800.png 800w, http:\/\/escaudacienne.fr\/esc\/wp-content\/uploads\/sites\/2\/2021\/02\/Logo-ESC\u00ae-Administration-Blanc-1968-280x280.png 280w, http:\/\/escaudacienne.fr\/esc\/wp-content\/uploads\/sites\/2\/2021\/02\/Logo-ESC\u00ae-Administration-Blanc-1968-768x768.png 768w, http:\/\/escaudacienne.fr\/esc\/wp-content\/uploads\/sites\/2\/2021\/02\/Logo-ESC\u00ae-Administration-Blanc-1968-1536x1536.png 1536w, http:\/\/escaudacienne.fr\/esc\/wp-content\/uploads\/sites\/2\/2021\/02\/Logo-ESC\u00ae-Administration-Blanc-1968-2048x2048.png 2048w, http:\/\/escaudacienne.fr\/esc\/wp-content\/uploads\/sites\/2\/2021\/02\/Logo-ESC\u00ae-Administration-Blanc-1968-510x510.png 510w, http:\/\/escaudacienne.fr\/esc\/wp-content\/uploads\/sites\/2\/2021\/02\/Logo-ESC\u00ae-Administration-Blanc-1968-100x100.png 100w\" sizes=\"auto, (max-width: 2272px) 100vw, 2272px\" \/>                         <\/div>\n          <\/div>\n         <\/a>\n          <div class=\"box-text text-center is-small\" >\n                <div class=\"box-text-inner\">\n                  <h4 class=\"uppercase\">\n                    <span class=\"person-name\">Christine PETOT<\/span><br\/>\n                    <span class=\"person-title is-small thin-font op-7\">\n                      Administration G\u00e9n\u00e9rale                    <\/span>\n                  <\/h4>\n                 <div class=\"social-icons follow-icons\" ><\/div>                 \n\n<p>Christine est en charge du secr\u00e9tariat g\u00e9n\u00e9ral de l&rsquo;E.S.C.<sup>\u00ae<\/sup><\/p>\n<div class=\"social-icons follow-icons\" ><a href=\"mailto:secretaireesc@escaudacienne.fr\" data-label=\"E-mail\"  rel=\"nofollow\" class=\"icon button circle is-outline  email tooltip\" title=\"Nous envoyer un email\"><i class=\"icon-envelop\" ><\/i><\/a><a href=\"tel:0768654008\" target=\"_blank\"  data-label=\"Phone\"  rel=\"noopener noreferrer nofollow\" class=\"icon button circle is-outline  phone tooltip\" title=\"Call us\"><i class=\"icon-phone\" ><\/i><\/a><\/div>\n\n\n                <\/div>\n          <\/div>\n    <\/div>\n\n    \n    \n\n\t\t<\/div>\n\t\t\t<\/div>\n\n\t\n\n\t<div id=\"col-1330124965\" class=\"col medium-4 small-12 large-4\"  >\n\t\t<div class=\"col-inner\"  >\n\t\t\t\n\t\t\t\n\n    <div class=\"box has-hover has-hover box-bounce box-text-bottom\" >\n\n         <a href=\"https:\/\/escaudacienne.fr\/esc\/accueil\/bureau-directeur\/\"  >         <div class=\"box-image \" style=\"width:65%;\">\n           <div class=\"box-image-inner image-cover\" style=\"border-radius:100%;padding-top:100%;\">\n              <img loading=\"lazy\" decoding=\"async\" width=\"945\" height=\"945\" src=\"http:\/\/escaudacienne.fr\/esc\/wp-content\/uploads\/sites\/2\/2020\/10\/Logo-ESC\u00ae-Communication.png\" class=\"attachment- size-\" alt=\"\" srcset=\"http:\/\/escaudacienne.fr\/esc\/wp-content\/uploads\/sites\/2\/2020\/10\/Logo-ESC\u00ae-Communication.png 945w, http:\/\/escaudacienne.fr\/esc\/wp-content\/uploads\/sites\/2\/2020\/10\/Logo-ESC\u00ae-Communication-400x400.png 400w, http:\/\/escaudacienne.fr\/esc\/wp-content\/uploads\/sites\/2\/2020\/10\/Logo-ESC\u00ae-Communication-800x800.png 800w, http:\/\/escaudacienne.fr\/esc\/wp-content\/uploads\/sites\/2\/2020\/10\/Logo-ESC\u00ae-Communication-280x280.png 280w, http:\/\/escaudacienne.fr\/esc\/wp-content\/uploads\/sites\/2\/2020\/10\/Logo-ESC\u00ae-Communication-768x768.png 768w, http:\/\/escaudacienne.fr\/esc\/wp-content\/uploads\/sites\/2\/2020\/10\/Logo-ESC\u00ae-Communication-510x510.png 510w, http:\/\/escaudacienne.fr\/esc\/wp-content\/uploads\/sites\/2\/2020\/10\/Logo-ESC\u00ae-Communication-100x100.png 100w\" sizes=\"auto, (max-width: 945px) 100vw, 945px\" \/>                         <\/div>\n          <\/div>\n         <\/a>\n          <div class=\"box-text text-center is-small\" >\n                <div class=\"box-text-inner\">\n                  <h4 class=\"uppercase\">\n                    <span class=\"person-name\">Paulette GUANNEL<\/span><br\/>\n                    <span class=\"person-title is-small thin-font op-7\">\n                      Responsable Communication                    <\/span>\n                  <\/h4>\n                 <div class=\"social-icons follow-icons\" ><\/div>                 \n\n<p>Paulette est en charge de la communication g\u00e9n\u00e9rale de l&rsquo;E.S.C.<sup>\u00ae<\/sup><\/p>\n<div class=\"social-icons follow-icons\" ><a href=\"mailto:communication@escaudacienne.fr\" data-label=\"E-mail\"  rel=\"nofollow\" class=\"icon button circle is-outline  email tooltip\" title=\"Nous envoyer un email\"><i class=\"icon-envelop\" ><\/i><\/a><a href=\"tel:0643646151\" target=\"_blank\"  data-label=\"Phone\"  rel=\"noopener noreferrer nofollow\" class=\"icon button circle is-outline  phone tooltip\" title=\"Call us\"><i class=\"icon-phone\" ><\/i><\/a><\/div>\n\n\n                <\/div>\n          <\/div>\n    <\/div>\n\n    \n    \n\n\t\t<\/div>\n\t\t\t<\/div>\n\n\t\n\n\t<div id=\"col-1847696069\" class=\"col medium-4 small-12 large-4\"  >\n\t\t<div class=\"col-inner\"  >\n\t\t\t\n\t\t\t\n\n    <div class=\"box has-hover has-hover box-bounce box-text-bottom\" >\n\n         <a href=\"https:\/\/escaudacienne.fr\/esc\/accueil\/bureau-directeur\/\"  >         <div class=\"box-image \" style=\"width:65%;\">\n           <div class=\"box-image-inner image-cover\" style=\"border-radius:100%;padding-top:100%;\">\n              <img loading=\"lazy\" decoding=\"async\" width=\"945\" height=\"945\" src=\"http:\/\/escaudacienne.fr\/esc\/wp-content\/uploads\/sites\/2\/2020\/10\/Logo-ESC\u00ae-Partenariats.png\" class=\"attachment- size-\" alt=\"\" srcset=\"http:\/\/escaudacienne.fr\/esc\/wp-content\/uploads\/sites\/2\/2020\/10\/Logo-ESC\u00ae-Partenariats.png 945w, http:\/\/escaudacienne.fr\/esc\/wp-content\/uploads\/sites\/2\/2020\/10\/Logo-ESC\u00ae-Partenariats-400x400.png 400w, http:\/\/escaudacienne.fr\/esc\/wp-content\/uploads\/sites\/2\/2020\/10\/Logo-ESC\u00ae-Partenariats-800x800.png 800w, http:\/\/escaudacienne.fr\/esc\/wp-content\/uploads\/sites\/2\/2020\/10\/Logo-ESC\u00ae-Partenariats-280x280.png 280w, http:\/\/escaudacienne.fr\/esc\/wp-content\/uploads\/sites\/2\/2020\/10\/Logo-ESC\u00ae-Partenariats-768x768.png 768w, http:\/\/escaudacienne.fr\/esc\/wp-content\/uploads\/sites\/2\/2020\/10\/Logo-ESC\u00ae-Partenariats-510x510.png 510w, http:\/\/escaudacienne.fr\/esc\/wp-content\/uploads\/sites\/2\/2020\/10\/Logo-ESC\u00ae-Partenariats-100x100.png 100w\" sizes=\"auto, (max-width: 945px) 100vw, 945px\" \/>                         <\/div>\n          <\/div>\n         <\/a>\n          <div class=\"box-text text-center is-small\" >\n                <div class=\"box-text-inner\">\n                  <h4 class=\"uppercase\">\n                    <span class=\"person-name\">Dinh NGUYEN<\/span><br\/>\n                    <span class=\"person-title is-small thin-font op-7\">\n                      Resp. Partenariats, Mat\u00e9riel &amp; Sport-Sant\u00e9                    <\/span>\n                  <\/h4>\n                 <div class=\"social-icons follow-icons\" ><\/div>                 \n\n<p>En charge des partenariats, Dinh saura toujours vous proposer des \u00e9changes gagnant-gagnants !<\/p>\n<div class=\"social-icons follow-icons\" ><a href=\"mailto:partenariats@escaudacienne.fr\" data-label=\"E-mail\"  rel=\"nofollow\" class=\"icon button circle is-outline  email tooltip\" title=\"Nous envoyer un email\"><i class=\"icon-envelop\" ><\/i><\/a><a href=\"tel:0611741922\" target=\"_blank\"  data-label=\"Phone\"  rel=\"noopener noreferrer nofollow\" class=\"icon button circle is-outline  phone tooltip\" title=\"Call us\"><i class=\"icon-phone\" ><\/i><\/a><\/div>\n\n\n                <\/div>\n          <\/div>\n    <\/div>\n\n    \n    \n\n\t\t<\/div>\n\t\t\t<\/div>\n\n\t\n\n<\/div>\n<div class=\"container section-title-container\" ><h3 class=\"section-title section-title-center\"><b><\/b><span class=\"section-title-main\" >Nous contacter<\/span><b><\/b><\/h3><\/div>\n\n\n<div class=\"wpcf7 no-js\" id=\"wpcf7-f4052-o1\" lang=\"fr-FR\" dir=\"ltr\">\n<div class=\"screen-reader-response\"><p role=\"status\" aria-live=\"polite\" aria-atomic=\"true\"><\/p> <ul><\/ul><\/div>\n<form action=\"\/esc\/wp-json\/wp\/v2\/pages\/409#wpcf7-f4052-o1\" method=\"post\" class=\"wpcf7-form init\" aria-label=\"Formulaire de contact\" enctype=\"multipart\/form-data\" novalidate=\"novalidate\" data-status=\"init\">\n<div style=\"display: none;\">\n<input type=\"hidden\" name=\"_wpcf7\" value=\"4052\" \/>\n<input type=\"hidden\" name=\"_wpcf7_version\" value=\"5.7.7\" \/>\n<input type=\"hidden\" name=\"_wpcf7_locale\" value=\"fr_FR\" \/>\n<input type=\"hidden\" name=\"_wpcf7_unit_tag\" value=\"wpcf7-f4052-o1\" \/>\n<input type=\"hidden\" name=\"_wpcf7_container_post\" value=\"0\" \/>\n<input type=\"hidden\" name=\"_wpcf7_posted_data_hash\" value=\"\" \/>\n<\/div>\n<p><label> Destinataire<br \/>\n<span class=\"wpcf7-form-control-wrap\" data-name=\"your-recipient\"><select class=\"wpcf7-form-control wpcf7-select wpcf7-validates-as-required\" aria-required=\"true\" aria-invalid=\"false\" name=\"your-recipient\"><option value=\"E.S.C.\u00ae Secr\u00e9tariat\">E.S.C.\u00ae Secr\u00e9tariat<\/option><option value=\"E.S.C.\u00ae Communication\">E.S.C.\u00ae Communication<\/option><option value=\"E.S.C.\u00ae Partenariats\">E.S.C.\u00ae Partenariats<\/option><\/select><\/span> <\/label>\n<\/p>\n<p><label> Pr\u00e9nom & NOM (obligatoire)<br \/>\n<span class=\"wpcf7-form-control-wrap\" data-name=\"your-name\"><input size=\"40\" class=\"wpcf7-form-control wpcf7-text wpcf7-validates-as-required\" aria-required=\"true\" aria-invalid=\"false\" value=\"\" type=\"text\" name=\"your-name\" \/><\/span> <\/label>\n<\/p>\n<p><label> Votre adresse e-mail (obligatoire)<br \/>\n<span class=\"wpcf7-form-control-wrap\" data-name=\"your-email\"><input size=\"40\" class=\"wpcf7-form-control wpcf7-text wpcf7-email wpcf7-validates-as-required wpcf7-validates-as-email\" aria-required=\"true\" aria-invalid=\"false\" value=\"\" type=\"email\" name=\"your-email\" \/><\/span> <\/label>\n<\/p>\n<p><label> Votre n\u00b0 de t\u00e9l\u00e9phone (facultatif)<br \/>\n<span class=\"wpcf7-form-control-wrap\" data-name=\"tel-932\"><input size=\"40\" class=\"wpcf7-form-control wpcf7-text wpcf7-tel wpcf7-validates-as-tel\" aria-invalid=\"false\" value=\"\" type=\"tel\" name=\"tel-932\" \/><\/span> <\/label>\n<\/p>\n<p><label> Objet<br \/>\n<span class=\"wpcf7-form-control-wrap\" data-name=\"your-subject\"><input size=\"40\" class=\"wpcf7-form-control wpcf7-text\" aria-invalid=\"false\" value=\"\" type=\"text\" name=\"your-subject\" \/><\/span> <\/label>\n<\/p>\n<p><label> Votre message<br \/>\n<span class=\"wpcf7-form-control-wrap\" data-name=\"your-message\"><textarea cols=\"40\" rows=\"10\" class=\"wpcf7-form-control wpcf7-textarea\" aria-invalid=\"false\" name=\"your-message\"><\/textarea><\/span> <\/label>\n<\/p>\n<p><label> Joindre un fichier<br \/>\n<span class=\"wpcf7-form-control-wrap\" data-name=\"file\"><input size=\"40\" class=\"wpcf7-form-control wpcf7-file\" accept=\".pdf,.jpg,.jpeg,.png,.doc,.docx,.xls,.xlsx,.ppt,.pptx\" aria-invalid=\"false\" type=\"file\" name=\"file\" \/><\/span> <\/label>\n<\/p>\n<p><input class=\"wpcf7-form-control has-spinner wpcf7-submit\" type=\"submit\" value=\"Envoyer\" \/>\n<\/p><p style=\"display: none !important;\" class=\"akismet-fields-container\" data-prefix=\"_wpcf7_ak_\"><label>&#916;<textarea name=\"_wpcf7_ak_hp_textarea\" cols=\"45\" rows=\"8\" maxlength=\"100\"><\/textarea><\/label><input type=\"hidden\" id=\"ak_js_1\" name=\"_wpcf7_ak_js\" value=\"6\"\/><script>document.getElementById( \"ak_js_1\" ).setAttribute( \"value\", ( new Date() ).getTime() );<\/script><\/p><div class=\"wpcf7-response-output\" aria-hidden=\"true\"><\/div>\n<\/form>\n<\/div>\n\n\n\t<div id=\"gap-140439531\" class=\"gap-element clearfix\" style=\"display:block; height:auto;\">\n\t\t\n<style>\n#gap-140439531 {\n  padding-top: 30px;\n}\n<\/style>\n\t<\/div>\n\t\n\n<div class=\"container section-title-container\" ><h3 class=\"section-title section-title-center\"><b><\/b><span class=\"section-title-main\" >Nos bureaux<\/span><b><\/b><\/h3><\/div>\n\n\t<div class=\"img has-hover x md-x lg-x y md-y lg-y\" id=\"image_280750242\">\n\t\t<a class=\"\" href=\"http:\/\/escaudacienne.fr\/esc\/wp-content\/uploads\/sites\/2\/2020\/10\/CarteLQEB-ESC.png\" target=\"_blank\" rel=\"noopener noreferrer\" >\t\t\t\t\t\t<div class=\"img-inner dark\" >\n\t\t\t<img loading=\"lazy\" decoding=\"async\" width=\"1020\" height=\"470\" src=\"http:\/\/escaudacienne.fr\/esc\/wp-content\/uploads\/sites\/2\/2020\/10\/CarteLQEB-ESC-1400x645.png\" class=\"attachment-large size-large\" alt=\"\" srcset=\"http:\/\/escaudacienne.fr\/esc\/wp-content\/uploads\/sites\/2\/2020\/10\/CarteLQEB-ESC-1400x645.png 1400w, http:\/\/escaudacienne.fr\/esc\/wp-content\/uploads\/sites\/2\/2020\/10\/CarteLQEB-ESC-800x369.png 800w, http:\/\/escaudacienne.fr\/esc\/wp-content\/uploads\/sites\/2\/2020\/10\/CarteLQEB-ESC-768x354.png 768w, http:\/\/escaudacienne.fr\/esc\/wp-content\/uploads\/sites\/2\/2020\/10\/CarteLQEB-ESC-1536x708.png 1536w, http:\/\/escaudacienne.fr\/esc\/wp-content\/uploads\/sites\/2\/2020\/10\/CarteLQEB-ESC-2048x944.png 2048w, http:\/\/escaudacienne.fr\/esc\/wp-content\/uploads\/sites\/2\/2020\/10\/CarteLQEB-ESC-510x235.png 510w\" sizes=\"auto, (max-width: 1020px) 100vw, 1020px\" \/>\t\t\t\t\t\t\n\t\t\t\t\t<\/div>\n\t\t\t\t\t\t<\/a>\t\t\n<style>\n#image_280750242 {\n  width: 100%;\n}\n<\/style>\n\t<\/div>\n\t\n\n<div class=\"text-center\"><div class=\"is-divider divider clearfix\" ><\/div><\/div>\n\n<p style=\"text-align: center\"><strong>Si\u00e8ge social :<\/strong><\/p>\n<p style=\"text-align: center\"><strong><span style=\"color: #e10b13\">Entente Sportive Caudacienne<sup>\u00ae<\/sup><\/span><\/strong><\/p>\n<p style=\"text-align: center\">Rue du Chemin Vert &#8211; 94510 La Queue-en-Brie<\/p>\n\n","protected":false},"excerpt":{"rendered":"<p>Nous vous accueillons dans notre \u00ab\u00a0bungalow\u00a0\u00bb : Stade Robert Barran &#8211; Rue du Chemin Vert 94510 La Queue-en-Brie Lundi de 09h00 \u00e0 18h30 Mardi de 08h30 \u00e0 18h00 Mercredi de 08h30 \u00e0 15h30 Jeudi de 10h30 \u00e0 18h30 Vendredi de 10h00 \u00e0 18h30 Pour tout autre horaire, nous contacter pour une prise de rendez-vous. Les [&#8230;]\n","protected":false},"author":1970,"featured_media":0,"parent":0,"menu_order":0,"comment_status":"closed","ping_status":"closed","template":"","meta":{"footnotes":""},"class_list":["post-409","page","type-page","status-publish","hentry"],"yoast_head":"<!-- This site is optimized with the Yoast SEO Premium plugin v18.2.1 (Yoast SEO v24.9) - https:\/\/yoast.com\/wordpress\/plugins\/seo\/ -->\n<title>Contacts - ESC - Entente Sportive Caudacienne\u00ae<\/title>\n<meta name=\"robots\" content=\"index, follow, max-snippet:-1, max-image-preview:large, max-video-preview:-1\" \/>\n<link rel=\"canonical\" href=\"https:\/\/escaudacienne.fr\/esc\/contacts\/\" \/>\n<meta property=\"og:locale\" content=\"fr_FR\" \/>\n<meta property=\"og:type\" content=\"article\" \/>\n<meta property=\"og:title\" content=\"Contacts\" \/>\n<meta property=\"og:description\" content=\"Nous vous accueillons dans notre &quot;bungalow&quot; : Stade Robert Barran - Rue du Chemin Vert 94510 La Queue-en-Brie Lundi de 09h00 \u00e0 18h30 Mardi de 08h30 \u00e0\" \/>\n<meta property=\"og:url\" content=\"https:\/\/escaudacienne.fr\/esc\/contacts\/\" \/>\n<meta property=\"og:site_name\" content=\"ESC - Entente Sportive Caudacienne\u00ae\" \/>\n<meta property=\"article:publisher\" content=\"https:\/\/www.facebook.com\/ententesportivecaudacienne\" \/>\n<meta property=\"article:modified_time\" content=\"2023-11-13T13:17:03+00:00\" \/>\n<meta name=\"twitter:card\" content=\"summary_large_image\" \/>\n<meta name=\"twitter:label1\" content=\"Dur\u00e9e de lecture estim\u00e9e\" \/>\n\t<meta name=\"twitter:data1\" content=\"1 minute\" \/>\n<script type=\"application\/ld+json\" class=\"yoast-schema-graph\">{\"@context\":\"https:\/\/schema.org\",\"@graph\":[{\"@type\":\"WebPage\",\"@id\":\"https:\/\/escaudacienne.fr\/esc\/contacts\/\",\"url\":\"https:\/\/escaudacienne.fr\/esc\/contacts\/\",\"name\":\"Contacts - ESC - Entente Sportive Caudacienne\u00ae\",\"isPartOf\":{\"@id\":\"http:\/\/escaudacienne.fr\/esc\/#website\"},\"datePublished\":\"2020-09-15T09:43:35+00:00\",\"dateModified\":\"2023-11-13T13:17:03+00:00\",\"breadcrumb\":{\"@id\":\"https:\/\/escaudacienne.fr\/esc\/contacts\/#breadcrumb\"},\"inLanguage\":\"fr-FR\",\"potentialAction\":[{\"@type\":\"ReadAction\",\"target\":[\"https:\/\/escaudacienne.fr\/esc\/contacts\/\"]}]},{\"@type\":\"BreadcrumbList\",\"@id\":\"https:\/\/escaudacienne.fr\/esc\/contacts\/#breadcrumb\",\"itemListElement\":[{\"@type\":\"ListItem\",\"position\":1,\"name\":\"Accueil\",\"item\":\"http:\/\/escaudacienne.fr\/esc\/\"},{\"@type\":\"ListItem\",\"position\":2,\"name\":\"Contacts\"}]},{\"@type\":\"WebSite\",\"@id\":\"http:\/\/escaudacienne.fr\/esc\/#website\",\"url\":\"http:\/\/escaudacienne.fr\/esc\/\",\"name\":\"ESC - Entente Sportive Caudacienne\u00ae\",\"description\":\"Faire du Sport \u00e0 La Queue-en-Brie... c&#039;est facile avec l&#039;E.S.C.\u00ae !\",\"publisher\":{\"@id\":\"http:\/\/escaudacienne.fr\/esc\/#organization\"},\"potentialAction\":[{\"@type\":\"SearchAction\",\"target\":{\"@type\":\"EntryPoint\",\"urlTemplate\":\"http:\/\/escaudacienne.fr\/esc\/?s={search_term_string}\"},\"query-input\":{\"@type\":\"PropertyValueSpecification\",\"valueRequired\":true,\"valueName\":\"search_term_string\"}}],\"inLanguage\":\"fr-FR\"},{\"@type\":\"Organization\",\"@id\":\"http:\/\/escaudacienne.fr\/esc\/#organization\",\"name\":\"E.S.C.\u00ae - Entente Sportive Caudacienne\u00ae\",\"url\":\"http:\/\/escaudacienne.fr\/esc\/\",\"logo\":{\"@type\":\"ImageObject\",\"inLanguage\":\"fr-FR\",\"@id\":\"http:\/\/escaudacienne.fr\/esc\/#\/schema\/logo\/image\/\",\"url\":\"https:\/\/escaudacienne.fr\/esc\/wp-content\/uploads\/sites\/2\/2021\/01\/Logo-ESC\u00ae-Rouge-Blanc-1968-5x5-1.png\",\"contentUrl\":\"https:\/\/escaudacienne.fr\/esc\/wp-content\/uploads\/sites\/2\/2021\/01\/Logo-ESC\u00ae-Rouge-Blanc-1968-5x5-1.png\",\"width\":591,\"height\":591,\"caption\":\"E.S.C.\u00ae - Entente Sportive Caudacienne\u00ae\"},\"image\":{\"@id\":\"http:\/\/escaudacienne.fr\/esc\/#\/schema\/logo\/image\/\"},\"sameAs\":[\"https:\/\/www.facebook.com\/ententesportivecaudacienne\"]}]}<\/script>\n<!-- \/ Yoast SEO Premium plugin. -->","yoast_head_json":{"title":"Contacts - ESC - Entente Sportive Caudacienne\u00ae","robots":{"index":"index","follow":"follow","max-snippet":"max-snippet:-1","max-image-preview":"max-image-preview:large","max-video-preview":"max-video-preview:-1"},"canonical":"https:\/\/escaudacienne.fr\/esc\/contacts\/","og_locale":"fr_FR","og_type":"article","og_title":"Contacts","og_description":"Nous vous accueillons dans notre \"bungalow\" : Stade Robert Barran - Rue du Chemin Vert 94510 La Queue-en-Brie Lundi de 09h00 \u00e0 18h30 Mardi de 08h30 \u00e0","og_url":"https:\/\/escaudacienne.fr\/esc\/contacts\/","og_site_name":"ESC - Entente Sportive Caudacienne\u00ae","article_publisher":"https:\/\/www.facebook.com\/ententesportivecaudacienne","article_modified_time":"2023-11-13T13:17:03+00:00","twitter_card":"summary_large_image","twitter_misc":{"Dur\u00e9e de lecture estim\u00e9e":"1 minute"},"schema":{"@context":"https:\/\/schema.org","@graph":[{"@type":"WebPage","@id":"https:\/\/escaudacienne.fr\/esc\/contacts\/","url":"https:\/\/escaudacienne.fr\/esc\/contacts\/","name":"Contacts - ESC - Entente Sportive Caudacienne\u00ae","isPartOf":{"@id":"http:\/\/escaudacienne.fr\/esc\/#website"},"datePublished":"2020-09-15T09:43:35+00:00","dateModified":"2023-11-13T13:17:03+00:00","breadcrumb":{"@id":"https:\/\/escaudacienne.fr\/esc\/contacts\/#breadcrumb"},"inLanguage":"fr-FR","potentialAction":[{"@type":"ReadAction","target":["https:\/\/escaudacienne.fr\/esc\/contacts\/"]}]},{"@type":"BreadcrumbList","@id":"https:\/\/escaudacienne.fr\/esc\/contacts\/#breadcrumb","itemListElement":[{"@type":"ListItem","position":1,"name":"Accueil","item":"http:\/\/escaudacienne.fr\/esc\/"},{"@type":"ListItem","position":2,"name":"Contacts"}]},{"@type":"WebSite","@id":"http:\/\/escaudacienne.fr\/esc\/#website","url":"http:\/\/escaudacienne.fr\/esc\/","name":"ESC - Entente Sportive Caudacienne\u00ae","description":"Faire du Sport \u00e0 La Queue-en-Brie... c&#039;est facile avec l&#039;E.S.C.\u00ae !","publisher":{"@id":"http:\/\/escaudacienne.fr\/esc\/#organization"},"potentialAction":[{"@type":"SearchAction","target":{"@type":"EntryPoint","urlTemplate":"http:\/\/escaudacienne.fr\/esc\/?s={search_term_string}"},"query-input":{"@type":"PropertyValueSpecification","valueRequired":true,"valueName":"search_term_string"}}],"inLanguage":"fr-FR"},{"@type":"Organization","@id":"http:\/\/escaudacienne.fr\/esc\/#organization","name":"E.S.C.\u00ae - Entente Sportive Caudacienne\u00ae","url":"http:\/\/escaudacienne.fr\/esc\/","logo":{"@type":"ImageObject","inLanguage":"fr-FR","@id":"http:\/\/escaudacienne.fr\/esc\/#\/schema\/logo\/image\/","url":"https:\/\/escaudacienne.fr\/esc\/wp-content\/uploads\/sites\/2\/2021\/01\/Logo-ESC\u00ae-Rouge-Blanc-1968-5x5-1.png","contentUrl":"https:\/\/escaudacienne.fr\/esc\/wp-content\/uploads\/sites\/2\/2021\/01\/Logo-ESC\u00ae-Rouge-Blanc-1968-5x5-1.png","width":591,"height":591,"caption":"E.S.C.\u00ae - Entente Sportive Caudacienne\u00ae"},"image":{"@id":"http:\/\/escaudacienne.fr\/esc\/#\/schema\/logo\/image\/"},"sameAs":["https:\/\/www.facebook.com\/ententesportivecaudacienne"]}]}},"_links":{"self":[{"href":"http:\/\/escaudacienne.fr\/esc\/wp-json\/wp\/v2\/pages\/409","targetHints":{"allow":["GET"]}}],"collection":[{"href":"http:\/\/escaudacienne.fr\/esc\/wp-json\/wp\/v2\/pages"}],"about":[{"href":"http:\/\/escaudacienne.fr\/esc\/wp-json\/wp\/v2\/types\/page"}],"author":[{"embeddable":true,"href":"http:\/\/escaudacienne.fr\/esc\/wp-json\/wp\/v2\/users\/1970"}],"replies":[{"embeddable":true,"href":"http:\/\/escaudacienne.fr\/esc\/wp-json\/wp\/v2\/comments?post=409"}],"version-history":[{"count":27,"href":"http:\/\/escaudacienne.fr\/esc\/wp-json\/wp\/v2\/pages\/409\/revisions"}],"predecessor-version":[{"id":22780,"href":"http:\/\/escaudacienne.fr\/esc\/wp-json\/wp\/v2\/pages\/409\/revisions\/22780"}],"wp:attachment":[{"href":"http:\/\/escaudacienne.fr\/esc\/wp-json\/wp\/v2\/media?parent=409"}],"curies":[{"name":"wp","href":"https:\/\/api.w.org\/{rel}","templated":true}]}}