{"id":5516,"date":"2020-11-27T11:07:11","date_gmt":"2020-11-27T10:07:11","guid":{"rendered":"http:\/\/escaudacienne.fr\/esc\/?page_id=5516"},"modified":"2020-11-28T08:39:39","modified_gmt":"2020-11-28T07:39:39","slug":"athle-formation-jeunes-juges","status":"publish","type":"page","link":"http:\/\/escaudacienne.fr\/esc\/sections\/athletisme\/athle-formation-jeunes-juges\/","title":{"rendered":"Athl\u00e9 &#8211; Formation Jeunes Juges"},"content":{"rendered":"\n\n\n<div class=\"row row-small align-center\"  id=\"row-1218888995\">\n\n\n\t<div id=\"col-946801312\" class=\"col medium-9 small-12 large-9\"  >\n\t\t<div class=\"col-inner box-shadow-3\"  >\n\t\t\t\n\t\t\t\n\n\n  <div class=\"banner has-hover\" id=\"banner-1616948738\">\n          <div class=\"banner-inner fill\">\n        <div class=\"banner-bg fill\" >\n            <div class=\"bg fill bg-fill \"><\/div>\n                                    \n\t<div class=\"is-border\"\n\t\tstyle=\"border-radius:50px;border-width:0px 0px 0px 0px;\">\n\t<\/div>\n                    <\/div>\n        <div class=\"banner-layers container\">\n            <div class=\"fill banner-link\"><\/div>            \n\n   <div id=\"text-box-1532734577\" class=\"text-box banner-layer x50 md-x50 lg-x50 y50 md-y50 lg-y50 res-text\">\n                                <div class=\"text dark\">\n              \n              <div class=\"text-inner text-left\">\n                  \n\n<h4 style=\"text-align: center\"><span data-text-color=\"primary\">FORMATION JEUNES JUGES<\/span><\/h4>\n<p>Cette formation s&rsquo;adresse aux benjamins minimes licenci\u00e9s FFA dans un club du Val de Marne.\u00a0<\/p>\n<p>Deux s\u00e9ances d&rsquo;information sont propos\u00e9es :<\/p>\n<p>Pour s&rsquo;inscrire, il faut remplir la fiche d&rsquo;inscription que les clubs ont re\u00e7ue et renvoyer au plus tard une semaine avant la date des s\u00e9ances. Il ne sera pas possible de participer \u00e0 ces s\u00e9ances sans inscription pr\u00e9alable.<br \/>* En cas de nombre important d&rsquo;inscriptions, on pourra \u00eatre amen\u00e9 \u00e0 se limiter \u00e0 5 jeunes par club<\/p>\n<p><strong>Pour devenir\u00a0<span data-text-color=\"alert\">\u00ab\u00a0jeune juge d\u00e9partemental\u00a0\u00bb<\/span>, il faudra<\/strong> :<br \/>&#8211;\u00a0avoir suivi l&rsquo;une des 2 s\u00e9ances d&rsquo;information,\u00a0<br \/>&#8211; avoir particip\u00e9, en tant qu&rsquo;aide-officiel, \u00e0 au moins\u00a02 comp\u00e9titions d\u00e9partementales,<br \/>&#8211; avoir r\u00e9ussi l&rsquo;examen final (de type QCM) organis\u00e9 courant mai (ne seront convoqu\u00e9s que les candidats ayant satisfait les 2 conditions pr\u00e9c\u00e9dentes)<\/p>\n<p><strong>Pour devenir\u00a0<span data-text-color=\"alert\">\u00ab\u00a0jeune juge r\u00e9gional\u00a0\u00bb<\/span>\u00a0d&rsquo;une sp\u00e9cialit\u00e9 (courses, sauts, lancers, starter) , il faudra<\/strong> :<br \/>&#8211;\u00a0\u00eatre jeune juge d\u00e9partemental,\u00a0<br \/>&#8211; avoir particip\u00e9, en tant qu&rsquo;aide-officiel, \u00e0 au moins\u00a04 comp\u00e9titions d\u00e9partementales (2+2),<br \/>&#8211; avoir r\u00e9ussi l&rsquo;examen final organis\u00e9 courant mai (ne seront convoqu\u00e9s que les candidats ayant satisfait les 2 conditions pr\u00e9c\u00e9dentes). L&rsquo;examen est constitu\u00e9 de 5 ou 6 questions ouvertes avec un classement pour les concours.<br \/>&#8211; C&rsquo;est un examen par sp\u00e9cialit\u00e9 (courses, sauts, lancers, starter)\u00a0<\/p>\n\n              <\/div>\n           <\/div>\n                            \n<style>\n#text-box-1532734577 {\n  width: 88%;\n}\n#text-box-1532734577 .text {\n  font-size: 129%;\n}\n<\/style>\n    <\/div>\n \n\n        <\/div>\n      <\/div>\n\n            \n<style>\n#banner-1616948738 {\n  padding-top: 800px;\n  background-color: rgb(0,0,0);\n}\n<\/style>\n  <\/div>\n\n\n\n\t\t<\/div>\n\t\t\t<\/div>\n\n\t\n\n<\/div>\n\n","protected":false},"excerpt":{"rendered":"","protected":false},"author":1970,"featured_media":0,"parent":2464,"menu_order":0,"comment_status":"closed","ping_status":"closed","template":"","meta":{"footnotes":""},"class_list":["post-5516","page","type-page","status-publish","hentry"],"yoast_head":"<!-- This site is optimized with the Yoast SEO Premium plugin v18.2.1 (Yoast SEO v24.9) - https:\/\/yoast.com\/wordpress\/plugins\/seo\/ -->\n<title>Athl\u00e9 - Formation Jeunes Juges - ESC - Entente Sportive Caudacienne\u00ae<\/title>\n<meta name=\"robots\" content=\"index, follow, max-snippet:-1, max-image-preview:large, max-video-preview:-1\" \/>\n<link rel=\"canonical\" href=\"http:\/\/escaudacienne.fr\/esc\/sections\/athletisme\/athle-formation-jeunes-juges\/\" \/>\n<meta property=\"og:locale\" content=\"fr_FR\" \/>\n<meta property=\"og:type\" content=\"article\" \/>\n<meta property=\"og:title\" content=\"Athl\u00e9 - Formation Jeunes Juges\" \/>\n<meta property=\"og:url\" content=\"http:\/\/escaudacienne.fr\/esc\/sections\/athletisme\/athle-formation-jeunes-juges\/\" \/>\n<meta property=\"og:site_name\" content=\"ESC - Entente Sportive Caudacienne\u00ae\" \/>\n<meta property=\"article:publisher\" content=\"https:\/\/www.facebook.com\/ententesportivecaudacienne\" \/>\n<meta property=\"article:modified_time\" content=\"2020-11-28T07:39:39+00:00\" \/>\n<meta name=\"twitter:card\" content=\"summary_large_image\" \/>\n<meta name=\"twitter:label1\" content=\"Dur\u00e9e de lecture estim\u00e9e\" \/>\n\t<meta name=\"twitter:data1\" content=\"1 minute\" \/>\n<script type=\"application\/ld+json\" class=\"yoast-schema-graph\">{\"@context\":\"https:\/\/schema.org\",\"@graph\":[{\"@type\":\"WebPage\",\"@id\":\"http:\/\/escaudacienne.fr\/esc\/sections\/athletisme\/athle-formation-jeunes-juges\/\",\"url\":\"http:\/\/escaudacienne.fr\/esc\/sections\/athletisme\/athle-formation-jeunes-juges\/\",\"name\":\"Athl\u00e9 - Formation Jeunes Juges - ESC - Entente Sportive Caudacienne\u00ae\",\"isPartOf\":{\"@id\":\"https:\/\/escaudacienne.fr\/esc\/#website\"},\"datePublished\":\"2020-11-27T10:07:11+00:00\",\"dateModified\":\"2020-11-28T07:39:39+00:00\",\"breadcrumb\":{\"@id\":\"http:\/\/escaudacienne.fr\/esc\/sections\/athletisme\/athle-formation-jeunes-juges\/#breadcrumb\"},\"inLanguage\":\"fr-FR\",\"potentialAction\":[{\"@type\":\"ReadAction\",\"target\":[\"http:\/\/escaudacienne.fr\/esc\/sections\/athletisme\/athle-formation-jeunes-juges\/\"]}]},{\"@type\":\"BreadcrumbList\",\"@id\":\"http:\/\/escaudacienne.fr\/esc\/sections\/athletisme\/athle-formation-jeunes-juges\/#breadcrumb\",\"itemListElement\":[{\"@type\":\"ListItem\",\"position\":1,\"name\":\"Accueil\",\"item\":\"https:\/\/escaudacienne.fr\/esc\/\"},{\"@type\":\"ListItem\",\"position\":2,\"name\":\"SECTIONS\",\"item\":\"https:\/\/escaudacienne.fr\/esc\/sections\/\"},{\"@type\":\"ListItem\",\"position\":3,\"name\":\"ATHL\u00c9TISME\",\"item\":\"http:\/\/escaudacienne.fr\/esc\/sections\/athletisme\/\"},{\"@type\":\"ListItem\",\"position\":4,\"name\":\"Athl\u00e9 &#8211; Formation Jeunes Juges\"}]},{\"@type\":\"WebSite\",\"@id\":\"https:\/\/escaudacienne.fr\/esc\/#website\",\"url\":\"https:\/\/escaudacienne.fr\/esc\/\",\"name\":\"ESC - Entente Sportive Caudacienne\u00ae\",\"description\":\"Faire du Sport \u00e0 La Queue-en-Brie... c&#039;est facile avec l&#039;E.S.C.\u00ae !\",\"publisher\":{\"@id\":\"https:\/\/escaudacienne.fr\/esc\/#organization\"},\"potentialAction\":[{\"@type\":\"SearchAction\",\"target\":{\"@type\":\"EntryPoint\",\"urlTemplate\":\"https:\/\/escaudacienne.fr\/esc\/?s={search_term_string}\"},\"query-input\":{\"@type\":\"PropertyValueSpecification\",\"valueRequired\":true,\"valueName\":\"search_term_string\"}}],\"inLanguage\":\"fr-FR\"},{\"@type\":\"Organization\",\"@id\":\"https:\/\/escaudacienne.fr\/esc\/#organization\",\"name\":\"E.S.C.\u00ae - Entente Sportive Caudacienne\u00ae\",\"url\":\"https:\/\/escaudacienne.fr\/esc\/\",\"logo\":{\"@type\":\"ImageObject\",\"inLanguage\":\"fr-FR\",\"@id\":\"https:\/\/escaudacienne.fr\/esc\/#\/schema\/logo\/image\/\",\"url\":\"https:\/\/escaudacienne.fr\/esc\/wp-content\/uploads\/sites\/2\/2021\/01\/Logo-ESC\u00ae-Rouge-Blanc-1968-5x5-1.png\",\"contentUrl\":\"https:\/\/escaudacienne.fr\/esc\/wp-content\/uploads\/sites\/2\/2021\/01\/Logo-ESC\u00ae-Rouge-Blanc-1968-5x5-1.png\",\"width\":591,\"height\":591,\"caption\":\"E.S.C.\u00ae - Entente Sportive Caudacienne\u00ae\"},\"image\":{\"@id\":\"https:\/\/escaudacienne.fr\/esc\/#\/schema\/logo\/image\/\"},\"sameAs\":[\"https:\/\/www.facebook.com\/ententesportivecaudacienne\"]}]}<\/script>\n<!-- \/ Yoast SEO Premium plugin. -->","yoast_head_json":{"title":"Athl\u00e9 - Formation Jeunes Juges - ESC - Entente Sportive Caudacienne\u00ae","robots":{"index":"index","follow":"follow","max-snippet":"max-snippet:-1","max-image-preview":"max-image-preview:large","max-video-preview":"max-video-preview:-1"},"canonical":"http:\/\/escaudacienne.fr\/esc\/sections\/athletisme\/athle-formation-jeunes-juges\/","og_locale":"fr_FR","og_type":"article","og_title":"Athl\u00e9 - Formation Jeunes Juges","og_url":"http:\/\/escaudacienne.fr\/esc\/sections\/athletisme\/athle-formation-jeunes-juges\/","og_site_name":"ESC - Entente Sportive Caudacienne\u00ae","article_publisher":"https:\/\/www.facebook.com\/ententesportivecaudacienne","article_modified_time":"2020-11-28T07:39:39+00:00","twitter_card":"summary_large_image","twitter_misc":{"Dur\u00e9e de lecture estim\u00e9e":"1 minute"},"schema":{"@context":"https:\/\/schema.org","@graph":[{"@type":"WebPage","@id":"http:\/\/escaudacienne.fr\/esc\/sections\/athletisme\/athle-formation-jeunes-juges\/","url":"http:\/\/escaudacienne.fr\/esc\/sections\/athletisme\/athle-formation-jeunes-juges\/","name":"Athl\u00e9 - Formation Jeunes Juges - ESC - Entente Sportive Caudacienne\u00ae","isPartOf":{"@id":"https:\/\/escaudacienne.fr\/esc\/#website"},"datePublished":"2020-11-27T10:07:11+00:00","dateModified":"2020-11-28T07:39:39+00:00","breadcrumb":{"@id":"http:\/\/escaudacienne.fr\/esc\/sections\/athletisme\/athle-formation-jeunes-juges\/#breadcrumb"},"inLanguage":"fr-FR","potentialAction":[{"@type":"ReadAction","target":["http:\/\/escaudacienne.fr\/esc\/sections\/athletisme\/athle-formation-jeunes-juges\/"]}]},{"@type":"BreadcrumbList","@id":"http:\/\/escaudacienne.fr\/esc\/sections\/athletisme\/athle-formation-jeunes-juges\/#breadcrumb","itemListElement":[{"@type":"ListItem","position":1,"name":"Accueil","item":"https:\/\/escaudacienne.fr\/esc\/"},{"@type":"ListItem","position":2,"name":"SECTIONS","item":"https:\/\/escaudacienne.fr\/esc\/sections\/"},{"@type":"ListItem","position":3,"name":"ATHL\u00c9TISME","item":"http:\/\/escaudacienne.fr\/esc\/sections\/athletisme\/"},{"@type":"ListItem","position":4,"name":"Athl\u00e9 &#8211; Formation Jeunes Juges"}]},{"@type":"WebSite","@id":"https:\/\/escaudacienne.fr\/esc\/#website","url":"https:\/\/escaudacienne.fr\/esc\/","name":"ESC - Entente Sportive Caudacienne\u00ae","description":"Faire du Sport \u00e0 La Queue-en-Brie... c&#039;est facile avec l&#039;E.S.C.\u00ae !","publisher":{"@id":"https:\/\/escaudacienne.fr\/esc\/#organization"},"potentialAction":[{"@type":"SearchAction","target":{"@type":"EntryPoint","urlTemplate":"https:\/\/escaudacienne.fr\/esc\/?s={search_term_string}"},"query-input":{"@type":"PropertyValueSpecification","valueRequired":true,"valueName":"search_term_string"}}],"inLanguage":"fr-FR"},{"@type":"Organization","@id":"https:\/\/escaudacienne.fr\/esc\/#organization","name":"E.S.C.\u00ae - Entente Sportive Caudacienne\u00ae","url":"https:\/\/escaudacienne.fr\/esc\/","logo":{"@type":"ImageObject","inLanguage":"fr-FR","@id":"https:\/\/escaudacienne.fr\/esc\/#\/schema\/logo\/image\/","url":"https:\/\/escaudacienne.fr\/esc\/wp-content\/uploads\/sites\/2\/2021\/01\/Logo-ESC\u00ae-Rouge-Blanc-1968-5x5-1.png","contentUrl":"https:\/\/escaudacienne.fr\/esc\/wp-content\/uploads\/sites\/2\/2021\/01\/Logo-ESC\u00ae-Rouge-Blanc-1968-5x5-1.png","width":591,"height":591,"caption":"E.S.C.\u00ae - Entente Sportive Caudacienne\u00ae"},"image":{"@id":"https:\/\/escaudacienne.fr\/esc\/#\/schema\/logo\/image\/"},"sameAs":["https:\/\/www.facebook.com\/ententesportivecaudacienne"]}]}},"_links":{"self":[{"href":"http:\/\/escaudacienne.fr\/esc\/wp-json\/wp\/v2\/pages\/5516","targetHints":{"allow":["GET"]}}],"collection":[{"href":"http:\/\/escaudacienne.fr\/esc\/wp-json\/wp\/v2\/pages"}],"about":[{"href":"http:\/\/escaudacienne.fr\/esc\/wp-json\/wp\/v2\/types\/page"}],"author":[{"embeddable":true,"href":"http:\/\/escaudacienne.fr\/esc\/wp-json\/wp\/v2\/users\/1970"}],"replies":[{"embeddable":true,"href":"http:\/\/escaudacienne.fr\/esc\/wp-json\/wp\/v2\/comments?post=5516"}],"version-history":[{"count":8,"href":"http:\/\/escaudacienne.fr\/esc\/wp-json\/wp\/v2\/pages\/5516\/revisions"}],"predecessor-version":[{"id":5538,"href":"http:\/\/escaudacienne.fr\/esc\/wp-json\/wp\/v2\/pages\/5516\/revisions\/5538"}],"up":[{"embeddable":true,"href":"http:\/\/escaudacienne.fr\/esc\/wp-json\/wp\/v2\/pages\/2464"}],"wp:attachment":[{"href":"http:\/\/escaudacienne.fr\/esc\/wp-json\/wp\/v2\/media?parent=5516"}],"curies":[{"name":"wp","href":"https:\/\/api.w.org\/{rel}","templated":true}]}}