{"id":7603,"date":"2020-12-29T11:53:53","date_gmt":"2020-12-29T10:53:53","guid":{"rendered":"http:\/\/escaudacienne.fr\/esc\/?page_id=7603"},"modified":"2020-12-30T10:59:36","modified_gmt":"2020-12-30T09:59:36","slug":"gsv","status":"publish","type":"page","link":"http:\/\/escaudacienne.fr\/esc\/partenaires\/gsv\/","title":{"rendered":"GSV"},"content":{"rendered":"\n\t<section class=\"section\" id=\"section_2073465104\">\n\t\t<div class=\"bg section-bg fill bg-fill  bg-loaded\" >\n\n\t\t\t\n\t\t\t\n\t\t\t\n\t<div class=\"is-border\"\n\t\tstyle=\"border-color:rgb(235, 235, 235);border-width:1px 0px 0px 0px;\">\n\t<\/div>\n\n\t\t<\/div>\n\n\t\t<div class=\"section-content relative\">\n\t\t\t\n\n<div class=\"row row-large align-middle align-center\"  id=\"row-157714787\">\n\n\n\t<div id=\"col-889625807\" class=\"col medium-6 small-12 large-6\"  >\n\t\t<div class=\"col-inner box-shadow-2 box-shadow-5-hover\" style=\"background-color:rgb(255, 255, 255);\" >\n\t\t\t\n\t\t\t\n\n\t<div class=\"img has-hover x md-x lg-x y md-y lg-y\" id=\"image_232286759\">\n\t\t<a class=\"\" href=\"https:\/\/www.gsv-metallerie.fr\/\" target=\"_blank\" rel=\"noopener noreferrer\" >\t\t\t\t\t\t<div class=\"img-inner dark\" >\n\t\t\t<img loading=\"lazy\" decoding=\"async\" width=\"566\" height=\"800\" src=\"http:\/\/escaudacienne.fr\/esc\/wp-content\/uploads\/sites\/2\/2020\/12\/Offre-Permanente-GSV-566x800.jpg\" class=\"attachment-large size-large\" alt=\"\" srcset=\"http:\/\/escaudacienne.fr\/esc\/wp-content\/uploads\/sites\/2\/2020\/12\/Offre-Permanente-GSV-566x800.jpg 566w, http:\/\/escaudacienne.fr\/esc\/wp-content\/uploads\/sites\/2\/2020\/12\/Offre-Permanente-GSV-283x400.jpg 283w, http:\/\/escaudacienne.fr\/esc\/wp-content\/uploads\/sites\/2\/2020\/12\/Offre-Permanente-GSV-768x1086.jpg 768w, http:\/\/escaudacienne.fr\/esc\/wp-content\/uploads\/sites\/2\/2020\/12\/Offre-Permanente-GSV-1086x1536.jpg 1086w, http:\/\/escaudacienne.fr\/esc\/wp-content\/uploads\/sites\/2\/2020\/12\/Offre-Permanente-GSV-1448x2048.jpg 1448w, http:\/\/escaudacienne.fr\/esc\/wp-content\/uploads\/sites\/2\/2020\/12\/Offre-Permanente-GSV-510x721.jpg 510w, http:\/\/escaudacienne.fr\/esc\/wp-content\/uploads\/sites\/2\/2020\/12\/Offre-Permanente-GSV-scaled.jpg 1810w\" sizes=\"auto, (max-width: 566px) 100vw, 566px\" \/>\t\t\t\t\t\t\n\t\t\t\t\t<\/div>\n\t\t\t\t\t\t<\/a>\t\t\n<style>\n#image_232286759 {\n  width: 100%;\n}\n<\/style>\n\t<\/div>\n\t\n\n\n\t\t<\/div>\n\t\t\t<\/div>\n\n\t\n\n\t<div id=\"col-692748152\" class=\"col medium-6 small-12 large-6\"  >\n\t\t<div class=\"col-inner text-center\"  >\n\t\t\t\n\t\t\t\n\n<div class=\"is-divider divider clearfix\" ><\/div>\n\n<h1><span style=\"font-size: 75%\">GSV, votre artisan serrurier-vitrier-m\u00e9tallier<\/span><\/h1>\n<p>La m\u00e9tallerie-serrurerie est la fabrication et la pose d\u2019ouvrages m\u00e9talliques.<\/p>\n<p>GSV, entreprise familiale situ\u00e9e \u00e0 Coll\u00e9gien, est notre partenaire expert en la mati\u00e8re proposant de nombreux produits sur mesure pour particuliers et professionnels.<\/p>\n<p>R\u00e9alisez tous vos projets avec GSV (<strong>Guilmet Serrurerier Vitrerier<\/strong>). \u00c0 l\u2019\u00e9coute de vos demandes, il vous r\u00e9pondra rapidement et de mani\u00e8re efficace.<\/p>\n<p>2 rue de Lamirault &#8211; 77090 Coll\u00e9gien<\/p>\n<p>T\u00e9l. 01 64 61 04 05<\/p>\n<div class=\"social-icons follow-icons\" ><a href=\"tel:+33 1 64 61 04 05\" target=\"_blank\"  data-label=\"Phone\"  rel=\"noopener noreferrer nofollow\" class=\"icon button circle is-outline  phone tooltip\" title=\"Call us\"><i class=\"icon-phone\" ><\/i><\/a><\/div>\n\n<div class=\"is-divider divider clearfix\" ><\/div>\n\n<a rel=\"noopener noreferrer\" href=\"https:\/\/www.gsv-metallerie.fr\/\" target=\"_blank\" class=\"button primary is-outline is-smaller\"  style=\"border-radius:10px;\">\n    <span>Voir le site de notre partenaire<\/span>\n  <\/a>\n\n\n\n\t\t<\/div>\n\t\t\t<\/div>\n\n\t\n\n<\/div>\n\n\t\t<\/div>\n\n\t\t\n<style>\n#section_2073465104 {\n  padding-top: 59px;\n  padding-bottom: 59px;\n  min-height: 300px;\n  background-color: rgb(240, 240, 240);\n}\n<\/style>\n\t<\/section>\n\t\n\n","protected":false},"excerpt":{"rendered":"","protected":false},"author":1970,"featured_media":7602,"parent":377,"menu_order":0,"comment_status":"closed","ping_status":"closed","template":"","meta":{"footnotes":""},"class_list":["post-7603","page","type-page","status-publish","has-post-thumbnail","hentry"],"yoast_head":"<!-- This site is optimized with the Yoast SEO Premium plugin v18.2.1 (Yoast SEO v24.9) - https:\/\/yoast.com\/wordpress\/plugins\/seo\/ -->\n<title>GSV - ESC - Entente Sportive Caudacienne\u00ae<\/title>\n<meta name=\"robots\" content=\"index, follow, max-snippet:-1, max-image-preview:large, max-video-preview:-1\" \/>\n<link rel=\"canonical\" href=\"http:\/\/escaudacienne.fr\/esc\/partenaires\/gsv\/\" \/>\n<meta property=\"og:locale\" content=\"fr_FR\" \/>\n<meta property=\"og:type\" content=\"article\" \/>\n<meta property=\"og:title\" content=\"GSV\" \/>\n<meta property=\"og:url\" content=\"http:\/\/escaudacienne.fr\/esc\/partenaires\/gsv\/\" \/>\n<meta property=\"og:site_name\" content=\"ESC - Entente Sportive Caudacienne\u00ae\" \/>\n<meta property=\"article:publisher\" content=\"https:\/\/www.facebook.com\/ententesportivecaudacienne\" \/>\n<meta property=\"article:modified_time\" content=\"2020-12-30T09:59:36+00:00\" \/>\n<meta property=\"og:image\" content=\"http:\/\/escaudacienne.fr\/esc\/wp-content\/uploads\/sites\/2\/2020\/12\/GSV1000x300.jpg\" \/>\n\t<meta property=\"og:image:width\" content=\"1000\" \/>\n\t<meta property=\"og:image:height\" content=\"300\" \/>\n\t<meta property=\"og:image:type\" content=\"image\/jpeg\" \/>\n<meta name=\"twitter:card\" content=\"summary_large_image\" \/>\n<meta name=\"twitter:label1\" content=\"Dur\u00e9e de lecture estim\u00e9e\" \/>\n\t<meta name=\"twitter:data1\" content=\"1 minute\" \/>\n<script type=\"application\/ld+json\" class=\"yoast-schema-graph\">{\"@context\":\"https:\/\/schema.org\",\"@graph\":[{\"@type\":\"WebPage\",\"@id\":\"http:\/\/escaudacienne.fr\/esc\/partenaires\/gsv\/\",\"url\":\"http:\/\/escaudacienne.fr\/esc\/partenaires\/gsv\/\",\"name\":\"GSV - ESC - Entente Sportive Caudacienne\u00ae\",\"isPartOf\":{\"@id\":\"http:\/\/escaudacienne.fr\/esc\/#website\"},\"primaryImageOfPage\":{\"@id\":\"http:\/\/escaudacienne.fr\/esc\/partenaires\/gsv\/#primaryimage\"},\"image\":{\"@id\":\"http:\/\/escaudacienne.fr\/esc\/partenaires\/gsv\/#primaryimage\"},\"thumbnailUrl\":\"http:\/\/escaudacienne.fr\/esc\/wp-content\/uploads\/sites\/2\/2020\/12\/GSV1000x300.jpg\",\"datePublished\":\"2020-12-29T10:53:53+00:00\",\"dateModified\":\"2020-12-30T09:59:36+00:00\",\"breadcrumb\":{\"@id\":\"http:\/\/escaudacienne.fr\/esc\/partenaires\/gsv\/#breadcrumb\"},\"inLanguage\":\"fr-FR\",\"potentialAction\":[{\"@type\":\"ReadAction\",\"target\":[\"http:\/\/escaudacienne.fr\/esc\/partenaires\/gsv\/\"]}]},{\"@type\":\"ImageObject\",\"inLanguage\":\"fr-FR\",\"@id\":\"http:\/\/escaudacienne.fr\/esc\/partenaires\/gsv\/#primaryimage\",\"url\":\"http:\/\/escaudacienne.fr\/esc\/wp-content\/uploads\/sites\/2\/2020\/12\/GSV1000x300.jpg\",\"contentUrl\":\"http:\/\/escaudacienne.fr\/esc\/wp-content\/uploads\/sites\/2\/2020\/12\/GSV1000x300.jpg\",\"width\":1000,\"height\":300},{\"@type\":\"BreadcrumbList\",\"@id\":\"http:\/\/escaudacienne.fr\/esc\/partenaires\/gsv\/#breadcrumb\",\"itemListElement\":[{\"@type\":\"ListItem\",\"position\":1,\"name\":\"Accueil\",\"item\":\"http:\/\/escaudacienne.fr\/esc\/\"},{\"@type\":\"ListItem\",\"position\":2,\"name\":\"PARTENAIRES\",\"item\":\"https:\/\/escaudacienne.fr\/esc\/partenaires\/\"},{\"@type\":\"ListItem\",\"position\":3,\"name\":\"GSV\"}]},{\"@type\":\"WebSite\",\"@id\":\"http:\/\/escaudacienne.fr\/esc\/#website\",\"url\":\"http:\/\/escaudacienne.fr\/esc\/\",\"name\":\"ESC - Entente Sportive Caudacienne\u00ae\",\"description\":\"Faire du Sport \u00e0 La Queue-en-Brie... c&#039;est facile avec l&#039;E.S.C.\u00ae !\",\"publisher\":{\"@id\":\"http:\/\/escaudacienne.fr\/esc\/#organization\"},\"potentialAction\":[{\"@type\":\"SearchAction\",\"target\":{\"@type\":\"EntryPoint\",\"urlTemplate\":\"http:\/\/escaudacienne.fr\/esc\/?s={search_term_string}\"},\"query-input\":{\"@type\":\"PropertyValueSpecification\",\"valueRequired\":true,\"valueName\":\"search_term_string\"}}],\"inLanguage\":\"fr-FR\"},{\"@type\":\"Organization\",\"@id\":\"http:\/\/escaudacienne.fr\/esc\/#organization\",\"name\":\"E.S.C.\u00ae - Entente Sportive Caudacienne\u00ae\",\"url\":\"http:\/\/escaudacienne.fr\/esc\/\",\"logo\":{\"@type\":\"ImageObject\",\"inLanguage\":\"fr-FR\",\"@id\":\"http:\/\/escaudacienne.fr\/esc\/#\/schema\/logo\/image\/\",\"url\":\"https:\/\/escaudacienne.fr\/esc\/wp-content\/uploads\/sites\/2\/2021\/01\/Logo-ESC\u00ae-Rouge-Blanc-1968-5x5-1.png\",\"contentUrl\":\"https:\/\/escaudacienne.fr\/esc\/wp-content\/uploads\/sites\/2\/2021\/01\/Logo-ESC\u00ae-Rouge-Blanc-1968-5x5-1.png\",\"width\":591,\"height\":591,\"caption\":\"E.S.C.\u00ae - Entente Sportive Caudacienne\u00ae\"},\"image\":{\"@id\":\"http:\/\/escaudacienne.fr\/esc\/#\/schema\/logo\/image\/\"},\"sameAs\":[\"https:\/\/www.facebook.com\/ententesportivecaudacienne\"]}]}<\/script>\n<!-- \/ Yoast SEO Premium plugin. -->","yoast_head_json":{"title":"GSV - ESC - Entente Sportive Caudacienne\u00ae","robots":{"index":"index","follow":"follow","max-snippet":"max-snippet:-1","max-image-preview":"max-image-preview:large","max-video-preview":"max-video-preview:-1"},"canonical":"http:\/\/escaudacienne.fr\/esc\/partenaires\/gsv\/","og_locale":"fr_FR","og_type":"article","og_title":"GSV","og_url":"http:\/\/escaudacienne.fr\/esc\/partenaires\/gsv\/","og_site_name":"ESC - Entente Sportive Caudacienne\u00ae","article_publisher":"https:\/\/www.facebook.com\/ententesportivecaudacienne","article_modified_time":"2020-12-30T09:59:36+00:00","og_image":[{"width":1000,"height":300,"url":"http:\/\/escaudacienne.fr\/esc\/wp-content\/uploads\/sites\/2\/2020\/12\/GSV1000x300.jpg","type":"image\/jpeg"}],"twitter_card":"summary_large_image","twitter_misc":{"Dur\u00e9e de lecture estim\u00e9e":"1 minute"},"schema":{"@context":"https:\/\/schema.org","@graph":[{"@type":"WebPage","@id":"http:\/\/escaudacienne.fr\/esc\/partenaires\/gsv\/","url":"http:\/\/escaudacienne.fr\/esc\/partenaires\/gsv\/","name":"GSV - ESC - Entente Sportive Caudacienne\u00ae","isPartOf":{"@id":"http:\/\/escaudacienne.fr\/esc\/#website"},"primaryImageOfPage":{"@id":"http:\/\/escaudacienne.fr\/esc\/partenaires\/gsv\/#primaryimage"},"image":{"@id":"http:\/\/escaudacienne.fr\/esc\/partenaires\/gsv\/#primaryimage"},"thumbnailUrl":"http:\/\/escaudacienne.fr\/esc\/wp-content\/uploads\/sites\/2\/2020\/12\/GSV1000x300.jpg","datePublished":"2020-12-29T10:53:53+00:00","dateModified":"2020-12-30T09:59:36+00:00","breadcrumb":{"@id":"http:\/\/escaudacienne.fr\/esc\/partenaires\/gsv\/#breadcrumb"},"inLanguage":"fr-FR","potentialAction":[{"@type":"ReadAction","target":["http:\/\/escaudacienne.fr\/esc\/partenaires\/gsv\/"]}]},{"@type":"ImageObject","inLanguage":"fr-FR","@id":"http:\/\/escaudacienne.fr\/esc\/partenaires\/gsv\/#primaryimage","url":"http:\/\/escaudacienne.fr\/esc\/wp-content\/uploads\/sites\/2\/2020\/12\/GSV1000x300.jpg","contentUrl":"http:\/\/escaudacienne.fr\/esc\/wp-content\/uploads\/sites\/2\/2020\/12\/GSV1000x300.jpg","width":1000,"height":300},{"@type":"BreadcrumbList","@id":"http:\/\/escaudacienne.fr\/esc\/partenaires\/gsv\/#breadcrumb","itemListElement":[{"@type":"ListItem","position":1,"name":"Accueil","item":"http:\/\/escaudacienne.fr\/esc\/"},{"@type":"ListItem","position":2,"name":"PARTENAIRES","item":"https:\/\/escaudacienne.fr\/esc\/partenaires\/"},{"@type":"ListItem","position":3,"name":"GSV"}]},{"@type":"WebSite","@id":"http:\/\/escaudacienne.fr\/esc\/#website","url":"http:\/\/escaudacienne.fr\/esc\/","name":"ESC - Entente Sportive Caudacienne\u00ae","description":"Faire du Sport \u00e0 La Queue-en-Brie... c&#039;est facile avec l&#039;E.S.C.\u00ae !","publisher":{"@id":"http:\/\/escaudacienne.fr\/esc\/#organization"},"potentialAction":[{"@type":"SearchAction","target":{"@type":"EntryPoint","urlTemplate":"http:\/\/escaudacienne.fr\/esc\/?s={search_term_string}"},"query-input":{"@type":"PropertyValueSpecification","valueRequired":true,"valueName":"search_term_string"}}],"inLanguage":"fr-FR"},{"@type":"Organization","@id":"http:\/\/escaudacienne.fr\/esc\/#organization","name":"E.S.C.\u00ae - Entente Sportive Caudacienne\u00ae","url":"http:\/\/escaudacienne.fr\/esc\/","logo":{"@type":"ImageObject","inLanguage":"fr-FR","@id":"http:\/\/escaudacienne.fr\/esc\/#\/schema\/logo\/image\/","url":"https:\/\/escaudacienne.fr\/esc\/wp-content\/uploads\/sites\/2\/2021\/01\/Logo-ESC\u00ae-Rouge-Blanc-1968-5x5-1.png","contentUrl":"https:\/\/escaudacienne.fr\/esc\/wp-content\/uploads\/sites\/2\/2021\/01\/Logo-ESC\u00ae-Rouge-Blanc-1968-5x5-1.png","width":591,"height":591,"caption":"E.S.C.\u00ae - Entente Sportive Caudacienne\u00ae"},"image":{"@id":"http:\/\/escaudacienne.fr\/esc\/#\/schema\/logo\/image\/"},"sameAs":["https:\/\/www.facebook.com\/ententesportivecaudacienne"]}]}},"_links":{"self":[{"href":"http:\/\/escaudacienne.fr\/esc\/wp-json\/wp\/v2\/pages\/7603","targetHints":{"allow":["GET"]}}],"collection":[{"href":"http:\/\/escaudacienne.fr\/esc\/wp-json\/wp\/v2\/pages"}],"about":[{"href":"http:\/\/escaudacienne.fr\/esc\/wp-json\/wp\/v2\/types\/page"}],"author":[{"embeddable":true,"href":"http:\/\/escaudacienne.fr\/esc\/wp-json\/wp\/v2\/users\/1970"}],"replies":[{"embeddable":true,"href":"http:\/\/escaudacienne.fr\/esc\/wp-json\/wp\/v2\/comments?post=7603"}],"version-history":[{"count":6,"href":"http:\/\/escaudacienne.fr\/esc\/wp-json\/wp\/v2\/pages\/7603\/revisions"}],"predecessor-version":[{"id":7613,"href":"http:\/\/escaudacienne.fr\/esc\/wp-json\/wp\/v2\/pages\/7603\/revisions\/7613"}],"up":[{"embeddable":true,"href":"http:\/\/escaudacienne.fr\/esc\/wp-json\/wp\/v2\/pages\/377"}],"wp:featuredmedia":[{"embeddable":true,"href":"http:\/\/escaudacienne.fr\/esc\/wp-json\/wp\/v2\/media\/7602"}],"wp:attachment":[{"href":"http:\/\/escaudacienne.fr\/esc\/wp-json\/wp\/v2\/media?parent=7603"}],"curies":[{"name":"wp","href":"https:\/\/api.w.org\/{rel}","templated":true}]}}