{"id":10031,"date":"2021-05-04T14:42:50","date_gmt":"2021-05-04T12:42:50","guid":{"rendered":"http:\/\/escaudacienne.fr\/esc\/?page_id=10031"},"modified":"2024-04-19T13:24:29","modified_gmt":"2024-04-19T11:24:29","slug":"espace-adherent","status":"publish","type":"page","link":"https:\/\/escaudacienne.fr\/esc\/accueil\/espace-adherent\/","title":{"rendered":"Espace Adh\u00e9rent"},"content":{"rendered":"\n<div class=\"container section-title-container\" ><h3 class=\"section-title section-title-center\"><b><\/b><span class=\"section-title-main\" >Espace Adh\u00e9rent<\/span><b><\/b><\/h3><\/div>\n\n\t<section class=\"section\" id=\"section_730526421\">\n\t\t<div class=\"bg section-bg fill bg-fill  bg-loaded\" >\n\n\t\t\t\n\t\t\t<div class=\"section-bg-overlay absolute fill\"><\/div>\n\t\t\t\n\n\t\t<\/div>\n\n\t\t<div class=\"section-content relative\">\n\t\t\t\n\n<div class=\"row row-large align-center\"  id=\"row-426935314\">\n\n\n\t<div id=\"col-434460322\" class=\"col medium-8 small-12 large-8\"  >\n\t\t<div class=\"col-inner text-right\"  >\n\t\t\t\n\t\t\t\n\n<p style=\"text-align: center\"><a href=\"https:\/\/www.e-clubs.fr\/clubsEsc\/?sectionId=ESC\" target=\"_blank\" rel=\"noopener\"><span style=\"color: #0000ff\"><strong>Cr\u00e9ez votre \u00ab\u00a0Espace Adh\u00e9rent\u00a0\u00bb pour :<\/strong><\/span><\/a><\/p>\n<p style=\"text-align: center\">&#8211; ajouter vos documents (photo, certificats m\u00e9dicaux, avis de non-imposition&#8230;)<\/p>\n<p style=\"text-align: center\">&#8211; r\u00e9cup\u00e9rer votre Carte Adh\u00e9rent afin de la pr\u00e9senter aupr\u00e8s des <span style=\"color: #3366ff\"><em><a style=\"color: #3366ff\" href=\"https:\/\/escaudacienne.fr\/esc\/partenaires\/\" target=\"_blank\" rel=\"noopener\">partenaires du club<\/a>\u00a0<\/em><\/span>et b\u00e9n\u00e9ficier de vos avantages ESC\u00ae<\/p>\n<p style=\"text-align: center\">&#8211; y regrouper les membres de votre famille inscrits \u00e0 l&rsquo;ESC\u00ae<\/p>\n<p style=\"text-align: center\">\u00a0<\/p>\n<p>\u00a0<\/p>\n<p>\u00a0<\/p>\n<p style=\"text-align: center\"><a href=\"https:\/\/www.e-clubs.fr\/clubs\/\" target=\"_blank\" rel=\"noopener\"><span style=\"color: #0000ff\"><strong>Vous avez d\u00e9j\u00e0 cr\u00e9er votre compte ?<\/strong><\/span><\/a><\/p>\n<p style=\"text-align: center\">Acc\u00e9dez-y directement en cliquant sur l&rsquo;image du bas.\u00a0<\/p>\n\n\t\t<\/div>\n\t\t\t<\/div>\n\n\t\n\n\t<div id=\"col-1199386371\" class=\"col medium-4 small-12 large-4\"  >\n\t\t<div class=\"col-inner\"  >\n\t\t\t\n\t\t\t\n\n\t<div class=\"img has-hover x md-x lg-x y md-y lg-y\" id=\"image_2066927418\">\n\t\t<a class=\"\" href=\"https:\/\/www.e-clubs.fr\/clubs\/\" target=\"_blank\" rel=\"noopener noreferrer\" >\t\t\t\t\t\t<div class=\"img-inner image-zoom dark\" >\n\t\t\t<img loading=\"lazy\" decoding=\"async\" width=\"864\" height=\"800\" src=\"https:\/\/escaudacienne.fr\/esc\/wp-content\/uploads\/sites\/2\/2021\/09\/Accueil-Adherent-1-864x800.jpg\" class=\"attachment-large size-large\" alt=\"\" srcset=\"https:\/\/escaudacienne.fr\/esc\/wp-content\/uploads\/sites\/2\/2021\/09\/Accueil-Adherent-1-864x800.jpg 864w, https:\/\/escaudacienne.fr\/esc\/wp-content\/uploads\/sites\/2\/2021\/09\/Accueil-Adherent-1-432x400.jpg 432w, https:\/\/escaudacienne.fr\/esc\/wp-content\/uploads\/sites\/2\/2021\/09\/Accueil-Adherent-1-768x711.jpg 768w, https:\/\/escaudacienne.fr\/esc\/wp-content\/uploads\/sites\/2\/2021\/09\/Accueil-Adherent-1-510x472.jpg 510w, https:\/\/escaudacienne.fr\/esc\/wp-content\/uploads\/sites\/2\/2021\/09\/Accueil-Adherent-1.jpg 1011w\" sizes=\"auto, (max-width: 864px) 100vw, 864px\" \/>\t\t\t\t\t\t\n\t\t\t\t\t<\/div>\n\t\t\t\t\t\t<\/a>\t\t\n<style>\n#image_2066927418 {\n  width: 100%;\n}\n<\/style>\n\t<\/div>\n\t\n\n\t<div class=\"img has-hover x md-x lg-x y md-y lg-y\" id=\"image_797314198\">\n\t\t<a class=\"\" href=\"https:\/\/www.e-clubs.fr\/clubs\/\" target=\"_blank\" rel=\"noopener noreferrer\" >\t\t\t\t\t\t<div class=\"img-inner image-zoom dark\" >\n\t\t\t<img loading=\"lazy\" decoding=\"async\" width=\"864\" height=\"800\" src=\"https:\/\/escaudacienne.fr\/esc\/wp-content\/uploads\/sites\/2\/2021\/09\/Connexion-864x800.jpg\" class=\"attachment-large size-large\" alt=\"\" srcset=\"https:\/\/escaudacienne.fr\/esc\/wp-content\/uploads\/sites\/2\/2021\/09\/Connexion-864x800.jpg 864w, https:\/\/escaudacienne.fr\/esc\/wp-content\/uploads\/sites\/2\/2021\/09\/Connexion-432x400.jpg 432w, https:\/\/escaudacienne.fr\/esc\/wp-content\/uploads\/sites\/2\/2021\/09\/Connexion-768x711.jpg 768w, https:\/\/escaudacienne.fr\/esc\/wp-content\/uploads\/sites\/2\/2021\/09\/Connexion-510x472.jpg 510w, https:\/\/escaudacienne.fr\/esc\/wp-content\/uploads\/sites\/2\/2021\/09\/Connexion.jpg 1011w\" sizes=\"auto, (max-width: 864px) 100vw, 864px\" \/>\t\t\t\t\t\t\n\t\t\t\t\t<\/div>\n\t\t\t\t\t\t<\/a>\t\t\n<style>\n#image_797314198 {\n  width: 100%;\n}\n<\/style>\n\t<\/div>\n\t\n\n\n\t\t<\/div>\n\t\t\t<\/div>\n\n\t\n\n<\/div>\n\n\t\t<\/div>\n\n\t\t\n<style>\n#section_730526421 {\n  padding-top: 30px;\n  padding-bottom: 30px;\n  background-color: rgb(193, 193, 193);\n}\n#section_730526421 .section-bg-overlay {\n  background-color: rgba(255, 255, 255, 0.85);\n}\n<\/style>\n\t<\/section>\n\t\n\t<div id=\"gap-407197097\" class=\"gap-element clearfix\" style=\"display:block; height:auto;\">\n\t\t\n<style>\n#gap-407197097 {\n  padding-top: 30px;\n}\n<\/style>\n\t<\/div>\n\t\n\n<div class=\"container section-title-container\" ><h4 class=\"section-title section-title-center\"><b><\/b><span class=\"section-title-main\" >Documents explicatifs mis \u00e0 votre disposition<\/span><b><\/b><\/h4><\/div>\n\n<div class=\"row\"  id=\"row-304608505\">\n\n\n\t<div id=\"col-643129247\" class=\"col medium-3 small-12 large-3\"  >\n\t\t<div class=\"col-inner\"  >\n\t\t\t\n\t\t\t\n\n<a rel=\"noopener noreferrer\" href=\"http:\/\/escaudacienne.fr\/esc\/wp-content\/uploads\/sites\/2\/2022\/09\/Note-adherent-pour-pieces-justificatives.pdf\" target=\"_blank\" class=\"button primary is-outline is-xxsmall expand\"  >\n    <span>NOTICE PIECES JUSTIFICATIVES<\/span>\n  <\/a>\n\n\n\t<div class=\"img has-hover x md-x lg-x y md-y lg-y\" id=\"image_1630763781\">\n\t\t<a class=\"\" href=\"http:\/\/escaudacienne.fr\/esc\/wp-content\/uploads\/sites\/2\/2022\/09\/Note-adherent-pour-pieces-justificatives.pdf\" target=\"_blank\" rel=\"noopener noreferrer\" >\t\t\t\t\t\t<div class=\"img-inner dark\" >\n\t\t\t<img loading=\"lazy\" decoding=\"async\" width=\"566\" height=\"800\" src=\"https:\/\/escaudacienne.fr\/esc\/wp-content\/uploads\/sites\/2\/2022\/09\/Note-adherent-pour-pieces-justificatives-566x800.jpg\" class=\"attachment-large size-large\" alt=\"\" srcset=\"https:\/\/escaudacienne.fr\/esc\/wp-content\/uploads\/sites\/2\/2022\/09\/Note-adherent-pour-pieces-justificatives-566x800.jpg 566w, https:\/\/escaudacienne.fr\/esc\/wp-content\/uploads\/sites\/2\/2022\/09\/Note-adherent-pour-pieces-justificatives-283x400.jpg 283w, https:\/\/escaudacienne.fr\/esc\/wp-content\/uploads\/sites\/2\/2022\/09\/Note-adherent-pour-pieces-justificatives-768x1086.jpg 768w, https:\/\/escaudacienne.fr\/esc\/wp-content\/uploads\/sites\/2\/2022\/09\/Note-adherent-pour-pieces-justificatives-510x721.jpg 510w, https:\/\/escaudacienne.fr\/esc\/wp-content\/uploads\/sites\/2\/2022\/09\/Note-adherent-pour-pieces-justificatives.jpg 794w\" sizes=\"auto, (max-width: 566px) 100vw, 566px\" \/>\t\t\t\t\t\t\n\t\t\t\t\t<\/div>\n\t\t\t\t\t\t<\/a>\t\t\n<style>\n#image_1630763781 {\n  width: 100%;\n}\n<\/style>\n\t<\/div>\n\t\n\n\n\t\t<\/div>\n\t\t\t<\/div>\n\n\t\n\n\t<div id=\"col-2096275186\" class=\"col medium-3 small-6 large-3\"  >\n\t\t<div class=\"col-inner\"  >\n\t\t\t\n\t\t\t\n\n<a href=\"https:\/\/escaudacienne.fr\/esc\/wp-content\/uploads\/sites\/2\/2022\/09\/Obligations-Adherentes-ESC-2022-2023-scaled.jpg\" target=\"_self\" class=\"button primary is-outline is-xxsmall expand\"  >\n    <span>Obligations de l'Adh\u00e9rent(e)<\/span>\n  <\/a>\n\n\n\t<div class=\"img has-hover x md-x lg-x y md-y lg-y\" id=\"image_1879557023\">\n\t\t<a class=\"\" href=\"https:\/\/escaudacienne.fr\/esc\/wp-content\/uploads\/sites\/2\/2022\/09\/Obligations-Adherentes-ESC-2022-2023-scaled.jpg\"  >\t\t\t\t\t\t<div class=\"img-inner dark\" >\n\t\t\t<img loading=\"lazy\" decoding=\"async\" width=\"572\" height=\"800\" src=\"https:\/\/escaudacienne.fr\/esc\/wp-content\/uploads\/sites\/2\/2022\/09\/Obligations-Adherentes-ESC-2022-2023-572x800.jpg\" class=\"attachment-large size-large\" alt=\"\" srcset=\"https:\/\/escaudacienne.fr\/esc\/wp-content\/uploads\/sites\/2\/2022\/09\/Obligations-Adherentes-ESC-2022-2023-572x800.jpg 572w, https:\/\/escaudacienne.fr\/esc\/wp-content\/uploads\/sites\/2\/2022\/09\/Obligations-Adherentes-ESC-2022-2023-286x400.jpg 286w, https:\/\/escaudacienne.fr\/esc\/wp-content\/uploads\/sites\/2\/2022\/09\/Obligations-Adherentes-ESC-2022-2023-768x1074.jpg 768w, https:\/\/escaudacienne.fr\/esc\/wp-content\/uploads\/sites\/2\/2022\/09\/Obligations-Adherentes-ESC-2022-2023-1099x1536.jpg 1099w, https:\/\/escaudacienne.fr\/esc\/wp-content\/uploads\/sites\/2\/2022\/09\/Obligations-Adherentes-ESC-2022-2023-1465x2048.jpg 1465w, https:\/\/escaudacienne.fr\/esc\/wp-content\/uploads\/sites\/2\/2022\/09\/Obligations-Adherentes-ESC-2022-2023-510x713.jpg 510w, https:\/\/escaudacienne.fr\/esc\/wp-content\/uploads\/sites\/2\/2022\/09\/Obligations-Adherentes-ESC-2022-2023-scaled.jpg 1831w\" sizes=\"auto, (max-width: 572px) 100vw, 572px\" \/>\t\t\t\t\t\t\n\t\t\t\t\t<\/div>\n\t\t\t\t\t\t<\/a>\t\t\n<style>\n#image_1879557023 {\n  width: 100%;\n}\n<\/style>\n\t<\/div>\n\t\n\n\n\t\t<\/div>\n\t\t\t<\/div>\n\n\t\n\n\t<div id=\"col-1486243479\" class=\"col medium-3 small-6 large-3\"  >\n\t\t<div class=\"col-inner\"  >\n\t\t\t\n\t\t\t\n\n<a href=\"https:\/\/escaudacienne.fr\/esc\/wp-content\/uploads\/sites\/2\/2022\/09\/Explication-certificat-medical.jpg\" target=\"_self\" class=\"button primary is-outline is-xxsmall expand\"  >\n    <span>Certificat M\u00e9dical ou Questionnaire ?<\/span>\n  <\/a>\n\n\n\t<div class=\"img has-hover x md-x lg-x y md-y lg-y\" id=\"image_1550111470\">\n\t\t<a class=\"\" href=\"https:\/\/escaudacienne.fr\/esc\/wp-content\/uploads\/sites\/2\/2022\/09\/Explication-certificat-medical.jpg\"  >\t\t\t\t\t\t<div class=\"img-inner dark\" >\n\t\t\t<img loading=\"lazy\" decoding=\"async\" width=\"566\" height=\"800\" src=\"https:\/\/escaudacienne.fr\/esc\/wp-content\/uploads\/sites\/2\/2022\/09\/Explication-certificat-medical-566x800.jpg\" class=\"attachment-large size-large\" alt=\"\" srcset=\"https:\/\/escaudacienne.fr\/esc\/wp-content\/uploads\/sites\/2\/2022\/09\/Explication-certificat-medical-566x800.jpg 566w, https:\/\/escaudacienne.fr\/esc\/wp-content\/uploads\/sites\/2\/2022\/09\/Explication-certificat-medical-283x400.jpg 283w, https:\/\/escaudacienne.fr\/esc\/wp-content\/uploads\/sites\/2\/2022\/09\/Explication-certificat-medical-768x1085.jpg 768w, https:\/\/escaudacienne.fr\/esc\/wp-content\/uploads\/sites\/2\/2022\/09\/Explication-certificat-medical-1087x1536.jpg 1087w, https:\/\/escaudacienne.fr\/esc\/wp-content\/uploads\/sites\/2\/2022\/09\/Explication-certificat-medical-510x721.jpg 510w, https:\/\/escaudacienne.fr\/esc\/wp-content\/uploads\/sites\/2\/2022\/09\/Explication-certificat-medical.jpg 1241w\" sizes=\"auto, (max-width: 566px) 100vw, 566px\" \/>\t\t\t\t\t\t\n\t\t\t\t\t<\/div>\n\t\t\t\t\t\t<\/a>\t\t\n<style>\n#image_1550111470 {\n  width: 100%;\n}\n<\/style>\n\t<\/div>\n\t\n\n\n\t\t<\/div>\n\t\t\t<\/div>\n\n\t\n\n\t<div id=\"col-1237737886\" class=\"col medium-3 small-6 large-3\"  >\n\t\t<div class=\"col-inner\"  >\n\t\t\t\n\t\t\t\n\n<a href=\"https:\/\/escaudacienne.fr\/esc\/wp-content\/uploads\/sites\/2\/2022\/09\/CERFA-15699-QS.jpg\" target=\"_self\" class=\"button primary is-outline is-xxsmall expand\"  >\n    <span>Questionnaire de Sant\u00e9<\/span>\n  <\/a>\n\n\n\t<div class=\"img has-hover x md-x lg-x y md-y lg-y\" id=\"image_377418646\">\n\t\t<a class=\"\" href=\"https:\/\/escaudacienne.fr\/esc\/wp-content\/uploads\/sites\/2\/2022\/09\/CERFA-15699-QS.jpg\"  >\t\t\t\t\t\t<div class=\"img-inner dark\" >\n\t\t\t<img loading=\"lazy\" decoding=\"async\" width=\"566\" height=\"800\" src=\"https:\/\/escaudacienne.fr\/esc\/wp-content\/uploads\/sites\/2\/2023\/06\/cerfa_15699-01-Questionnaire-de-Sante-566x800.jpg\" class=\"attachment-large size-large\" alt=\"\" srcset=\"https:\/\/escaudacienne.fr\/esc\/wp-content\/uploads\/sites\/2\/2023\/06\/cerfa_15699-01-Questionnaire-de-Sante-566x800.jpg 566w, https:\/\/escaudacienne.fr\/esc\/wp-content\/uploads\/sites\/2\/2023\/06\/cerfa_15699-01-Questionnaire-de-Sante-283x400.jpg 283w, https:\/\/escaudacienne.fr\/esc\/wp-content\/uploads\/sites\/2\/2023\/06\/cerfa_15699-01-Questionnaire-de-Sante-768x1086.jpg 768w, https:\/\/escaudacienne.fr\/esc\/wp-content\/uploads\/sites\/2\/2023\/06\/cerfa_15699-01-Questionnaire-de-Sante-1086x1536.jpg 1086w, https:\/\/escaudacienne.fr\/esc\/wp-content\/uploads\/sites\/2\/2023\/06\/cerfa_15699-01-Questionnaire-de-Sante-1448x2048.jpg 1448w, https:\/\/escaudacienne.fr\/esc\/wp-content\/uploads\/sites\/2\/2023\/06\/cerfa_15699-01-Questionnaire-de-Sante-510x721.jpg 510w, https:\/\/escaudacienne.fr\/esc\/wp-content\/uploads\/sites\/2\/2023\/06\/cerfa_15699-01-Questionnaire-de-Sante-scaled.jpg 1810w\" sizes=\"auto, (max-width: 566px) 100vw, 566px\" \/>\t\t\t\t\t\t\n\t\t\t\t\t<\/div>\n\t\t\t\t\t\t<\/a>\t\t\n<style>\n#image_377418646 {\n  width: 100%;\n}\n<\/style>\n\t<\/div>\n\t\n\n\n\t\t<\/div>\n\t\t\t<\/div>\n\n\t\n\n<\/div>\n<div class=\"row align-center\"  id=\"row-205682048\">\n\n\n\t<div id=\"col-1100379468\" class=\"col medium-3 small-12 large-3\"  >\n\t\t<div class=\"col-inner\"  >\n\t\t\t\n\t\t\t\n\n<a rel=\"noopener noreferrer\" href=\"http:\/\/escaudacienne.fr\/esc\/wp-content\/uploads\/sites\/2\/2024\/03\/Questionnaire-de-sante-Mineur.pdf\" target=\"_blank\" class=\"button primary is-outline is-xxsmall expand\"  >\n    <span>QUESTIONNAIRE DE SANTE MINEUR<\/span>\n  <\/a>\n\n\n\t<div class=\"img has-hover x md-x lg-x y md-y lg-y\" id=\"image_234696685\">\n\t\t<a class=\"\" href=\"http:\/\/escaudacienne.fr\/esc\/wp-content\/uploads\/sites\/2\/2024\/03\/Questionnaire-de-sante-Mineur.pdf\" target=\"_blank\" rel=\"noopener noreferrer\" >\t\t\t\t\t\t<div class=\"img-inner dark\" >\n\t\t\t<img loading=\"lazy\" decoding=\"async\" width=\"554\" height=\"800\" src=\"https:\/\/escaudacienne.fr\/esc\/wp-content\/uploads\/sites\/2\/2024\/04\/Questionnaire-de-sante-Mineur-1-554x800.jpg\" class=\"attachment-large size-large\" alt=\"\" srcset=\"https:\/\/escaudacienne.fr\/esc\/wp-content\/uploads\/sites\/2\/2024\/04\/Questionnaire-de-sante-Mineur-1-554x800.jpg 554w, https:\/\/escaudacienne.fr\/esc\/wp-content\/uploads\/sites\/2\/2024\/04\/Questionnaire-de-sante-Mineur-1-277x400.jpg 277w, https:\/\/escaudacienne.fr\/esc\/wp-content\/uploads\/sites\/2\/2024\/04\/Questionnaire-de-sante-Mineur-1-768x1109.jpg 768w, https:\/\/escaudacienne.fr\/esc\/wp-content\/uploads\/sites\/2\/2024\/04\/Questionnaire-de-sante-Mineur-1-510x736.jpg 510w, https:\/\/escaudacienne.fr\/esc\/wp-content\/uploads\/sites\/2\/2024\/04\/Questionnaire-de-sante-Mineur-1.jpg 818w\" sizes=\"auto, (max-width: 554px) 100vw, 554px\" \/>\t\t\t\t\t\t\n\t\t\t\t\t<\/div>\n\t\t\t\t\t\t<\/a>\t\t\n<style>\n#image_234696685 {\n  width: 100%;\n}\n<\/style>\n\t<\/div>\n\t\n\n\n\t\t<\/div>\n\t\t\t<\/div>\n\n\t\n\n\t<div id=\"col-1747774071\" class=\"col medium-3 small-6 large-3\"  >\n\t\t<div class=\"col-inner\"  >\n\t\t\t\n\t\t\t\n\n<a rel=\"noopener noreferrer\" href=\"http:\/\/escaudacienne.fr\/esc\/wp-content\/uploads\/sites\/2\/2022\/09\/RGPD-2022.pdf\" target=\"_blank\" class=\"button primary is-outline is-xxsmall expand\"  >\n    <span>RGPD<\/span>\n  <\/a>\n\n\n\t<div class=\"img has-hover x md-x lg-x y md-y lg-y\" id=\"image_561839811\">\n\t\t<a class=\"\" href=\"http:\/\/escaudacienne.fr\/esc\/wp-content\/uploads\/sites\/2\/2022\/09\/RGPD-2022.pdf\" target=\"_blank\" rel=\"noopener noreferrer\" >\t\t\t\t\t\t<div class=\"img-inner dark\" >\n\t\t\t<img loading=\"lazy\" decoding=\"async\" width=\"572\" height=\"800\" src=\"https:\/\/escaudacienne.fr\/esc\/wp-content\/uploads\/sites\/2\/2022\/09\/RGPD-ESC-2022-572x800.jpg\" class=\"attachment-large size-large\" alt=\"\" srcset=\"https:\/\/escaudacienne.fr\/esc\/wp-content\/uploads\/sites\/2\/2022\/09\/RGPD-ESC-2022-572x800.jpg 572w, https:\/\/escaudacienne.fr\/esc\/wp-content\/uploads\/sites\/2\/2022\/09\/RGPD-ESC-2022-286x400.jpg 286w, https:\/\/escaudacienne.fr\/esc\/wp-content\/uploads\/sites\/2\/2022\/09\/RGPD-ESC-2022-768x1074.jpg 768w, https:\/\/escaudacienne.fr\/esc\/wp-content\/uploads\/sites\/2\/2022\/09\/RGPD-ESC-2022-1099x1536.jpg 1099w, https:\/\/escaudacienne.fr\/esc\/wp-content\/uploads\/sites\/2\/2022\/09\/RGPD-ESC-2022-1465x2048.jpg 1465w, https:\/\/escaudacienne.fr\/esc\/wp-content\/uploads\/sites\/2\/2022\/09\/RGPD-ESC-2022-510x713.jpg 510w, https:\/\/escaudacienne.fr\/esc\/wp-content\/uploads\/sites\/2\/2022\/09\/RGPD-ESC-2022-scaled.jpg 1831w\" sizes=\"auto, (max-width: 572px) 100vw, 572px\" \/>\t\t\t\t\t\t\n\t\t\t\t\t<\/div>\n\t\t\t\t\t\t<\/a>\t\t\n<style>\n#image_561839811 {\n  width: 100%;\n}\n<\/style>\n\t<\/div>\n\t\n\n\n\t\t<\/div>\n\t\t\t<\/div>\n\n\t\n\n\t<div id=\"col-411165787\" class=\"col medium-3 small-12 large-3\"  >\n\t\t<div class=\"col-inner\"  >\n\t\t\t\n\t\t\t\n\n<a rel=\"noopener noreferrer\" href=\"https:\/\/escaudacienne.fr\/esc\/wp-content\/uploads\/sites\/2\/2022\/09\/ESC-Cotisation-Statutaire-2021-2.pdf\" target=\"_blank\" class=\"button primary is-outline is-xxsmall expand\"  >\n    <span>Cotisation Statutaire ESC<\/span>\n  <\/a>\n\n\n\t<div class=\"img has-hover x md-x lg-x y md-y lg-y\" id=\"image_2007581611\">\n\t\t<a class=\"\" href=\"http:\/\/escaudacienne.fr\/esc\/wp-content\/uploads\/sites\/2\/2022\/09\/ESC-cotisation-statutaire-2022.pdf\" target=\"_blank\" rel=\"noopener noreferrer\" >\t\t\t\t\t\t<div class=\"img-inner dark\" >\n\t\t\t<img loading=\"lazy\" decoding=\"async\" width=\"546\" height=\"756\" src=\"https:\/\/escaudacienne.fr\/esc\/wp-content\/uploads\/sites\/2\/2022\/06\/ESC-cotisation-statutaire-2022.png\" class=\"attachment-large size-large\" alt=\"\" srcset=\"https:\/\/escaudacienne.fr\/esc\/wp-content\/uploads\/sites\/2\/2022\/06\/ESC-cotisation-statutaire-2022.png 546w, https:\/\/escaudacienne.fr\/esc\/wp-content\/uploads\/sites\/2\/2022\/06\/ESC-cotisation-statutaire-2022-289x400.png 289w, https:\/\/escaudacienne.fr\/esc\/wp-content\/uploads\/sites\/2\/2022\/06\/ESC-cotisation-statutaire-2022-510x706.png 510w\" sizes=\"auto, (max-width: 546px) 100vw, 546px\" \/>\t\t\t\t\t\t\n\t\t\t\t\t<\/div>\n\t\t\t\t\t\t<\/a>\t\t\n<style>\n#image_2007581611 {\n  width: 100%;\n}\n<\/style>\n\t<\/div>\n\t\n\n\n\t\t<\/div>\n\t\t\t<\/div>\n\n\t\n\n<\/div>\n\n","protected":false},"excerpt":{"rendered":"","protected":false},"author":1970,"featured_media":0,"parent":87,"menu_order":4,"comment_status":"closed","ping_status":"closed","template":"","meta":{"footnotes":""},"class_list":["post-10031","page","type-page","status-publish","hentry"],"yoast_head":"<!-- This site is optimized with the Yoast SEO Premium plugin v18.2.1 (Yoast SEO v24.9) - https:\/\/yoast.com\/wordpress\/plugins\/seo\/ -->\n<title>Espace Adh\u00e9rent - ESC - Entente Sportive Caudacienne\u00ae<\/title>\n<meta name=\"robots\" content=\"index, follow, max-snippet:-1, max-image-preview:large, max-video-preview:-1\" \/>\n<link rel=\"canonical\" href=\"https:\/\/escaudacienne.fr\/esc\/accueil\/espace-adherent\/\" \/>\n<meta property=\"og:locale\" content=\"fr_FR\" \/>\n<meta property=\"og:type\" content=\"article\" \/>\n<meta property=\"og:title\" content=\"Espace Adh\u00e9rent\" \/>\n<meta property=\"og:url\" content=\"https:\/\/escaudacienne.fr\/esc\/accueil\/espace-adherent\/\" \/>\n<meta property=\"og:site_name\" content=\"ESC - Entente Sportive Caudacienne\u00ae\" \/>\n<meta property=\"article:publisher\" content=\"https:\/\/www.facebook.com\/ententesportivecaudacienne\" \/>\n<meta property=\"article:modified_time\" content=\"2024-04-19T11:24:29+00:00\" \/>\n<meta name=\"twitter:card\" content=\"summary_large_image\" \/>\n<meta name=\"twitter:label1\" content=\"Dur\u00e9e de lecture estim\u00e9e\" \/>\n\t<meta name=\"twitter:data1\" content=\"2 minutes\" \/>\n<script type=\"application\/ld+json\" class=\"yoast-schema-graph\">{\"@context\":\"https:\/\/schema.org\",\"@graph\":[{\"@type\":\"WebPage\",\"@id\":\"https:\/\/escaudacienne.fr\/esc\/accueil\/espace-adherent\/\",\"url\":\"https:\/\/escaudacienne.fr\/esc\/accueil\/espace-adherent\/\",\"name\":\"Espace Adh\u00e9rent - ESC - Entente Sportive Caudacienne\u00ae\",\"isPartOf\":{\"@id\":\"https:\/\/escaudacienne.fr\/esc\/#website\"},\"datePublished\":\"2021-05-04T12:42:50+00:00\",\"dateModified\":\"2024-04-19T11:24:29+00:00\",\"breadcrumb\":{\"@id\":\"https:\/\/escaudacienne.fr\/esc\/accueil\/espace-adherent\/#breadcrumb\"},\"inLanguage\":\"fr-FR\",\"potentialAction\":[{\"@type\":\"ReadAction\",\"target\":[\"https:\/\/escaudacienne.fr\/esc\/accueil\/espace-adherent\/\"]}]},{\"@type\":\"BreadcrumbList\",\"@id\":\"https:\/\/escaudacienne.fr\/esc\/accueil\/espace-adherent\/#breadcrumb\",\"itemListElement\":[{\"@type\":\"ListItem\",\"position\":1,\"name\":\"Accueil\",\"item\":\"https:\/\/escaudacienne.fr\/esc\/\"},{\"@type\":\"ListItem\",\"position\":2,\"name\":\"Accueil ESC Sport La Queue-en-Brie\",\"item\":\"https:\/\/escaudacienne.fr\/esc\/\"},{\"@type\":\"ListItem\",\"position\":3,\"name\":\"Espace Adh\u00e9rent\"}]},{\"@type\":\"WebSite\",\"@id\":\"https:\/\/escaudacienne.fr\/esc\/#website\",\"url\":\"https:\/\/escaudacienne.fr\/esc\/\",\"name\":\"ESC - Entente Sportive Caudacienne\u00ae\",\"description\":\"Faire du Sport \u00e0 La Queue-en-Brie... c&#039;est facile avec l&#039;E.S.C.\u00ae !\",\"publisher\":{\"@id\":\"https:\/\/escaudacienne.fr\/esc\/#organization\"},\"potentialAction\":[{\"@type\":\"SearchAction\",\"target\":{\"@type\":\"EntryPoint\",\"urlTemplate\":\"https:\/\/escaudacienne.fr\/esc\/?s={search_term_string}\"},\"query-input\":{\"@type\":\"PropertyValueSpecification\",\"valueRequired\":true,\"valueName\":\"search_term_string\"}}],\"inLanguage\":\"fr-FR\"},{\"@type\":\"Organization\",\"@id\":\"https:\/\/escaudacienne.fr\/esc\/#organization\",\"name\":\"E.S.C.\u00ae - Entente Sportive Caudacienne\u00ae\",\"url\":\"https:\/\/escaudacienne.fr\/esc\/\",\"logo\":{\"@type\":\"ImageObject\",\"inLanguage\":\"fr-FR\",\"@id\":\"https:\/\/escaudacienne.fr\/esc\/#\/schema\/logo\/image\/\",\"url\":\"https:\/\/escaudacienne.fr\/esc\/wp-content\/uploads\/sites\/2\/2021\/01\/Logo-ESC\u00ae-Rouge-Blanc-1968-5x5-1.png\",\"contentUrl\":\"https:\/\/escaudacienne.fr\/esc\/wp-content\/uploads\/sites\/2\/2021\/01\/Logo-ESC\u00ae-Rouge-Blanc-1968-5x5-1.png\",\"width\":591,\"height\":591,\"caption\":\"E.S.C.\u00ae - Entente Sportive Caudacienne\u00ae\"},\"image\":{\"@id\":\"https:\/\/escaudacienne.fr\/esc\/#\/schema\/logo\/image\/\"},\"sameAs\":[\"https:\/\/www.facebook.com\/ententesportivecaudacienne\"]}]}<\/script>\n<!-- \/ Yoast SEO Premium plugin. -->","yoast_head_json":{"title":"Espace Adh\u00e9rent - ESC - Entente Sportive Caudacienne\u00ae","robots":{"index":"index","follow":"follow","max-snippet":"max-snippet:-1","max-image-preview":"max-image-preview:large","max-video-preview":"max-video-preview:-1"},"canonical":"https:\/\/escaudacienne.fr\/esc\/accueil\/espace-adherent\/","og_locale":"fr_FR","og_type":"article","og_title":"Espace Adh\u00e9rent","og_url":"https:\/\/escaudacienne.fr\/esc\/accueil\/espace-adherent\/","og_site_name":"ESC - Entente Sportive Caudacienne\u00ae","article_publisher":"https:\/\/www.facebook.com\/ententesportivecaudacienne","article_modified_time":"2024-04-19T11:24:29+00:00","twitter_card":"summary_large_image","twitter_misc":{"Dur\u00e9e de lecture estim\u00e9e":"2 minutes"},"schema":{"@context":"https:\/\/schema.org","@graph":[{"@type":"WebPage","@id":"https:\/\/escaudacienne.fr\/esc\/accueil\/espace-adherent\/","url":"https:\/\/escaudacienne.fr\/esc\/accueil\/espace-adherent\/","name":"Espace Adh\u00e9rent - ESC - Entente Sportive Caudacienne\u00ae","isPartOf":{"@id":"https:\/\/escaudacienne.fr\/esc\/#website"},"datePublished":"2021-05-04T12:42:50+00:00","dateModified":"2024-04-19T11:24:29+00:00","breadcrumb":{"@id":"https:\/\/escaudacienne.fr\/esc\/accueil\/espace-adherent\/#breadcrumb"},"inLanguage":"fr-FR","potentialAction":[{"@type":"ReadAction","target":["https:\/\/escaudacienne.fr\/esc\/accueil\/espace-adherent\/"]}]},{"@type":"BreadcrumbList","@id":"https:\/\/escaudacienne.fr\/esc\/accueil\/espace-adherent\/#breadcrumb","itemListElement":[{"@type":"ListItem","position":1,"name":"Accueil","item":"https:\/\/escaudacienne.fr\/esc\/"},{"@type":"ListItem","position":2,"name":"Accueil ESC Sport La Queue-en-Brie","item":"https:\/\/escaudacienne.fr\/esc\/"},{"@type":"ListItem","position":3,"name":"Espace Adh\u00e9rent"}]},{"@type":"WebSite","@id":"https:\/\/escaudacienne.fr\/esc\/#website","url":"https:\/\/escaudacienne.fr\/esc\/","name":"ESC - Entente Sportive Caudacienne\u00ae","description":"Faire du Sport \u00e0 La Queue-en-Brie... c&#039;est facile avec l&#039;E.S.C.\u00ae !","publisher":{"@id":"https:\/\/escaudacienne.fr\/esc\/#organization"},"potentialAction":[{"@type":"SearchAction","target":{"@type":"EntryPoint","urlTemplate":"https:\/\/escaudacienne.fr\/esc\/?s={search_term_string}"},"query-input":{"@type":"PropertyValueSpecification","valueRequired":true,"valueName":"search_term_string"}}],"inLanguage":"fr-FR"},{"@type":"Organization","@id":"https:\/\/escaudacienne.fr\/esc\/#organization","name":"E.S.C.\u00ae - Entente Sportive Caudacienne\u00ae","url":"https:\/\/escaudacienne.fr\/esc\/","logo":{"@type":"ImageObject","inLanguage":"fr-FR","@id":"https:\/\/escaudacienne.fr\/esc\/#\/schema\/logo\/image\/","url":"https:\/\/escaudacienne.fr\/esc\/wp-content\/uploads\/sites\/2\/2021\/01\/Logo-ESC\u00ae-Rouge-Blanc-1968-5x5-1.png","contentUrl":"https:\/\/escaudacienne.fr\/esc\/wp-content\/uploads\/sites\/2\/2021\/01\/Logo-ESC\u00ae-Rouge-Blanc-1968-5x5-1.png","width":591,"height":591,"caption":"E.S.C.\u00ae - Entente Sportive Caudacienne\u00ae"},"image":{"@id":"https:\/\/escaudacienne.fr\/esc\/#\/schema\/logo\/image\/"},"sameAs":["https:\/\/www.facebook.com\/ententesportivecaudacienne"]}]}},"_links":{"self":[{"href":"https:\/\/escaudacienne.fr\/esc\/wp-json\/wp\/v2\/pages\/10031","targetHints":{"allow":["GET"]}}],"collection":[{"href":"https:\/\/escaudacienne.fr\/esc\/wp-json\/wp\/v2\/pages"}],"about":[{"href":"https:\/\/escaudacienne.fr\/esc\/wp-json\/wp\/v2\/types\/page"}],"author":[{"embeddable":true,"href":"https:\/\/escaudacienne.fr\/esc\/wp-json\/wp\/v2\/users\/1970"}],"replies":[{"embeddable":true,"href":"https:\/\/escaudacienne.fr\/esc\/wp-json\/wp\/v2\/comments?post=10031"}],"version-history":[{"count":41,"href":"https:\/\/escaudacienne.fr\/esc\/wp-json\/wp\/v2\/pages\/10031\/revisions"}],"predecessor-version":[{"id":24087,"href":"https:\/\/escaudacienne.fr\/esc\/wp-json\/wp\/v2\/pages\/10031\/revisions\/24087"}],"up":[{"embeddable":true,"href":"https:\/\/escaudacienne.fr\/esc\/wp-json\/wp\/v2\/pages\/87"}],"wp:attachment":[{"href":"https:\/\/escaudacienne.fr\/esc\/wp-json\/wp\/v2\/media?parent=10031"}],"curies":[{"name":"wp","href":"https:\/\/api.w.org\/{rel}","templated":true}]}}