{"id":10204,"date":"2021-05-12T19:40:15","date_gmt":"2021-05-12T17:40:15","guid":{"rendered":"http:\/\/escaudacienne.fr\/esc\/?page_id=10204"},"modified":"2022-10-05T08:45:03","modified_gmt":"2022-10-05T06:45:03","slug":"commande","status":"publish","type":"page","link":"https:\/\/escaudacienne.fr\/esc\/commande\/","title":{"rendered":"Commande"},"content":{"rendered":"\n<p style=\"text-align: center\"><span style=\"font-size: 80%\"><strong><span style=\"color: #e10b13\">Tous les produits command\u00e9s sont \u00e0 r\u00e9cup\u00e9rer en point-relais chez notre partenaire <a href=\"https:\/\/escaudacienne.fr\/esc\/partenaires\/franprix\/\" target=\"_blank\" rel=\"noopener\">Le March\u00e9 \/ Franprix<\/a>. Cliquez sur le <a href=\"https:\/\/escaudacienne.fr\/esc\/partenaires\/franprix\/\" target=\"_blank\" rel=\"noopener\">lien ci-dessous<\/a> pour voir les horaires d&rsquo;ouverture.<\/span><\/strong><\/span><\/p>\n<p style=\"text-align: center\"><span style=\"font-size: 80%\"><strong><span style=\"color: #e10b13\">Seuls les produits num\u00e9riques tels que les \u00ab\u00a0Tickets Tennis\u00a0\u00bb qui vous seront envoy\u00e9s par e-mail.<\/span><\/strong><\/span><\/p>\n<div class=\"row\"  id=\"row-2044774073\">\n\n\n\t<div id=\"col-202310448\" class=\"col medium-5 small-12 large-5\"  >\n\t\t<div class=\"col-inner\"  >\n\t\t\t\n\t\t\t\n\n\n\t\t<\/div>\n\t\t\t<\/div>\n\n\t\n\n\t<div id=\"col-1723499530\" class=\"col medium-2 small-12 large-2\"  >\n\t\t<div class=\"col-inner\"  >\n\t\t\t\n\t\t\t\n\n\t<div class=\"img has-hover x md-x lg-x y md-y lg-y\" id=\"image_1312909130\">\n\t\t<a class=\"\" href=\"https:\/\/escaudacienne.fr\/esc\/partenaires\/franprix\/\" target=\"_blank\" rel=\"noopener noreferrer\" >\t\t\t\t\t\t<div class=\"img-inner dark\" >\n\t\t\t<img loading=\"lazy\" decoding=\"async\" width=\"1020\" height=\"234\" src=\"https:\/\/escaudacienne.fr\/esc\/wp-content\/uploads\/sites\/2\/2022\/01\/Le-Marche-Mondial-Relay-1400x321.jpg\" class=\"attachment-large size-large\" alt=\"\" srcset=\"https:\/\/escaudacienne.fr\/esc\/wp-content\/uploads\/sites\/2\/2022\/01\/Le-Marche-Mondial-Relay-1400x321.jpg 1400w, https:\/\/escaudacienne.fr\/esc\/wp-content\/uploads\/sites\/2\/2022\/01\/Le-Marche-Mondial-Relay-800x184.jpg 800w, https:\/\/escaudacienne.fr\/esc\/wp-content\/uploads\/sites\/2\/2022\/01\/Le-Marche-Mondial-Relay-768x176.jpg 768w, https:\/\/escaudacienne.fr\/esc\/wp-content\/uploads\/sites\/2\/2022\/01\/Le-Marche-Mondial-Relay-1536x352.jpg 1536w, https:\/\/escaudacienne.fr\/esc\/wp-content\/uploads\/sites\/2\/2022\/01\/Le-Marche-Mondial-Relay-2048x470.jpg 2048w, https:\/\/escaudacienne.fr\/esc\/wp-content\/uploads\/sites\/2\/2022\/01\/Le-Marche-Mondial-Relay-510x117.jpg 510w\" sizes=\"auto, (max-width: 1020px) 100vw, 1020px\" \/>\t\t\t\t\t\t\n\t\t\t\t\t<\/div>\n\t\t\t\t\t\t<\/a>\t\t\n<style>\n#image_1312909130 {\n  width: 100%;\n}\n<\/style>\n\t<\/div>\n\t\n\n\n\t\t<\/div>\n\t\t\t<\/div>\n\n\t\n\n\t<div id=\"col-1840673826\" class=\"col medium-5 small-12 large-5\"  >\n\t\t<div class=\"col-inner\"  >\n\t\t\t\n\t\t\t\n\n\n\t\t<\/div>\n\t\t\t<\/div>\n\n\t\n\n<\/div>\n<p style=\"text-align: center\"><span style=\"font-size: 80%\"><strong><span style=\"color: #e10b13\">Vous serez avertis d\u00e8s que vos produits seront pr\u00eats. Plus d&rsquo;infos \u00e0 <a href=\"mailto:boutique@escaudacienne.fr\" target=\"_blank\" rel=\"noopener\">boutique@escaudacienne.fr<\/a><\/span><\/strong><\/span><\/p>\n<p style=\"text-align: center\"><span style=\"font-size: 80%\"><strong><span style=\"color: #e10b13\">Si vous avez choisi un article avec des flocages veillez nous dire dans l&rsquo;espace \u00ab\u00a0Commentaires\u00a0\u00bb en bas de la page qu&rsquo;elles sont ces personnalisations.<\/span><\/strong><\/span><\/p>\n[woocommerce_checkout]\n\n\n","protected":false},"excerpt":{"rendered":"<p>Tous les produits command\u00e9s sont \u00e0 r\u00e9cup\u00e9rer en point-relais chez notre partenaire Le March\u00e9 \/ Franprix. Cliquez sur le lien ci-dessous pour voir les horaires d&rsquo;ouverture. Seuls les produits num\u00e9riques tels que les \u00ab\u00a0Tickets Tennis\u00a0\u00bb qui vous seront envoy\u00e9s par e-mail. Vous serez avertis d\u00e8s que vos produits seront pr\u00eats. Plus d&rsquo;infos \u00e0 boutique@escaudacienne.fr Si [&#8230;]\n","protected":false},"author":6,"featured_media":0,"parent":0,"menu_order":0,"comment_status":"closed","ping_status":"closed","template":"","meta":{"footnotes":""},"class_list":["post-10204","page","type-page","status-publish","hentry"],"yoast_head":"<!-- This site is optimized with the Yoast SEO Premium plugin v18.2.1 (Yoast SEO v24.9) - https:\/\/yoast.com\/wordpress\/plugins\/seo\/ -->\n<title>Commande - ESC - Entente Sportive Caudacienne\u00ae<\/title>\n<meta name=\"robots\" content=\"index, follow, max-snippet:-1, max-image-preview:large, max-video-preview:-1\" \/>\n<link rel=\"canonical\" href=\"https:\/\/escaudacienne.fr\/esc\/commande\/\" \/>\n<meta property=\"og:locale\" content=\"fr_FR\" \/>\n<meta property=\"og:type\" content=\"article\" \/>\n<meta property=\"og:title\" content=\"Commande\" \/>\n<meta property=\"og:description\" content=\"Tous les produits command\u00e9s sont \u00e0 r\u00e9cup\u00e9rer en point-relais chez notre partenaire Le March\u00e9 \/ Franprix. Cliquez sur le lien ci-dessous pour voir les\" \/>\n<meta property=\"og:url\" content=\"https:\/\/escaudacienne.fr\/esc\/commande\/\" \/>\n<meta property=\"og:site_name\" content=\"ESC - Entente Sportive Caudacienne\u00ae\" \/>\n<meta property=\"article:publisher\" content=\"https:\/\/www.facebook.com\/ententesportivecaudacienne\" \/>\n<meta property=\"article:modified_time\" content=\"2022-10-05T06:45:03+00:00\" \/>\n<meta name=\"twitter:card\" content=\"summary_large_image\" \/>\n<meta name=\"twitter:label1\" content=\"Dur\u00e9e de lecture estim\u00e9e\" \/>\n\t<meta name=\"twitter:data1\" content=\"1 minute\" \/>\n<script type=\"application\/ld+json\" class=\"yoast-schema-graph\">{\"@context\":\"https:\/\/schema.org\",\"@graph\":[{\"@type\":\"WebPage\",\"@id\":\"https:\/\/escaudacienne.fr\/esc\/commande\/\",\"url\":\"https:\/\/escaudacienne.fr\/esc\/commande\/\",\"name\":\"Commande - ESC - Entente Sportive Caudacienne\u00ae\",\"isPartOf\":{\"@id\":\"https:\/\/escaudacienne.fr\/esc\/#website\"},\"datePublished\":\"2021-05-12T17:40:15+00:00\",\"dateModified\":\"2022-10-05T06:45:03+00:00\",\"breadcrumb\":{\"@id\":\"https:\/\/escaudacienne.fr\/esc\/commande\/#breadcrumb\"},\"inLanguage\":\"fr-FR\",\"potentialAction\":[{\"@type\":\"ReadAction\",\"target\":[\"https:\/\/escaudacienne.fr\/esc\/commande\/\"]}]},{\"@type\":\"BreadcrumbList\",\"@id\":\"https:\/\/escaudacienne.fr\/esc\/commande\/#breadcrumb\",\"itemListElement\":[{\"@type\":\"ListItem\",\"position\":1,\"name\":\"Accueil\",\"item\":\"https:\/\/escaudacienne.fr\/esc\/\"},{\"@type\":\"ListItem\",\"position\":2,\"name\":\"Commande\"}]},{\"@type\":\"WebSite\",\"@id\":\"https:\/\/escaudacienne.fr\/esc\/#website\",\"url\":\"https:\/\/escaudacienne.fr\/esc\/\",\"name\":\"ESC - Entente Sportive Caudacienne\u00ae\",\"description\":\"Faire du Sport \u00e0 La Queue-en-Brie... c&#039;est facile avec l&#039;E.S.C.\u00ae !\",\"publisher\":{\"@id\":\"https:\/\/escaudacienne.fr\/esc\/#organization\"},\"potentialAction\":[{\"@type\":\"SearchAction\",\"target\":{\"@type\":\"EntryPoint\",\"urlTemplate\":\"https:\/\/escaudacienne.fr\/esc\/?s={search_term_string}\"},\"query-input\":{\"@type\":\"PropertyValueSpecification\",\"valueRequired\":true,\"valueName\":\"search_term_string\"}}],\"inLanguage\":\"fr-FR\"},{\"@type\":\"Organization\",\"@id\":\"https:\/\/escaudacienne.fr\/esc\/#organization\",\"name\":\"E.S.C.\u00ae - Entente Sportive Caudacienne\u00ae\",\"url\":\"https:\/\/escaudacienne.fr\/esc\/\",\"logo\":{\"@type\":\"ImageObject\",\"inLanguage\":\"fr-FR\",\"@id\":\"https:\/\/escaudacienne.fr\/esc\/#\/schema\/logo\/image\/\",\"url\":\"https:\/\/escaudacienne.fr\/esc\/wp-content\/uploads\/sites\/2\/2021\/01\/Logo-ESC\u00ae-Rouge-Blanc-1968-5x5-1.png\",\"contentUrl\":\"https:\/\/escaudacienne.fr\/esc\/wp-content\/uploads\/sites\/2\/2021\/01\/Logo-ESC\u00ae-Rouge-Blanc-1968-5x5-1.png\",\"width\":591,\"height\":591,\"caption\":\"E.S.C.\u00ae - Entente Sportive Caudacienne\u00ae\"},\"image\":{\"@id\":\"https:\/\/escaudacienne.fr\/esc\/#\/schema\/logo\/image\/\"},\"sameAs\":[\"https:\/\/www.facebook.com\/ententesportivecaudacienne\"]}]}<\/script>\n<!-- \/ Yoast SEO Premium plugin. -->","yoast_head_json":{"title":"Commande - ESC - Entente Sportive Caudacienne\u00ae","robots":{"index":"index","follow":"follow","max-snippet":"max-snippet:-1","max-image-preview":"max-image-preview:large","max-video-preview":"max-video-preview:-1"},"canonical":"https:\/\/escaudacienne.fr\/esc\/commande\/","og_locale":"fr_FR","og_type":"article","og_title":"Commande","og_description":"Tous les produits command\u00e9s sont \u00e0 r\u00e9cup\u00e9rer en point-relais chez notre partenaire Le March\u00e9 \/ Franprix. Cliquez sur le lien ci-dessous pour voir les","og_url":"https:\/\/escaudacienne.fr\/esc\/commande\/","og_site_name":"ESC - Entente Sportive Caudacienne\u00ae","article_publisher":"https:\/\/www.facebook.com\/ententesportivecaudacienne","article_modified_time":"2022-10-05T06:45:03+00:00","twitter_card":"summary_large_image","twitter_misc":{"Dur\u00e9e de lecture estim\u00e9e":"1 minute"},"schema":{"@context":"https:\/\/schema.org","@graph":[{"@type":"WebPage","@id":"https:\/\/escaudacienne.fr\/esc\/commande\/","url":"https:\/\/escaudacienne.fr\/esc\/commande\/","name":"Commande - ESC - Entente Sportive Caudacienne\u00ae","isPartOf":{"@id":"https:\/\/escaudacienne.fr\/esc\/#website"},"datePublished":"2021-05-12T17:40:15+00:00","dateModified":"2022-10-05T06:45:03+00:00","breadcrumb":{"@id":"https:\/\/escaudacienne.fr\/esc\/commande\/#breadcrumb"},"inLanguage":"fr-FR","potentialAction":[{"@type":"ReadAction","target":["https:\/\/escaudacienne.fr\/esc\/commande\/"]}]},{"@type":"BreadcrumbList","@id":"https:\/\/escaudacienne.fr\/esc\/commande\/#breadcrumb","itemListElement":[{"@type":"ListItem","position":1,"name":"Accueil","item":"https:\/\/escaudacienne.fr\/esc\/"},{"@type":"ListItem","position":2,"name":"Commande"}]},{"@type":"WebSite","@id":"https:\/\/escaudacienne.fr\/esc\/#website","url":"https:\/\/escaudacienne.fr\/esc\/","name":"ESC - Entente Sportive Caudacienne\u00ae","description":"Faire du Sport \u00e0 La Queue-en-Brie... c&#039;est facile avec l&#039;E.S.C.\u00ae !","publisher":{"@id":"https:\/\/escaudacienne.fr\/esc\/#organization"},"potentialAction":[{"@type":"SearchAction","target":{"@type":"EntryPoint","urlTemplate":"https:\/\/escaudacienne.fr\/esc\/?s={search_term_string}"},"query-input":{"@type":"PropertyValueSpecification","valueRequired":true,"valueName":"search_term_string"}}],"inLanguage":"fr-FR"},{"@type":"Organization","@id":"https:\/\/escaudacienne.fr\/esc\/#organization","name":"E.S.C.\u00ae - Entente Sportive Caudacienne\u00ae","url":"https:\/\/escaudacienne.fr\/esc\/","logo":{"@type":"ImageObject","inLanguage":"fr-FR","@id":"https:\/\/escaudacienne.fr\/esc\/#\/schema\/logo\/image\/","url":"https:\/\/escaudacienne.fr\/esc\/wp-content\/uploads\/sites\/2\/2021\/01\/Logo-ESC\u00ae-Rouge-Blanc-1968-5x5-1.png","contentUrl":"https:\/\/escaudacienne.fr\/esc\/wp-content\/uploads\/sites\/2\/2021\/01\/Logo-ESC\u00ae-Rouge-Blanc-1968-5x5-1.png","width":591,"height":591,"caption":"E.S.C.\u00ae - Entente Sportive Caudacienne\u00ae"},"image":{"@id":"https:\/\/escaudacienne.fr\/esc\/#\/schema\/logo\/image\/"},"sameAs":["https:\/\/www.facebook.com\/ententesportivecaudacienne"]}]}},"_links":{"self":[{"href":"https:\/\/escaudacienne.fr\/esc\/wp-json\/wp\/v2\/pages\/10204","targetHints":{"allow":["GET"]}}],"collection":[{"href":"https:\/\/escaudacienne.fr\/esc\/wp-json\/wp\/v2\/pages"}],"about":[{"href":"https:\/\/escaudacienne.fr\/esc\/wp-json\/wp\/v2\/types\/page"}],"author":[{"embeddable":true,"href":"https:\/\/escaudacienne.fr\/esc\/wp-json\/wp\/v2\/users\/6"}],"replies":[{"embeddable":true,"href":"https:\/\/escaudacienne.fr\/esc\/wp-json\/wp\/v2\/comments?post=10204"}],"version-history":[{"count":24,"href":"https:\/\/escaudacienne.fr\/esc\/wp-json\/wp\/v2\/pages\/10204\/revisions"}],"predecessor-version":[{"id":18127,"href":"https:\/\/escaudacienne.fr\/esc\/wp-json\/wp\/v2\/pages\/10204\/revisions\/18127"}],"wp:attachment":[{"href":"https:\/\/escaudacienne.fr\/esc\/wp-json\/wp\/v2\/media?parent=10204"}],"curies":[{"name":"wp","href":"https:\/\/api.w.org\/{rel}","templated":true}]}}