{"id":1514,"date":"2020-10-11T03:01:41","date_gmt":"2020-10-11T01:01:41","guid":{"rendered":"http:\/\/escaudacienne.fr\/esc\/?page_id=1514"},"modified":"2023-12-14T18:14:52","modified_gmt":"2023-12-14T17:14:52","slug":"copain","status":"publish","type":"page","link":"https:\/\/escaudacienne.fr\/esc\/partenaires\/copain\/","title":{"rendered":"Boulangerie Co&rsquo;pain"},"content":{"rendered":"\n\t<section class=\"section\" id=\"section_1854522070\">\n\t\t<div class=\"bg section-bg fill bg-fill  bg-loaded\" >\n\n\t\t\t\n\t\t\t\n\t\t\t\n\n\t\t<\/div>\n\n\t\t<div class=\"section-content relative\">\n\t\t\t\n\n<div class=\"row row-large align-middle align-center\"  id=\"row-1722634817\">\n\n\n\t<div id=\"col-1865161238\" class=\"col medium-5 small-12 large-5\"  >\n\t\t<div class=\"col-inner text-left box-shadow-2 box-shadow-5-hover\" style=\"background-color:rgb(255, 255, 255);\" >\n\t\t\t\n\t\t\t\n\n<div class=\"slider-wrapper relative\" id=\"slider-1467802096\" >\n    <div class=\"slider slider-nav-circle slider-nav-large slider-nav-light slider-style-normal\"\n        data-flickity-options='{\n            \"cellAlign\": \"center\",\n            \"imagesLoaded\": true,\n            \"lazyLoad\": 1,\n            \"freeScroll\": false,\n            \"wrapAround\": true,\n            \"autoPlay\": 3000,\n            \"pauseAutoPlayOnHover\" : true,\n            \"prevNextButtons\": true,\n            \"contain\" : true,\n            \"adaptiveHeight\" : true,\n            \"dragThreshold\" : 10,\n            \"percentPosition\": true,\n            \"pageDots\": true,\n            \"rightToLeft\": false,\n            \"draggable\": true,\n            \"selectedAttraction\": 0.1,\n            \"parallax\" : 0,\n            \"friction\": 0.6        }'\n        >\n        \n\n\t<div class=\"img has-hover x md-x lg-x y md-y lg-y\" id=\"image_127533284\">\n\t\t<a class=\"\" href=\"https:\/\/escaudacienne.fr\/esc\/wp-content\/uploads\/sites\/2\/2022\/09\/Offre-Permanente-Copain-scaled.jpg\"  >\t\t\t\t\t\t<div class=\"img-inner dark\" >\n\t\t\t<img loading=\"lazy\" decoding=\"async\" width=\"566\" height=\"800\" src=\"https:\/\/escaudacienne.fr\/esc\/wp-content\/uploads\/sites\/2\/2022\/09\/Offre-Permanente-Copain-566x800.jpg\" class=\"attachment-large size-large\" alt=\"\" srcset=\"https:\/\/escaudacienne.fr\/esc\/wp-content\/uploads\/sites\/2\/2022\/09\/Offre-Permanente-Copain-566x800.jpg 566w, https:\/\/escaudacienne.fr\/esc\/wp-content\/uploads\/sites\/2\/2022\/09\/Offre-Permanente-Copain-283x400.jpg 283w, https:\/\/escaudacienne.fr\/esc\/wp-content\/uploads\/sites\/2\/2022\/09\/Offre-Permanente-Copain-768x1086.jpg 768w, https:\/\/escaudacienne.fr\/esc\/wp-content\/uploads\/sites\/2\/2022\/09\/Offre-Permanente-Copain-1086x1536.jpg 1086w, https:\/\/escaudacienne.fr\/esc\/wp-content\/uploads\/sites\/2\/2022\/09\/Offre-Permanente-Copain-1448x2048.jpg 1448w, https:\/\/escaudacienne.fr\/esc\/wp-content\/uploads\/sites\/2\/2022\/09\/Offre-Permanente-Copain-510x721.jpg 510w, https:\/\/escaudacienne.fr\/esc\/wp-content\/uploads\/sites\/2\/2022\/09\/Offre-Permanente-Copain-scaled.jpg 1810w\" sizes=\"auto, (max-width: 566px) 100vw, 566px\" \/>\t\t\t\t\t\t\n\t\t\t\t\t<\/div>\n\t\t\t\t\t\t<\/a>\t\t\n<style>\n#image_127533284 {\n  width: 100%;\n}\n<\/style>\n\t<\/div>\n\t\n\n\t<div class=\"img has-hover x md-x lg-x y md-y lg-y\" id=\"image_2058203161\">\n\t\t<a class=\"\" href=\"mailto:copaincaudacien@gmail.com\" target=\"_blank\" rel=\"noopener noreferrer\" >\t\t\t\t\t\t<div class=\"img-inner image-zoom dark\" >\n\t\t\t<img loading=\"lazy\" decoding=\"async\" width=\"566\" height=\"800\" src=\"https:\/\/escaudacienne.fr\/esc\/wp-content\/uploads\/sites\/2\/2023\/12\/Annonce-Vendeur-Vendeuse-2023.12-566x800.jpg\" class=\"attachment-large size-large\" alt=\"\" srcset=\"https:\/\/escaudacienne.fr\/esc\/wp-content\/uploads\/sites\/2\/2023\/12\/Annonce-Vendeur-Vendeuse-2023.12-566x800.jpg 566w, https:\/\/escaudacienne.fr\/esc\/wp-content\/uploads\/sites\/2\/2023\/12\/Annonce-Vendeur-Vendeuse-2023.12-283x400.jpg 283w, https:\/\/escaudacienne.fr\/esc\/wp-content\/uploads\/sites\/2\/2023\/12\/Annonce-Vendeur-Vendeuse-2023.12-768x1086.jpg 768w, https:\/\/escaudacienne.fr\/esc\/wp-content\/uploads\/sites\/2\/2023\/12\/Annonce-Vendeur-Vendeuse-2023.12-1086x1536.jpg 1086w, https:\/\/escaudacienne.fr\/esc\/wp-content\/uploads\/sites\/2\/2023\/12\/Annonce-Vendeur-Vendeuse-2023.12-1448x2048.jpg 1448w, https:\/\/escaudacienne.fr\/esc\/wp-content\/uploads\/sites\/2\/2023\/12\/Annonce-Vendeur-Vendeuse-2023.12-510x721.jpg 510w, https:\/\/escaudacienne.fr\/esc\/wp-content\/uploads\/sites\/2\/2023\/12\/Annonce-Vendeur-Vendeuse-2023.12-scaled.jpg 1810w\" sizes=\"auto, (max-width: 566px) 100vw, 566px\" \/>\t\t\t\t\t\t\n\t\t\t\t\t<\/div>\n\t\t\t\t\t\t<\/a>\t\t\n<style>\n#image_2058203161 {\n  width: 100%;\n}\n<\/style>\n\t<\/div>\n\t\n\n\n     <\/div>\n\n     <div class=\"loading-spin dark large centered\"><\/div>\n\n     <\/div>\n\n\n\n\t\t<\/div>\n\t\t\n<style>\n#col-1865161238 > .col-inner {\n  padding: 0px 0px 0px 0px;\n  margin: -35px 0px -75px 0px;\n}\n<\/style>\n\t<\/div>\n\n\t\n\n\t<div id=\"col-1366153470\" class=\"col medium-7 small-12 large-7\"  >\n\t\t<div class=\"col-inner text-center\"  >\n\t\t\t\n\t\t\t\n\n\t<div id=\"gap-1242050779\" class=\"gap-element clearfix\" style=\"display:block; height:auto;\">\n\t\t\n<style>\n#gap-1242050779 {\n  padding-top: 40px;\n}\n<\/style>\n\t<\/div>\n\t\n\n<div class=\"is-divider divider clearfix\" ><\/div>\n\n<h3>La boulangerie traditionnelle du vieux village<\/h3>\n<h3><em>Cr\u00e9ateur de gourmandises<\/em><\/h3>\n<p>Situ\u00e9e au pied de la vieille \u00e9glise, la Boulangerie Gu\u00e9rin passe la main \u00e0 une nouvelle \u00e9quipe !<\/p>\n<p>Co&rsquo;pain saura toujours ravir vos papilles avec toutes ses sortes de pains p\u00e9tris et cuits sur place de fa\u00e7on traditionnelle et ses viennoiseries et autres p\u00e2tisseries plus craquantes les unes que les autres !<\/p>\n<p>Ouvert de 7h00-13h30 et 15h00-20h00<\/p>\n<p>(ferm\u00e9 le Mercredi)<\/p>\n<p>\u00a0<\/p>\n<p>38 rue Jean Jaur\u00e8s &#8211; 94510 La Queue-en-Brie<\/p>\n<p>copaincaudacien@gmail.com<\/p>\n<p>T\u00e9l. 01 45 76 77 05<\/p>\n<div class=\"social-icons follow-icons\" ><a href=\"https:\/\/www.facebook.com\/copaincaudacien\" target=\"_blank\" data-label=\"Facebook\"  rel=\"noopener noreferrer nofollow\" class=\"icon button circle is-outline facebook tooltip\" title=\"Nous suivre sur Facebook\"><i class=\"icon-facebook\" ><\/i><\/a><a href=\"https:\/\/instagram.com\/copain.caudacien?igshid=YmMyMTA2M2Y=\" target=\"_blank\" rel=\"noopener noreferrer nofollow\" data-label=\"Instagram\" class=\"icon button circle is-outline  instagram tooltip\" title=\"Nous suivre sur Instagram\"><i class=\"icon-instagram\" ><\/i><\/a><a href=\"mailto:copaincaudacien@gmail.com\" data-label=\"E-mail\"  rel=\"nofollow\" class=\"icon button circle is-outline  email tooltip\" title=\"Nous envoyer un email\"><i class=\"icon-envelop\" ><\/i><\/a><a href=\"tel:+33 1 46 76 77 05\" target=\"_blank\"  data-label=\"Phone\"  rel=\"noopener noreferrer nofollow\" class=\"icon button circle is-outline  phone tooltip\" title=\"Call us\"><i class=\"icon-phone\" ><\/i><\/a><\/div>\n\n<div class=\"is-divider divider clearfix\" ><\/div>\n\n\n\t\t<\/div>\n\t\t\t<\/div>\n\n\t\n\n<\/div>\n\n\t\t<\/div>\n\n\t\t\n<style>\n#section_1854522070 {\n  padding-top: 59px;\n  padding-bottom: 59px;\n  min-height: 300px;\n  background-color: rgb(228, 228, 228);\n}\n<\/style>\n\t<\/section>\n\t\n\t<div id=\"gap-1578049778\" class=\"gap-element clearfix\" style=\"display:block; height:auto;\">\n\t\t\n<style>\n#gap-1578049778 {\n  padding-top: 30px;\n}\n<\/style>\n\t<\/div>\n\t\n\n\n","protected":false},"excerpt":{"rendered":"","protected":false},"author":1970,"featured_media":0,"parent":377,"menu_order":3,"comment_status":"closed","ping_status":"closed","template":"","meta":{"footnotes":""},"class_list":["post-1514","page","type-page","status-publish","hentry"],"yoast_head":"<!-- This site is optimized with the Yoast SEO Premium plugin v18.2.1 (Yoast SEO v24.9) - https:\/\/yoast.com\/wordpress\/plugins\/seo\/ -->\n<title>Boulangerie Co&#039;pain - ESC - Entente Sportive Caudacienne\u00ae<\/title>\n<meta name=\"robots\" content=\"index, follow, max-snippet:-1, max-image-preview:large, max-video-preview:-1\" \/>\n<link rel=\"canonical\" href=\"https:\/\/escaudacienne.fr\/esc\/partenaires\/copain\/\" \/>\n<meta property=\"og:locale\" content=\"fr_FR\" \/>\n<meta property=\"og:type\" content=\"article\" \/>\n<meta property=\"og:title\" content=\"Boulangerie Co&#039;pain\" \/>\n<meta property=\"og:url\" content=\"https:\/\/escaudacienne.fr\/esc\/partenaires\/copain\/\" \/>\n<meta property=\"og:site_name\" content=\"ESC - Entente Sportive Caudacienne\u00ae\" \/>\n<meta property=\"article:publisher\" content=\"https:\/\/www.facebook.com\/ententesportivecaudacienne\" \/>\n<meta property=\"article:modified_time\" content=\"2023-12-14T17:14:52+00:00\" \/>\n<meta name=\"twitter:card\" content=\"summary_large_image\" \/>\n<meta name=\"twitter:label1\" content=\"Dur\u00e9e de lecture estim\u00e9e\" \/>\n\t<meta name=\"twitter:data1\" content=\"1 minute\" \/>\n<script type=\"application\/ld+json\" class=\"yoast-schema-graph\">{\"@context\":\"https:\/\/schema.org\",\"@graph\":[{\"@type\":\"WebPage\",\"@id\":\"https:\/\/escaudacienne.fr\/esc\/partenaires\/copain\/\",\"url\":\"https:\/\/escaudacienne.fr\/esc\/partenaires\/copain\/\",\"name\":\"Boulangerie Co'pain - ESC - Entente Sportive Caudacienne\u00ae\",\"isPartOf\":{\"@id\":\"http:\/\/escaudacienne.fr\/esc\/#website\"},\"datePublished\":\"2020-10-11T01:01:41+00:00\",\"dateModified\":\"2023-12-14T17:14:52+00:00\",\"breadcrumb\":{\"@id\":\"https:\/\/escaudacienne.fr\/esc\/partenaires\/copain\/#breadcrumb\"},\"inLanguage\":\"fr-FR\",\"potentialAction\":[{\"@type\":\"ReadAction\",\"target\":[\"https:\/\/escaudacienne.fr\/esc\/partenaires\/copain\/\"]}]},{\"@type\":\"BreadcrumbList\",\"@id\":\"https:\/\/escaudacienne.fr\/esc\/partenaires\/copain\/#breadcrumb\",\"itemListElement\":[{\"@type\":\"ListItem\",\"position\":1,\"name\":\"Accueil\",\"item\":\"http:\/\/escaudacienne.fr\/esc\/\"},{\"@type\":\"ListItem\",\"position\":2,\"name\":\"PARTENAIRES\",\"item\":\"https:\/\/escaudacienne.fr\/esc\/partenaires\/\"},{\"@type\":\"ListItem\",\"position\":3,\"name\":\"Boulangerie Co&rsquo;pain\"}]},{\"@type\":\"WebSite\",\"@id\":\"http:\/\/escaudacienne.fr\/esc\/#website\",\"url\":\"http:\/\/escaudacienne.fr\/esc\/\",\"name\":\"ESC - Entente Sportive Caudacienne\u00ae\",\"description\":\"Faire du Sport \u00e0 La Queue-en-Brie... c&#039;est facile avec l&#039;E.S.C.\u00ae !\",\"publisher\":{\"@id\":\"http:\/\/escaudacienne.fr\/esc\/#organization\"},\"potentialAction\":[{\"@type\":\"SearchAction\",\"target\":{\"@type\":\"EntryPoint\",\"urlTemplate\":\"http:\/\/escaudacienne.fr\/esc\/?s={search_term_string}\"},\"query-input\":{\"@type\":\"PropertyValueSpecification\",\"valueRequired\":true,\"valueName\":\"search_term_string\"}}],\"inLanguage\":\"fr-FR\"},{\"@type\":\"Organization\",\"@id\":\"http:\/\/escaudacienne.fr\/esc\/#organization\",\"name\":\"E.S.C.\u00ae - Entente Sportive Caudacienne\u00ae\",\"url\":\"http:\/\/escaudacienne.fr\/esc\/\",\"logo\":{\"@type\":\"ImageObject\",\"inLanguage\":\"fr-FR\",\"@id\":\"http:\/\/escaudacienne.fr\/esc\/#\/schema\/logo\/image\/\",\"url\":\"https:\/\/escaudacienne.fr\/esc\/wp-content\/uploads\/sites\/2\/2021\/01\/Logo-ESC\u00ae-Rouge-Blanc-1968-5x5-1.png\",\"contentUrl\":\"https:\/\/escaudacienne.fr\/esc\/wp-content\/uploads\/sites\/2\/2021\/01\/Logo-ESC\u00ae-Rouge-Blanc-1968-5x5-1.png\",\"width\":591,\"height\":591,\"caption\":\"E.S.C.\u00ae - Entente Sportive Caudacienne\u00ae\"},\"image\":{\"@id\":\"http:\/\/escaudacienne.fr\/esc\/#\/schema\/logo\/image\/\"},\"sameAs\":[\"https:\/\/www.facebook.com\/ententesportivecaudacienne\"]}]}<\/script>\n<!-- \/ Yoast SEO Premium plugin. -->","yoast_head_json":{"title":"Boulangerie Co'pain - ESC - Entente Sportive Caudacienne\u00ae","robots":{"index":"index","follow":"follow","max-snippet":"max-snippet:-1","max-image-preview":"max-image-preview:large","max-video-preview":"max-video-preview:-1"},"canonical":"https:\/\/escaudacienne.fr\/esc\/partenaires\/copain\/","og_locale":"fr_FR","og_type":"article","og_title":"Boulangerie Co'pain","og_url":"https:\/\/escaudacienne.fr\/esc\/partenaires\/copain\/","og_site_name":"ESC - Entente Sportive Caudacienne\u00ae","article_publisher":"https:\/\/www.facebook.com\/ententesportivecaudacienne","article_modified_time":"2023-12-14T17:14:52+00:00","twitter_card":"summary_large_image","twitter_misc":{"Dur\u00e9e de lecture estim\u00e9e":"1 minute"},"schema":{"@context":"https:\/\/schema.org","@graph":[{"@type":"WebPage","@id":"https:\/\/escaudacienne.fr\/esc\/partenaires\/copain\/","url":"https:\/\/escaudacienne.fr\/esc\/partenaires\/copain\/","name":"Boulangerie Co'pain - ESC - Entente Sportive Caudacienne\u00ae","isPartOf":{"@id":"http:\/\/escaudacienne.fr\/esc\/#website"},"datePublished":"2020-10-11T01:01:41+00:00","dateModified":"2023-12-14T17:14:52+00:00","breadcrumb":{"@id":"https:\/\/escaudacienne.fr\/esc\/partenaires\/copain\/#breadcrumb"},"inLanguage":"fr-FR","potentialAction":[{"@type":"ReadAction","target":["https:\/\/escaudacienne.fr\/esc\/partenaires\/copain\/"]}]},{"@type":"BreadcrumbList","@id":"https:\/\/escaudacienne.fr\/esc\/partenaires\/copain\/#breadcrumb","itemListElement":[{"@type":"ListItem","position":1,"name":"Accueil","item":"http:\/\/escaudacienne.fr\/esc\/"},{"@type":"ListItem","position":2,"name":"PARTENAIRES","item":"https:\/\/escaudacienne.fr\/esc\/partenaires\/"},{"@type":"ListItem","position":3,"name":"Boulangerie Co&rsquo;pain"}]},{"@type":"WebSite","@id":"http:\/\/escaudacienne.fr\/esc\/#website","url":"http:\/\/escaudacienne.fr\/esc\/","name":"ESC - Entente Sportive Caudacienne\u00ae","description":"Faire du Sport \u00e0 La Queue-en-Brie... c&#039;est facile avec l&#039;E.S.C.\u00ae !","publisher":{"@id":"http:\/\/escaudacienne.fr\/esc\/#organization"},"potentialAction":[{"@type":"SearchAction","target":{"@type":"EntryPoint","urlTemplate":"http:\/\/escaudacienne.fr\/esc\/?s={search_term_string}"},"query-input":{"@type":"PropertyValueSpecification","valueRequired":true,"valueName":"search_term_string"}}],"inLanguage":"fr-FR"},{"@type":"Organization","@id":"http:\/\/escaudacienne.fr\/esc\/#organization","name":"E.S.C.\u00ae - Entente Sportive Caudacienne\u00ae","url":"http:\/\/escaudacienne.fr\/esc\/","logo":{"@type":"ImageObject","inLanguage":"fr-FR","@id":"http:\/\/escaudacienne.fr\/esc\/#\/schema\/logo\/image\/","url":"https:\/\/escaudacienne.fr\/esc\/wp-content\/uploads\/sites\/2\/2021\/01\/Logo-ESC\u00ae-Rouge-Blanc-1968-5x5-1.png","contentUrl":"https:\/\/escaudacienne.fr\/esc\/wp-content\/uploads\/sites\/2\/2021\/01\/Logo-ESC\u00ae-Rouge-Blanc-1968-5x5-1.png","width":591,"height":591,"caption":"E.S.C.\u00ae - Entente Sportive Caudacienne\u00ae"},"image":{"@id":"http:\/\/escaudacienne.fr\/esc\/#\/schema\/logo\/image\/"},"sameAs":["https:\/\/www.facebook.com\/ententesportivecaudacienne"]}]}},"_links":{"self":[{"href":"https:\/\/escaudacienne.fr\/esc\/wp-json\/wp\/v2\/pages\/1514","targetHints":{"allow":["GET"]}}],"collection":[{"href":"https:\/\/escaudacienne.fr\/esc\/wp-json\/wp\/v2\/pages"}],"about":[{"href":"https:\/\/escaudacienne.fr\/esc\/wp-json\/wp\/v2\/types\/page"}],"author":[{"embeddable":true,"href":"https:\/\/escaudacienne.fr\/esc\/wp-json\/wp\/v2\/users\/1970"}],"replies":[{"embeddable":true,"href":"https:\/\/escaudacienne.fr\/esc\/wp-json\/wp\/v2\/comments?post=1514"}],"version-history":[{"count":33,"href":"https:\/\/escaudacienne.fr\/esc\/wp-json\/wp\/v2\/pages\/1514\/revisions"}],"predecessor-version":[{"id":23183,"href":"https:\/\/escaudacienne.fr\/esc\/wp-json\/wp\/v2\/pages\/1514\/revisions\/23183"}],"up":[{"embeddable":true,"href":"https:\/\/escaudacienne.fr\/esc\/wp-json\/wp\/v2\/pages\/377"}],"wp:attachment":[{"href":"https:\/\/escaudacienne.fr\/esc\/wp-json\/wp\/v2\/media?parent=1514"}],"curies":[{"name":"wp","href":"https:\/\/api.w.org\/{rel}","templated":true}]}}