{"id":2048,"date":"2020-10-26T17:15:55","date_gmt":"2020-10-26T16:15:55","guid":{"rendered":"http:\/\/escaudacienne.fr\/esc\/?page_id=2048"},"modified":"2024-05-29T17:20:00","modified_gmt":"2024-05-29T15:20:00","slug":"intersport","status":"publish","type":"page","link":"https:\/\/escaudacienne.fr\/esc\/partenaires\/intersport\/","title":{"rendered":"Intersport Pontault"},"content":{"rendered":"\n\t<section class=\"section\" id=\"section_1756457377\">\n\t\t<div class=\"bg section-bg fill bg-fill  bg-loaded\" >\n\n\t\t\t\n\t\t\t\n\t\t\t\n\t<div class=\"is-border\"\n\t\tstyle=\"border-color:rgb(235, 235, 235);border-width:1px 0px 0px 0px;\">\n\t<\/div>\n\n\t\t<\/div>\n\n\t\t<div class=\"section-content relative\">\n\t\t\t\n\n<div class=\"row row-large align-middle align-center\"  id=\"row-1262948698\">\n\n\n\t<div id=\"col-1459772494\" class=\"col medium-5 small-12 large-5\"  >\n\t\t<div class=\"col-inner box-shadow-2 box-shadow-5-hover\" style=\"background-color:rgb(255, 255, 255);\" >\n\t\t\t\n\t\t\t\n\n\t<div class=\"img has-hover x md-x lg-x y md-y lg-y\" id=\"image_305512614\">\n\t\t<a class=\"\" href=\"https:\/\/escaudacienne.fr\/esc\/wp-content\/uploads\/sites\/2\/2024\/05\/Offre-Permanente-Intersport-Pontault-V2-scaled.jpg\" target=\"_blank\" rel=\"noopener noreferrer\" >\t\t\t\t\t\t<div class=\"img-inner dark\" >\n\t\t\t<img loading=\"lazy\" decoding=\"async\" width=\"566\" height=\"800\" src=\"https:\/\/escaudacienne.fr\/esc\/wp-content\/uploads\/sites\/2\/2024\/05\/Offre-Permanente-Intersport-Pontault-V2-566x800.jpg\" class=\"attachment-large size-large\" alt=\"\" srcset=\"https:\/\/escaudacienne.fr\/esc\/wp-content\/uploads\/sites\/2\/2024\/05\/Offre-Permanente-Intersport-Pontault-V2-566x800.jpg 566w, https:\/\/escaudacienne.fr\/esc\/wp-content\/uploads\/sites\/2\/2024\/05\/Offre-Permanente-Intersport-Pontault-V2-283x400.jpg 283w, https:\/\/escaudacienne.fr\/esc\/wp-content\/uploads\/sites\/2\/2024\/05\/Offre-Permanente-Intersport-Pontault-V2-768x1086.jpg 768w, https:\/\/escaudacienne.fr\/esc\/wp-content\/uploads\/sites\/2\/2024\/05\/Offre-Permanente-Intersport-Pontault-V2-1086x1536.jpg 1086w, https:\/\/escaudacienne.fr\/esc\/wp-content\/uploads\/sites\/2\/2024\/05\/Offre-Permanente-Intersport-Pontault-V2-1448x2048.jpg 1448w, https:\/\/escaudacienne.fr\/esc\/wp-content\/uploads\/sites\/2\/2024\/05\/Offre-Permanente-Intersport-Pontault-V2-510x721.jpg 510w, https:\/\/escaudacienne.fr\/esc\/wp-content\/uploads\/sites\/2\/2024\/05\/Offre-Permanente-Intersport-Pontault-V2-scaled.jpg 1810w\" sizes=\"auto, (max-width: 566px) 100vw, 566px\" \/>\t\t\t\t\t\t\n\t\t\t\t\t<\/div>\n\t\t\t\t\t\t<\/a>\t\t\n<style>\n#image_305512614 {\n  width: 100%;\n}\n<\/style>\n\t<\/div>\n\t\n\n\n\t\t<\/div>\n\t\t\n<style>\n#col-1459772494 > .col-inner {\n  margin: -35px 0px -75px 0px;\n}\n<\/style>\n\t<\/div>\n\n\t\n\n\t<div id=\"col-177811230\" class=\"col medium-7 small-12 large-7\"  >\n\t\t<div class=\"col-inner text-center\"  >\n\t\t\t\n\t\t\t\n\n\t<div id=\"gap-2019438527\" class=\"gap-element clearfix\" style=\"display:block; height:auto;\">\n\t\t\n<style>\n#gap-2019438527 {\n  padding-top: 30px;\n}\n<\/style>\n\t<\/div>\n\t\n\n<div class=\"is-divider divider clearfix\" ><\/div>\n\n<h3 style=\"text-align: center\">Notre partenaire privil\u00e9gi\u00e9 pour vos \u00e9quipements sportifs !<\/h3>\n<p style=\"text-align: center\">Encore plus proche de vous, d\u00e9sormais sur le magasin de Pontault-Combault, retrouvez tous les \u00e9quipements des plus grandes marques de sport \u00e0 prix ultra-avantageux en tant qu&rsquo;adh\u00e9rent de l&rsquo;E.S.C.<sup>\u00ae<\/sup> !<\/p>\n<p style=\"text-align: center\">Ouvert tous les jours :<\/p>\n<p style=\"text-align: center\">Lundi \u00e0 Samedi 9h30-20h00 et Dimanche 10h00-19h30<\/p>\n<p style=\"text-align: center\">Rue de Month\u00e9ty &#8211; 77340 Pontault-Combault<\/p>\n<p style=\"text-align: center\">T\u00e9l. 01 60 34 26 00<\/p>\n<div class=\"social-icons follow-icons\" ><a href=\"tel:+33 1 60 34 26 00\" target=\"_blank\"  data-label=\"Phone\"  rel=\"noopener noreferrer nofollow\" class=\"icon button circle is-outline  phone tooltip\" title=\"Call us\"><i class=\"icon-phone\" ><\/i><\/a><\/div>\n\n<div class=\"is-divider divider clearfix\" ><\/div>\n\n<a rel=\"noopener noreferrer\" href=\"https:\/\/www.intersport.fr\/Seine-et-Marne-77\/PONTAULTCOMBAULT-77340\/INTERSPORT-PONTAULTCOMBAULT\/00670_000\/\" target=\"_blank\" class=\"button primary is-outline is-smaller\"  style=\"border-radius:10px;\">\n    <span>Voir le site de notre partenaire<\/span>\n  <\/a>\n\n\n\n\t\t<\/div>\n\t\t\t<\/div>\n\n\t\n\n<\/div>\n\n\t\t<\/div>\n\n\t\t\n<style>\n#section_1756457377 {\n  padding-top: 59px;\n  padding-bottom: 59px;\n  min-height: 300px;\n  background-color: rgb(228, 228, 228);\n}\n<\/style>\n\t<\/section>\n\t\n\n","protected":false},"excerpt":{"rendered":"","protected":false},"author":1970,"featured_media":0,"parent":377,"menu_order":1,"comment_status":"closed","ping_status":"closed","template":"","meta":{"footnotes":""},"class_list":["post-2048","page","type-page","status-publish","hentry"],"yoast_head":"<!-- This site is optimized with the Yoast SEO Premium plugin v18.2.1 (Yoast SEO v24.9) - https:\/\/yoast.com\/wordpress\/plugins\/seo\/ -->\n<title>Intersport Pontault - ESC - Entente Sportive Caudacienne\u00ae<\/title>\n<meta name=\"robots\" content=\"index, follow, max-snippet:-1, max-image-preview:large, max-video-preview:-1\" \/>\n<link rel=\"canonical\" href=\"http:\/\/escaudacienne.fr\/esc\/partenaires\/intersport\/\" \/>\n<meta property=\"og:locale\" content=\"fr_FR\" \/>\n<meta property=\"og:type\" content=\"article\" \/>\n<meta property=\"og:title\" content=\"Intersport Pontault\" \/>\n<meta property=\"og:url\" content=\"http:\/\/escaudacienne.fr\/esc\/partenaires\/intersport\/\" \/>\n<meta property=\"og:site_name\" content=\"ESC - Entente Sportive Caudacienne\u00ae\" \/>\n<meta property=\"article:publisher\" content=\"https:\/\/www.facebook.com\/ententesportivecaudacienne\" \/>\n<meta property=\"article:modified_time\" content=\"2024-05-29T15:20:00+00:00\" \/>\n<meta name=\"twitter:card\" content=\"summary_large_image\" \/>\n<meta name=\"twitter:label1\" content=\"Dur\u00e9e de lecture estim\u00e9e\" \/>\n\t<meta name=\"twitter:data1\" content=\"1 minute\" \/>\n<script type=\"application\/ld+json\" class=\"yoast-schema-graph\">{\"@context\":\"https:\/\/schema.org\",\"@graph\":[{\"@type\":\"WebPage\",\"@id\":\"http:\/\/escaudacienne.fr\/esc\/partenaires\/intersport\/\",\"url\":\"http:\/\/escaudacienne.fr\/esc\/partenaires\/intersport\/\",\"name\":\"Intersport Pontault - ESC - Entente Sportive Caudacienne\u00ae\",\"isPartOf\":{\"@id\":\"http:\/\/escaudacienne.fr\/esc\/#website\"},\"datePublished\":\"2020-10-26T16:15:55+00:00\",\"dateModified\":\"2024-05-29T15:20:00+00:00\",\"breadcrumb\":{\"@id\":\"http:\/\/escaudacienne.fr\/esc\/partenaires\/intersport\/#breadcrumb\"},\"inLanguage\":\"fr-FR\",\"potentialAction\":[{\"@type\":\"ReadAction\",\"target\":[\"http:\/\/escaudacienne.fr\/esc\/partenaires\/intersport\/\"]}]},{\"@type\":\"BreadcrumbList\",\"@id\":\"http:\/\/escaudacienne.fr\/esc\/partenaires\/intersport\/#breadcrumb\",\"itemListElement\":[{\"@type\":\"ListItem\",\"position\":1,\"name\":\"Accueil\",\"item\":\"http:\/\/escaudacienne.fr\/esc\/\"},{\"@type\":\"ListItem\",\"position\":2,\"name\":\"PARTENAIRES\",\"item\":\"http:\/\/escaudacienne.fr\/esc\/partenaires\/\"},{\"@type\":\"ListItem\",\"position\":3,\"name\":\"Intersport Pontault\"}]},{\"@type\":\"WebSite\",\"@id\":\"http:\/\/escaudacienne.fr\/esc\/#website\",\"url\":\"http:\/\/escaudacienne.fr\/esc\/\",\"name\":\"ESC - Entente Sportive Caudacienne\u00ae\",\"description\":\"Faire du Sport \u00e0 La Queue-en-Brie... c&#039;est facile avec l&#039;E.S.C.\u00ae !\",\"publisher\":{\"@id\":\"http:\/\/escaudacienne.fr\/esc\/#organization\"},\"potentialAction\":[{\"@type\":\"SearchAction\",\"target\":{\"@type\":\"EntryPoint\",\"urlTemplate\":\"http:\/\/escaudacienne.fr\/esc\/?s={search_term_string}\"},\"query-input\":{\"@type\":\"PropertyValueSpecification\",\"valueRequired\":true,\"valueName\":\"search_term_string\"}}],\"inLanguage\":\"fr-FR\"},{\"@type\":\"Organization\",\"@id\":\"http:\/\/escaudacienne.fr\/esc\/#organization\",\"name\":\"E.S.C.\u00ae - Entente Sportive Caudacienne\u00ae\",\"url\":\"http:\/\/escaudacienne.fr\/esc\/\",\"logo\":{\"@type\":\"ImageObject\",\"inLanguage\":\"fr-FR\",\"@id\":\"http:\/\/escaudacienne.fr\/esc\/#\/schema\/logo\/image\/\",\"url\":\"https:\/\/escaudacienne.fr\/esc\/wp-content\/uploads\/sites\/2\/2021\/01\/Logo-ESC\u00ae-Rouge-Blanc-1968-5x5-1.png\",\"contentUrl\":\"https:\/\/escaudacienne.fr\/esc\/wp-content\/uploads\/sites\/2\/2021\/01\/Logo-ESC\u00ae-Rouge-Blanc-1968-5x5-1.png\",\"width\":591,\"height\":591,\"caption\":\"E.S.C.\u00ae - Entente Sportive Caudacienne\u00ae\"},\"image\":{\"@id\":\"http:\/\/escaudacienne.fr\/esc\/#\/schema\/logo\/image\/\"},\"sameAs\":[\"https:\/\/www.facebook.com\/ententesportivecaudacienne\"]}]}<\/script>\n<!-- \/ Yoast SEO Premium plugin. -->","yoast_head_json":{"title":"Intersport Pontault - ESC - Entente Sportive Caudacienne\u00ae","robots":{"index":"index","follow":"follow","max-snippet":"max-snippet:-1","max-image-preview":"max-image-preview:large","max-video-preview":"max-video-preview:-1"},"canonical":"http:\/\/escaudacienne.fr\/esc\/partenaires\/intersport\/","og_locale":"fr_FR","og_type":"article","og_title":"Intersport Pontault","og_url":"http:\/\/escaudacienne.fr\/esc\/partenaires\/intersport\/","og_site_name":"ESC - Entente Sportive Caudacienne\u00ae","article_publisher":"https:\/\/www.facebook.com\/ententesportivecaudacienne","article_modified_time":"2024-05-29T15:20:00+00:00","twitter_card":"summary_large_image","twitter_misc":{"Dur\u00e9e de lecture estim\u00e9e":"1 minute"},"schema":{"@context":"https:\/\/schema.org","@graph":[{"@type":"WebPage","@id":"http:\/\/escaudacienne.fr\/esc\/partenaires\/intersport\/","url":"http:\/\/escaudacienne.fr\/esc\/partenaires\/intersport\/","name":"Intersport Pontault - ESC - Entente Sportive Caudacienne\u00ae","isPartOf":{"@id":"http:\/\/escaudacienne.fr\/esc\/#website"},"datePublished":"2020-10-26T16:15:55+00:00","dateModified":"2024-05-29T15:20:00+00:00","breadcrumb":{"@id":"http:\/\/escaudacienne.fr\/esc\/partenaires\/intersport\/#breadcrumb"},"inLanguage":"fr-FR","potentialAction":[{"@type":"ReadAction","target":["http:\/\/escaudacienne.fr\/esc\/partenaires\/intersport\/"]}]},{"@type":"BreadcrumbList","@id":"http:\/\/escaudacienne.fr\/esc\/partenaires\/intersport\/#breadcrumb","itemListElement":[{"@type":"ListItem","position":1,"name":"Accueil","item":"http:\/\/escaudacienne.fr\/esc\/"},{"@type":"ListItem","position":2,"name":"PARTENAIRES","item":"http:\/\/escaudacienne.fr\/esc\/partenaires\/"},{"@type":"ListItem","position":3,"name":"Intersport Pontault"}]},{"@type":"WebSite","@id":"http:\/\/escaudacienne.fr\/esc\/#website","url":"http:\/\/escaudacienne.fr\/esc\/","name":"ESC - Entente Sportive Caudacienne\u00ae","description":"Faire du Sport \u00e0 La Queue-en-Brie... c&#039;est facile avec l&#039;E.S.C.\u00ae !","publisher":{"@id":"http:\/\/escaudacienne.fr\/esc\/#organization"},"potentialAction":[{"@type":"SearchAction","target":{"@type":"EntryPoint","urlTemplate":"http:\/\/escaudacienne.fr\/esc\/?s={search_term_string}"},"query-input":{"@type":"PropertyValueSpecification","valueRequired":true,"valueName":"search_term_string"}}],"inLanguage":"fr-FR"},{"@type":"Organization","@id":"http:\/\/escaudacienne.fr\/esc\/#organization","name":"E.S.C.\u00ae - Entente Sportive Caudacienne\u00ae","url":"http:\/\/escaudacienne.fr\/esc\/","logo":{"@type":"ImageObject","inLanguage":"fr-FR","@id":"http:\/\/escaudacienne.fr\/esc\/#\/schema\/logo\/image\/","url":"https:\/\/escaudacienne.fr\/esc\/wp-content\/uploads\/sites\/2\/2021\/01\/Logo-ESC\u00ae-Rouge-Blanc-1968-5x5-1.png","contentUrl":"https:\/\/escaudacienne.fr\/esc\/wp-content\/uploads\/sites\/2\/2021\/01\/Logo-ESC\u00ae-Rouge-Blanc-1968-5x5-1.png","width":591,"height":591,"caption":"E.S.C.\u00ae - Entente Sportive Caudacienne\u00ae"},"image":{"@id":"http:\/\/escaudacienne.fr\/esc\/#\/schema\/logo\/image\/"},"sameAs":["https:\/\/www.facebook.com\/ententesportivecaudacienne"]}]}},"_links":{"self":[{"href":"https:\/\/escaudacienne.fr\/esc\/wp-json\/wp\/v2\/pages\/2048","targetHints":{"allow":["GET"]}}],"collection":[{"href":"https:\/\/escaudacienne.fr\/esc\/wp-json\/wp\/v2\/pages"}],"about":[{"href":"https:\/\/escaudacienne.fr\/esc\/wp-json\/wp\/v2\/types\/page"}],"author":[{"embeddable":true,"href":"https:\/\/escaudacienne.fr\/esc\/wp-json\/wp\/v2\/users\/1970"}],"replies":[{"embeddable":true,"href":"https:\/\/escaudacienne.fr\/esc\/wp-json\/wp\/v2\/comments?post=2048"}],"version-history":[{"count":13,"href":"https:\/\/escaudacienne.fr\/esc\/wp-json\/wp\/v2\/pages\/2048\/revisions"}],"predecessor-version":[{"id":24688,"href":"https:\/\/escaudacienne.fr\/esc\/wp-json\/wp\/v2\/pages\/2048\/revisions\/24688"}],"up":[{"embeddable":true,"href":"https:\/\/escaudacienne.fr\/esc\/wp-json\/wp\/v2\/pages\/377"}],"wp:attachment":[{"href":"https:\/\/escaudacienne.fr\/esc\/wp-json\/wp\/v2\/media?parent=2048"}],"curies":[{"name":"wp","href":"https:\/\/api.w.org\/{rel}","templated":true}]}}