{"id":2156,"date":"2020-10-26T23:29:12","date_gmt":"2020-10-26T22:29:12","guid":{"rendered":"http:\/\/escaudacienne.fr\/esc\/?page_id=2156"},"modified":"2024-05-07T13:44:24","modified_gmt":"2024-05-07T11:44:24","slug":"safti","status":"publish","type":"page","link":"https:\/\/escaudacienne.fr\/esc\/partenaires\/safti\/","title":{"rendered":"Safti"},"content":{"rendered":"\n\t<section class=\"section\" id=\"section_1584584538\">\n\t\t<div class=\"bg section-bg fill bg-fill  bg-loaded\" >\n\n\t\t\t\n\t\t\t\n\t\t\t\n\t<div class=\"is-border\"\n\t\tstyle=\"border-color:rgb(235, 235, 235);border-width:1px 0px 0px 0px;\">\n\t<\/div>\n\n\t\t<\/div>\n\n\t\t<div class=\"section-content relative\">\n\t\t\t\n\n<div class=\"row row-large align-middle align-center\"  id=\"row-564839286\">\n\n\n\t<div id=\"col-1519124560\" class=\"col medium-5 small-12 large-5\"  >\n\t\t<div class=\"col-inner box-shadow-2 box-shadow-5-hover\" style=\"background-color:rgb(255, 255, 255);\" >\n\t\t\t\n\t\t\t\n\n<div class=\"slider-wrapper relative\" id=\"slider-735542313\" >\n    <div class=\"slider slider-nav-circle slider-nav-large slider-nav-light slider-style-normal\"\n        data-flickity-options='{\n            \"cellAlign\": \"center\",\n            \"imagesLoaded\": true,\n            \"lazyLoad\": 1,\n            \"freeScroll\": false,\n            \"wrapAround\": true,\n            \"autoPlay\": 3000,\n            \"pauseAutoPlayOnHover\" : true,\n            \"prevNextButtons\": false,\n            \"contain\" : true,\n            \"adaptiveHeight\" : true,\n            \"dragThreshold\" : 10,\n            \"percentPosition\": true,\n            \"pageDots\": false,\n            \"rightToLeft\": false,\n            \"draggable\": true,\n            \"selectedAttraction\": 0.1,\n            \"parallax\" : 0,\n            \"friction\": 0.6        }'\n        >\n        \n\n\t<div class=\"img has-hover x md-x lg-x y md-y lg-y\" id=\"image_1333044288\">\n\t\t<a class=\"\" href=\"https:\/\/www.safti.fr\/votre-conseiller-safti\/nicolas-hennequin\/cWVkNWVyaEhzQ29Tdjg1Zk53cm1Sdz09\" target=\"_blank\" rel=\"noopener noreferrer\" >\t\t\t\t\t\t<div class=\"img-inner dark\" >\n\t\t\t<img loading=\"lazy\" decoding=\"async\" width=\"566\" height=\"800\" src=\"https:\/\/escaudacienne.fr\/esc\/wp-content\/uploads\/sites\/2\/2020\/11\/Offre-Permanente-Safti-V3-566x800.jpg\" class=\"attachment-large size-large\" alt=\"\" srcset=\"https:\/\/escaudacienne.fr\/esc\/wp-content\/uploads\/sites\/2\/2020\/11\/Offre-Permanente-Safti-V3-566x800.jpg 566w, https:\/\/escaudacienne.fr\/esc\/wp-content\/uploads\/sites\/2\/2020\/11\/Offre-Permanente-Safti-V3-283x400.jpg 283w, https:\/\/escaudacienne.fr\/esc\/wp-content\/uploads\/sites\/2\/2020\/11\/Offre-Permanente-Safti-V3-768x1086.jpg 768w, https:\/\/escaudacienne.fr\/esc\/wp-content\/uploads\/sites\/2\/2020\/11\/Offre-Permanente-Safti-V3-1086x1536.jpg 1086w, https:\/\/escaudacienne.fr\/esc\/wp-content\/uploads\/sites\/2\/2020\/11\/Offre-Permanente-Safti-V3-1448x2048.jpg 1448w, https:\/\/escaudacienne.fr\/esc\/wp-content\/uploads\/sites\/2\/2020\/11\/Offre-Permanente-Safti-V3-510x721.jpg 510w, https:\/\/escaudacienne.fr\/esc\/wp-content\/uploads\/sites\/2\/2020\/11\/Offre-Permanente-Safti-V3-scaled.jpg 1810w\" sizes=\"auto, (max-width: 566px) 100vw, 566px\" \/>\t\t\t\t\t\t\n\t\t\t\t\t<\/div>\n\t\t\t\t\t\t<\/a>\t\t\n<style>\n#image_1333044288 {\n  width: 100%;\n}\n<\/style>\n\t<\/div>\n\t\n\n\t<div class=\"img has-hover x md-x lg-x y md-y lg-y\" id=\"image_1724498574\">\n\t\t\t\t\t\t\t\t<div class=\"img-inner dark\" >\n\t\t\t<img loading=\"lazy\" decoding=\"async\" width=\"536\" height=\"800\" src=\"https:\/\/escaudacienne.fr\/esc\/wp-content\/uploads\/sites\/2\/2022\/02\/ESC-Foot-US-2022.01.06_parKTSportDesign-10-536x800.png\" class=\"attachment-large size-large\" alt=\"\" srcset=\"https:\/\/escaudacienne.fr\/esc\/wp-content\/uploads\/sites\/2\/2022\/02\/ESC-Foot-US-2022.01.06_parKTSportDesign-10-536x800.png 536w, https:\/\/escaudacienne.fr\/esc\/wp-content\/uploads\/sites\/2\/2022\/02\/ESC-Foot-US-2022.01.06_parKTSportDesign-10-268x400.png 268w, https:\/\/escaudacienne.fr\/esc\/wp-content\/uploads\/sites\/2\/2022\/02\/ESC-Foot-US-2022.01.06_parKTSportDesign-10-510x762.png 510w, https:\/\/escaudacienne.fr\/esc\/wp-content\/uploads\/sites\/2\/2022\/02\/ESC-Foot-US-2022.01.06_parKTSportDesign-10.png 594w\" sizes=\"auto, (max-width: 536px) 100vw, 536px\" \/>\t\t\t\t\t\t\n\t\t\t\t\t<\/div>\n\t\t\t\t\t\t\t\t\n<style>\n#image_1724498574 {\n  width: 100%;\n}\n<\/style>\n\t<\/div>\n\t\n\n\t<div class=\"img has-hover x md-x lg-x y md-y lg-y\" id=\"image_955257732\">\n\t\t\t\t\t\t\t\t<div class=\"img-inner dark\" >\n\t\t\t<img loading=\"lazy\" decoding=\"async\" width=\"536\" height=\"800\" src=\"https:\/\/escaudacienne.fr\/esc\/wp-content\/uploads\/sites\/2\/2022\/02\/ESC-Foot-US-2022.01.06_parKTSportDesign-8-536x800.png\" class=\"attachment-large size-large\" alt=\"\" srcset=\"https:\/\/escaudacienne.fr\/esc\/wp-content\/uploads\/sites\/2\/2022\/02\/ESC-Foot-US-2022.01.06_parKTSportDesign-8-536x800.png 536w, https:\/\/escaudacienne.fr\/esc\/wp-content\/uploads\/sites\/2\/2022\/02\/ESC-Foot-US-2022.01.06_parKTSportDesign-8-268x400.png 268w, https:\/\/escaudacienne.fr\/esc\/wp-content\/uploads\/sites\/2\/2022\/02\/ESC-Foot-US-2022.01.06_parKTSportDesign-8-510x762.png 510w, https:\/\/escaudacienne.fr\/esc\/wp-content\/uploads\/sites\/2\/2022\/02\/ESC-Foot-US-2022.01.06_parKTSportDesign-8.png 594w\" sizes=\"auto, (max-width: 536px) 100vw, 536px\" \/>\t\t\t\t\t\t\n\t\t\t\t\t<\/div>\n\t\t\t\t\t\t\t\t\n<style>\n#image_955257732 {\n  width: 100%;\n}\n<\/style>\n\t<\/div>\n\t\n\n\n     <\/div>\n\n     <div class=\"loading-spin dark large centered\"><\/div>\n\n     <\/div>\n\n\n\n\t\t<\/div>\n\t\t\n<style>\n#col-1519124560 > .col-inner {\n  margin: -35px 0px -75px 0px;\n}\n<\/style>\n\t<\/div>\n\n\t\n\n\t<div id=\"col-653795131\" class=\"col medium-7 small-12 large-7\"  >\n\t\t<div class=\"col-inner text-center\"  >\n\t\t\t\n\t\t\t\n\n\t<div id=\"gap-2098661407\" class=\"gap-element clearfix\" style=\"display:block; height:auto;\">\n\t\t\n<style>\n#gap-2098661407 {\n  padding-top: 30px;\n}\n<\/style>\n\t<\/div>\n\t\n\n<div class=\"is-divider divider clearfix\" ><\/div>\n\n<h3 style=\"text-align: center\">L&rsquo;estimation de votre bien au juste prix<\/h3>\n<p style=\"text-align: center\">B\u00e9n\u00e9ficiez de l&rsquo;expertise d&rsquo;un professionnel qui conna\u00eet parfaitement le secteur de La Queue-en-Brie pour vous accompagner dans votre projet immobilier.<\/p>\n<p style=\"text-align: center\">Vous avez un bien immobilier \u00e0 vendre ou vous avez connaissance d&rsquo;un bien \u00e0 vendre, contactez l&rsquo;E.S.C.<sup>\u00ae<\/sup>\u00a0qui le transmettra \u00e0 SAFTI.<\/p>\n<p style=\"text-align: center\"><strong><u>100\u20ac <\/u><u>vous seront offerts<\/u><\/strong> en ch\u00e8que-cadeaux si la transaction immobili\u00e8re est r\u00e9alis\u00e9e !<\/p>\n<p style=\"text-align: center\">Isabelle JIMENEZ<\/p>\n<p style=\"text-align: center\">T\u00e9l. 06 79 64 74 43<\/p>\n<p style=\"text-align: center\"><a href=\"mailto:isabelle.jimenez@safti.fr\">isabelle.jimenez@safti.fr<\/a><\/p>\n<div class=\"social-icons follow-icons\" ><a href=\"https:\/\/www.facebook.com\/nicolas.hennequinsafti.3\" target=\"_blank\" data-label=\"Facebook\"  rel=\"noopener noreferrer nofollow\" class=\"icon button circle is-outline facebook tooltip\" title=\"Nous suivre sur Facebook\"><i class=\"icon-facebook\" ><\/i><\/a><a href=\"mailto:isabelle.jimenez@safti.fr\" data-label=\"E-mail\"  rel=\"nofollow\" class=\"icon button circle is-outline  email tooltip\" title=\"Nous envoyer un email\"><i class=\"icon-envelop\" ><\/i><\/a><a href=\"tel:+33 6 79 64 74 43\" target=\"_blank\"  data-label=\"Phone\"  rel=\"noopener noreferrer nofollow\" class=\"icon button circle is-outline  phone tooltip\" title=\"Call us\"><i class=\"icon-phone\" ><\/i><\/a><\/div>\n\n<div class=\"is-divider divider clearfix\" ><\/div>\n\n<a rel=\"noopener noreferrer\" href=\"https:\/\/www.safti.fr\/votre-conseiller-safti\/nicolas-hennequin\/cWVkNWVyaEhzQ29Tdjg1Zk53cm1Sdz09\" target=\"_blank\" class=\"button primary is-outline is-smaller\"  style=\"border-radius:10px;\">\n    <span>Voir le site de notre partenaire<\/span>\n  <\/a>\n\n\n\n\t\t<\/div>\n\t\t\t<\/div>\n\n\t\n\n<\/div>\n\n\t\t<\/div>\n\n\t\t\n<style>\n#section_1584584538 {\n  padding-top: 59px;\n  padding-bottom: 59px;\n  min-height: 300px;\n  background-color: rgb(228, 228, 228);\n}\n<\/style>\n\t<\/section>\n\t\n\n","protected":false},"excerpt":{"rendered":"","protected":false},"author":1970,"featured_media":0,"parent":377,"menu_order":9,"comment_status":"closed","ping_status":"closed","template":"","meta":{"footnotes":""},"class_list":["post-2156","page","type-page","status-publish","hentry"],"yoast_head":"<!-- This site is optimized with the Yoast SEO Premium plugin v18.2.1 (Yoast SEO v24.9) - https:\/\/yoast.com\/wordpress\/plugins\/seo\/ -->\n<title>Safti - ESC - Entente Sportive Caudacienne\u00ae<\/title>\n<meta name=\"robots\" content=\"index, follow, max-snippet:-1, max-image-preview:large, max-video-preview:-1\" \/>\n<link rel=\"canonical\" href=\"http:\/\/escaudacienne.fr\/esc\/partenaires\/safti\/\" \/>\n<meta property=\"og:locale\" content=\"fr_FR\" \/>\n<meta property=\"og:type\" content=\"article\" \/>\n<meta property=\"og:title\" content=\"Safti\" \/>\n<meta property=\"og:url\" content=\"http:\/\/escaudacienne.fr\/esc\/partenaires\/safti\/\" \/>\n<meta property=\"og:site_name\" content=\"ESC - Entente Sportive Caudacienne\u00ae\" \/>\n<meta property=\"article:publisher\" content=\"https:\/\/www.facebook.com\/ententesportivecaudacienne\" \/>\n<meta property=\"article:modified_time\" content=\"2024-05-07T11:44:24+00:00\" \/>\n<meta name=\"twitter:card\" content=\"summary_large_image\" \/>\n<meta name=\"twitter:label1\" content=\"Dur\u00e9e de lecture estim\u00e9e\" \/>\n\t<meta name=\"twitter:data1\" content=\"1 minute\" \/>\n<script type=\"application\/ld+json\" class=\"yoast-schema-graph\">{\"@context\":\"https:\/\/schema.org\",\"@graph\":[{\"@type\":\"WebPage\",\"@id\":\"http:\/\/escaudacienne.fr\/esc\/partenaires\/safti\/\",\"url\":\"http:\/\/escaudacienne.fr\/esc\/partenaires\/safti\/\",\"name\":\"Safti - ESC - Entente Sportive Caudacienne\u00ae\",\"isPartOf\":{\"@id\":\"http:\/\/escaudacienne.fr\/esc\/#website\"},\"datePublished\":\"2020-10-26T22:29:12+00:00\",\"dateModified\":\"2024-05-07T11:44:24+00:00\",\"breadcrumb\":{\"@id\":\"http:\/\/escaudacienne.fr\/esc\/partenaires\/safti\/#breadcrumb\"},\"inLanguage\":\"fr-FR\",\"potentialAction\":[{\"@type\":\"ReadAction\",\"target\":[\"http:\/\/escaudacienne.fr\/esc\/partenaires\/safti\/\"]}]},{\"@type\":\"BreadcrumbList\",\"@id\":\"http:\/\/escaudacienne.fr\/esc\/partenaires\/safti\/#breadcrumb\",\"itemListElement\":[{\"@type\":\"ListItem\",\"position\":1,\"name\":\"Accueil\",\"item\":\"http:\/\/escaudacienne.fr\/esc\/\"},{\"@type\":\"ListItem\",\"position\":2,\"name\":\"PARTENAIRES\",\"item\":\"http:\/\/escaudacienne.fr\/esc\/partenaires\/\"},{\"@type\":\"ListItem\",\"position\":3,\"name\":\"Safti\"}]},{\"@type\":\"WebSite\",\"@id\":\"http:\/\/escaudacienne.fr\/esc\/#website\",\"url\":\"http:\/\/escaudacienne.fr\/esc\/\",\"name\":\"ESC - Entente Sportive Caudacienne\u00ae\",\"description\":\"Faire du Sport \u00e0 La Queue-en-Brie... c&#039;est facile avec l&#039;E.S.C.\u00ae !\",\"publisher\":{\"@id\":\"http:\/\/escaudacienne.fr\/esc\/#organization\"},\"potentialAction\":[{\"@type\":\"SearchAction\",\"target\":{\"@type\":\"EntryPoint\",\"urlTemplate\":\"http:\/\/escaudacienne.fr\/esc\/?s={search_term_string}\"},\"query-input\":{\"@type\":\"PropertyValueSpecification\",\"valueRequired\":true,\"valueName\":\"search_term_string\"}}],\"inLanguage\":\"fr-FR\"},{\"@type\":\"Organization\",\"@id\":\"http:\/\/escaudacienne.fr\/esc\/#organization\",\"name\":\"E.S.C.\u00ae - Entente Sportive Caudacienne\u00ae\",\"url\":\"http:\/\/escaudacienne.fr\/esc\/\",\"logo\":{\"@type\":\"ImageObject\",\"inLanguage\":\"fr-FR\",\"@id\":\"http:\/\/escaudacienne.fr\/esc\/#\/schema\/logo\/image\/\",\"url\":\"https:\/\/escaudacienne.fr\/esc\/wp-content\/uploads\/sites\/2\/2021\/01\/Logo-ESC\u00ae-Rouge-Blanc-1968-5x5-1.png\",\"contentUrl\":\"https:\/\/escaudacienne.fr\/esc\/wp-content\/uploads\/sites\/2\/2021\/01\/Logo-ESC\u00ae-Rouge-Blanc-1968-5x5-1.png\",\"width\":591,\"height\":591,\"caption\":\"E.S.C.\u00ae - Entente Sportive Caudacienne\u00ae\"},\"image\":{\"@id\":\"http:\/\/escaudacienne.fr\/esc\/#\/schema\/logo\/image\/\"},\"sameAs\":[\"https:\/\/www.facebook.com\/ententesportivecaudacienne\"]}]}<\/script>\n<!-- \/ Yoast SEO Premium plugin. -->","yoast_head_json":{"title":"Safti - ESC - Entente Sportive Caudacienne\u00ae","robots":{"index":"index","follow":"follow","max-snippet":"max-snippet:-1","max-image-preview":"max-image-preview:large","max-video-preview":"max-video-preview:-1"},"canonical":"http:\/\/escaudacienne.fr\/esc\/partenaires\/safti\/","og_locale":"fr_FR","og_type":"article","og_title":"Safti","og_url":"http:\/\/escaudacienne.fr\/esc\/partenaires\/safti\/","og_site_name":"ESC - Entente Sportive Caudacienne\u00ae","article_publisher":"https:\/\/www.facebook.com\/ententesportivecaudacienne","article_modified_time":"2024-05-07T11:44:24+00:00","twitter_card":"summary_large_image","twitter_misc":{"Dur\u00e9e de lecture estim\u00e9e":"1 minute"},"schema":{"@context":"https:\/\/schema.org","@graph":[{"@type":"WebPage","@id":"http:\/\/escaudacienne.fr\/esc\/partenaires\/safti\/","url":"http:\/\/escaudacienne.fr\/esc\/partenaires\/safti\/","name":"Safti - ESC - Entente Sportive Caudacienne\u00ae","isPartOf":{"@id":"http:\/\/escaudacienne.fr\/esc\/#website"},"datePublished":"2020-10-26T22:29:12+00:00","dateModified":"2024-05-07T11:44:24+00:00","breadcrumb":{"@id":"http:\/\/escaudacienne.fr\/esc\/partenaires\/safti\/#breadcrumb"},"inLanguage":"fr-FR","potentialAction":[{"@type":"ReadAction","target":["http:\/\/escaudacienne.fr\/esc\/partenaires\/safti\/"]}]},{"@type":"BreadcrumbList","@id":"http:\/\/escaudacienne.fr\/esc\/partenaires\/safti\/#breadcrumb","itemListElement":[{"@type":"ListItem","position":1,"name":"Accueil","item":"http:\/\/escaudacienne.fr\/esc\/"},{"@type":"ListItem","position":2,"name":"PARTENAIRES","item":"http:\/\/escaudacienne.fr\/esc\/partenaires\/"},{"@type":"ListItem","position":3,"name":"Safti"}]},{"@type":"WebSite","@id":"http:\/\/escaudacienne.fr\/esc\/#website","url":"http:\/\/escaudacienne.fr\/esc\/","name":"ESC - Entente Sportive Caudacienne\u00ae","description":"Faire du Sport \u00e0 La Queue-en-Brie... c&#039;est facile avec l&#039;E.S.C.\u00ae !","publisher":{"@id":"http:\/\/escaudacienne.fr\/esc\/#organization"},"potentialAction":[{"@type":"SearchAction","target":{"@type":"EntryPoint","urlTemplate":"http:\/\/escaudacienne.fr\/esc\/?s={search_term_string}"},"query-input":{"@type":"PropertyValueSpecification","valueRequired":true,"valueName":"search_term_string"}}],"inLanguage":"fr-FR"},{"@type":"Organization","@id":"http:\/\/escaudacienne.fr\/esc\/#organization","name":"E.S.C.\u00ae - Entente Sportive Caudacienne\u00ae","url":"http:\/\/escaudacienne.fr\/esc\/","logo":{"@type":"ImageObject","inLanguage":"fr-FR","@id":"http:\/\/escaudacienne.fr\/esc\/#\/schema\/logo\/image\/","url":"https:\/\/escaudacienne.fr\/esc\/wp-content\/uploads\/sites\/2\/2021\/01\/Logo-ESC\u00ae-Rouge-Blanc-1968-5x5-1.png","contentUrl":"https:\/\/escaudacienne.fr\/esc\/wp-content\/uploads\/sites\/2\/2021\/01\/Logo-ESC\u00ae-Rouge-Blanc-1968-5x5-1.png","width":591,"height":591,"caption":"E.S.C.\u00ae - Entente Sportive Caudacienne\u00ae"},"image":{"@id":"http:\/\/escaudacienne.fr\/esc\/#\/schema\/logo\/image\/"},"sameAs":["https:\/\/www.facebook.com\/ententesportivecaudacienne"]}]}},"_links":{"self":[{"href":"https:\/\/escaudacienne.fr\/esc\/wp-json\/wp\/v2\/pages\/2156","targetHints":{"allow":["GET"]}}],"collection":[{"href":"https:\/\/escaudacienne.fr\/esc\/wp-json\/wp\/v2\/pages"}],"about":[{"href":"https:\/\/escaudacienne.fr\/esc\/wp-json\/wp\/v2\/types\/page"}],"author":[{"embeddable":true,"href":"https:\/\/escaudacienne.fr\/esc\/wp-json\/wp\/v2\/users\/1970"}],"replies":[{"embeddable":true,"href":"https:\/\/escaudacienne.fr\/esc\/wp-json\/wp\/v2\/comments?post=2156"}],"version-history":[{"count":36,"href":"https:\/\/escaudacienne.fr\/esc\/wp-json\/wp\/v2\/pages\/2156\/revisions"}],"predecessor-version":[{"id":24388,"href":"https:\/\/escaudacienne.fr\/esc\/wp-json\/wp\/v2\/pages\/2156\/revisions\/24388"}],"up":[{"embeddable":true,"href":"https:\/\/escaudacienne.fr\/esc\/wp-json\/wp\/v2\/pages\/377"}],"wp:attachment":[{"href":"https:\/\/escaudacienne.fr\/esc\/wp-json\/wp\/v2\/media?parent=2156"}],"curies":[{"name":"wp","href":"https:\/\/api.w.org\/{rel}","templated":true}]}}