{"id":419,"date":"2020-09-15T12:21:21","date_gmt":"2020-09-15T10:21:21","guid":{"rendered":"http:\/\/escaudacienne.fr\/esc\/?page_id=419"},"modified":"2021-05-19T12:08:44","modified_gmt":"2021-05-19T10:08:44","slug":"a-propos","status":"publish","type":"page","link":"https:\/\/escaudacienne.fr\/esc\/a-propos\/","title":{"rendered":"\u00c0 propos"},"content":{"rendered":"\n<div class=\"container section-title-container\" ><h2 class=\"section-title section-title-center\"><b><\/b><span class=\"section-title-main\" >\u00c0 propos<\/span><b><\/b><\/h2><\/div>\n\n\n  <div class=\"banner has-hover\" id=\"banner-244449036\">\n          <div class=\"banner-inner fill\">\n        <div class=\"banner-bg fill\" >\n            <div class=\"bg fill bg-fill \"><\/div>\n                        <div class=\"overlay\"><\/div>            \n                    <\/div>\n        <div class=\"banner-layers container\">\n            <div class=\"fill banner-link\"><\/div>            \n\n   <div id=\"text-box-1373293346\" class=\"text-box banner-layer x5 md-x5 lg-x5 y50 md-y50 lg-y50 res-text\">\n                                <div class=\"text box-shadow-3\">\n              \n              <div class=\"text-inner text-left\">\n                  \n\n<p data-line-height=\"xs\"><span style=\"font-size: 90%\">Fond\u00e9e le 28 f\u00e9vrier 1968 \u00e0 <a href=\"https:\/\/www.laqueueenbrie.fr\/\"><span style=\"color: #3366ff\">La Queue-en-Brie<\/span><\/a>, l&rsquo;Entente Sportive Caudacienne<span style=\"font-size: 75%\"><sup>\u00ae<\/sup><\/span>, dite l&rsquo;ESC, est un club omnisports associatif de type loi 1901.<\/span><\/p>\n<p data-line-height=\"xs\">&nbsp;<\/p>\n<p data-line-height=\"xs\"><span style=\"font-size: 90%\">\u00ab <em>L\u2019ESC&nbsp;a pour but de promouvoir l\u2019<a href=\"https:\/\/escaudacienne.fr\/esc\/sections\/\"><span style=\"color: #3366ff\">activit\u00e9 physique<\/span><\/a> et sportive comme un \u00e9l\u00e9ment d\u00e9terminant de <span style=\"color: #3366ff\"><a style=\"color: #3366ff\" href=\"https:\/\/escaudacienne.fr\/esc\/sections\/sport-sante\/\">sant\u00e9 et de bien-\u00eatre<\/a><\/span> pour toutes et tous, mais aussi un d\u00e9passement de soi.<\/em><\/span><\/p>\n<p data-line-height=\"xs\"><span style=\"font-size: 90%\"><em>Nous nous adressons \u00e0 tous les publics en veillant en particulier \u00e0 la r\u00e9duction des in\u00e9galit\u00e9s sociales d\u2019acc\u00e8s \u00e0 la pratique d\u2019activit\u00e9 physique et sportive et au d\u00e9veloppement d\u2019une offre d\u2019activit\u00e9s adapt\u00e9es.<\/em><\/span><\/p>\n<p data-line-height=\"xs\"><span style=\"font-size: 90%\"><em>L\u2019ESC se veut une transmission de valeurs, de respect, de citoyennet\u00e9 et de mixit\u00e9 sociale, ainsi que de liens sociaux et interg\u00e9n\u00e9rationnels. Du loisir \u00e0 la comp\u00e9tition, chacun peut se r\u00e9aliser dans notre association.<\/em><\/span><\/p>\n<p data-line-height=\"xs\"><span style=\"font-size: 90%\"><em>Faire du sport \u00e0 La Queue-en-Brie&#8230; c\u2019est facile !<\/em> \u00bb<\/span><\/p>\n<p data-line-height=\"xs\">&nbsp;<\/p>\n<p style=\"text-align: right\" data-line-height=\"xs\"><span style=\"font-size: 90%\"><strong>Marc MAZUC<\/strong><\/span><span style=\"font-size: 90%\">, Pr\u00e9sident de l&rsquo;ESC<\/span><\/p>\n\n              <\/div>\n           <\/div>\n                            \n<style>\n#text-box-1373293346 .text {\n  background-color: rgb(255, 255, 255);\n  font-size: 100%;\n}\n#text-box-1373293346 .text-inner {\n  padding: 30px 30px 30px 30px;\n}\n#text-box-1373293346 {\n  width: 60%;\n}\n@media (min-width:550px) {\n  #text-box-1373293346 {\n    width: 54%;\n  }\n}\n<\/style>\n    <\/div>\n \n\t<div class=\"img has-hover x95 md-x95 lg-x95 y50 md-y50 lg-y50\" id=\"image_155856598\">\n\t\t<a class=\"\" href=\"https:\/\/escaudacienne.fr\/esc\/accueil\/qui-sommes-nous\/\"  >\t\t\t\t\t\t<div class=\"img-inner image-cover dark\" style=\"padding-top:100%;\">\n\t\t\t\t\t\t\t\t\t\n\t\t\t\t\t<\/div>\n\t\t\t\t\t\t<\/a>\t\t\n<style>\n#image_155856598 {\n  width: 33%;\n}\n<\/style>\n\t<\/div>\n\t\n\n\n        <\/div>\n      <\/div>\n\n            \n<style>\n#banner-244449036 {\n  padding-top: 49%;\n  background-color: rgb(255, 255, 255);\n}\n#banner-244449036 .overlay {\n  background-color: rgba(190, 190, 190, 0.2);\n}\n<\/style>\n  <\/div>\n\n\n\n","protected":false},"excerpt":{"rendered":"","protected":false},"author":1970,"featured_media":0,"parent":0,"menu_order":0,"comment_status":"closed","ping_status":"closed","template":"","meta":{"footnotes":""},"class_list":["post-419","page","type-page","status-publish","hentry"],"yoast_head":"<!-- This site is optimized with the Yoast SEO Premium plugin v18.2.1 (Yoast SEO v24.9) - https:\/\/yoast.com\/wordpress\/plugins\/seo\/ -->\n<title>ESC Activit\u00e9 Physique \u00e0 La Queue-en-Brie - \u00c0 propos<\/title>\n<meta name=\"description\" content=\"L\u2019ESC a pour but de promouvoir l&#039;activit\u00e9 physique comme un \u00e9l\u00e9ment d\u00e9terminant de sant\u00e9 pour toutes et tous \u00e0 La Queue-en-Brie.\" \/>\n<meta name=\"robots\" content=\"index, follow, max-snippet:-1, max-image-preview:large, max-video-preview:-1\" \/>\n<link rel=\"canonical\" href=\"https:\/\/escaudacienne.fr\/esc\/a-propos\/\" \/>\n<meta property=\"og:locale\" content=\"fr_FR\" \/>\n<meta property=\"og:type\" content=\"article\" \/>\n<meta property=\"og:title\" content=\"\u00c0 propos\" \/>\n<meta property=\"og:url\" content=\"https:\/\/escaudacienne.fr\/esc\/a-propos\/\" \/>\n<meta property=\"og:site_name\" content=\"ESC - Entente Sportive Caudacienne\u00ae\" \/>\n<meta property=\"article:publisher\" content=\"https:\/\/www.facebook.com\/ententesportivecaudacienne\" \/>\n<meta property=\"article:modified_time\" content=\"2021-05-19T10:08:44+00:00\" \/>\n<meta name=\"twitter:card\" content=\"summary_large_image\" \/>\n<meta name=\"twitter:label1\" content=\"Dur\u00e9e de lecture estim\u00e9e\" \/>\n\t<meta name=\"twitter:data1\" content=\"1 minute\" \/>\n<script type=\"application\/ld+json\" class=\"yoast-schema-graph\">{\"@context\":\"https:\/\/schema.org\",\"@graph\":[{\"@type\":\"WebPage\",\"@id\":\"https:\/\/escaudacienne.fr\/esc\/a-propos\/\",\"url\":\"https:\/\/escaudacienne.fr\/esc\/a-propos\/\",\"name\":\"ESC Activit\u00e9 Physique \u00e0 La Queue-en-Brie - \u00c0 propos\",\"isPartOf\":{\"@id\":\"https:\/\/escaudacienne.fr\/esc\/#website\"},\"datePublished\":\"2020-09-15T10:21:21+00:00\",\"dateModified\":\"2021-05-19T10:08:44+00:00\",\"description\":\"L\u2019ESC a pour but de promouvoir l'activit\u00e9 physique comme un \u00e9l\u00e9ment d\u00e9terminant de sant\u00e9 pour toutes et tous \u00e0 La Queue-en-Brie.\",\"breadcrumb\":{\"@id\":\"https:\/\/escaudacienne.fr\/esc\/a-propos\/#breadcrumb\"},\"inLanguage\":\"fr-FR\",\"potentialAction\":[{\"@type\":\"ReadAction\",\"target\":[\"https:\/\/escaudacienne.fr\/esc\/a-propos\/\"]}]},{\"@type\":\"BreadcrumbList\",\"@id\":\"https:\/\/escaudacienne.fr\/esc\/a-propos\/#breadcrumb\",\"itemListElement\":[{\"@type\":\"ListItem\",\"position\":1,\"name\":\"Accueil\",\"item\":\"https:\/\/escaudacienne.fr\/esc\/\"},{\"@type\":\"ListItem\",\"position\":2,\"name\":\"\u00c0 propos\"}]},{\"@type\":\"WebSite\",\"@id\":\"https:\/\/escaudacienne.fr\/esc\/#website\",\"url\":\"https:\/\/escaudacienne.fr\/esc\/\",\"name\":\"ESC - Entente Sportive Caudacienne\u00ae\",\"description\":\"Faire du Sport \u00e0 La Queue-en-Brie... c&#039;est facile avec l&#039;E.S.C.\u00ae !\",\"publisher\":{\"@id\":\"https:\/\/escaudacienne.fr\/esc\/#organization\"},\"potentialAction\":[{\"@type\":\"SearchAction\",\"target\":{\"@type\":\"EntryPoint\",\"urlTemplate\":\"https:\/\/escaudacienne.fr\/esc\/?s={search_term_string}\"},\"query-input\":{\"@type\":\"PropertyValueSpecification\",\"valueRequired\":true,\"valueName\":\"search_term_string\"}}],\"inLanguage\":\"fr-FR\"},{\"@type\":\"Organization\",\"@id\":\"https:\/\/escaudacienne.fr\/esc\/#organization\",\"name\":\"E.S.C.\u00ae - Entente Sportive Caudacienne\u00ae\",\"url\":\"https:\/\/escaudacienne.fr\/esc\/\",\"logo\":{\"@type\":\"ImageObject\",\"inLanguage\":\"fr-FR\",\"@id\":\"https:\/\/escaudacienne.fr\/esc\/#\/schema\/logo\/image\/\",\"url\":\"https:\/\/escaudacienne.fr\/esc\/wp-content\/uploads\/sites\/2\/2021\/01\/Logo-ESC\u00ae-Rouge-Blanc-1968-5x5-1.png\",\"contentUrl\":\"https:\/\/escaudacienne.fr\/esc\/wp-content\/uploads\/sites\/2\/2021\/01\/Logo-ESC\u00ae-Rouge-Blanc-1968-5x5-1.png\",\"width\":591,\"height\":591,\"caption\":\"E.S.C.\u00ae - Entente Sportive Caudacienne\u00ae\"},\"image\":{\"@id\":\"https:\/\/escaudacienne.fr\/esc\/#\/schema\/logo\/image\/\"},\"sameAs\":[\"https:\/\/www.facebook.com\/ententesportivecaudacienne\"]}]}<\/script>\n<!-- \/ Yoast SEO Premium plugin. -->","yoast_head_json":{"title":"ESC Activit\u00e9 Physique \u00e0 La Queue-en-Brie - \u00c0 propos","description":"L\u2019ESC a pour but de promouvoir l'activit\u00e9 physique comme un \u00e9l\u00e9ment d\u00e9terminant de sant\u00e9 pour toutes et tous \u00e0 La Queue-en-Brie.","robots":{"index":"index","follow":"follow","max-snippet":"max-snippet:-1","max-image-preview":"max-image-preview:large","max-video-preview":"max-video-preview:-1"},"canonical":"https:\/\/escaudacienne.fr\/esc\/a-propos\/","og_locale":"fr_FR","og_type":"article","og_title":"\u00c0 propos","og_url":"https:\/\/escaudacienne.fr\/esc\/a-propos\/","og_site_name":"ESC - Entente Sportive Caudacienne\u00ae","article_publisher":"https:\/\/www.facebook.com\/ententesportivecaudacienne","article_modified_time":"2021-05-19T10:08:44+00:00","twitter_card":"summary_large_image","twitter_misc":{"Dur\u00e9e de lecture estim\u00e9e":"1 minute"},"schema":{"@context":"https:\/\/schema.org","@graph":[{"@type":"WebPage","@id":"https:\/\/escaudacienne.fr\/esc\/a-propos\/","url":"https:\/\/escaudacienne.fr\/esc\/a-propos\/","name":"ESC Activit\u00e9 Physique \u00e0 La Queue-en-Brie - \u00c0 propos","isPartOf":{"@id":"https:\/\/escaudacienne.fr\/esc\/#website"},"datePublished":"2020-09-15T10:21:21+00:00","dateModified":"2021-05-19T10:08:44+00:00","description":"L\u2019ESC a pour but de promouvoir l'activit\u00e9 physique comme un \u00e9l\u00e9ment d\u00e9terminant de sant\u00e9 pour toutes et tous \u00e0 La Queue-en-Brie.","breadcrumb":{"@id":"https:\/\/escaudacienne.fr\/esc\/a-propos\/#breadcrumb"},"inLanguage":"fr-FR","potentialAction":[{"@type":"ReadAction","target":["https:\/\/escaudacienne.fr\/esc\/a-propos\/"]}]},{"@type":"BreadcrumbList","@id":"https:\/\/escaudacienne.fr\/esc\/a-propos\/#breadcrumb","itemListElement":[{"@type":"ListItem","position":1,"name":"Accueil","item":"https:\/\/escaudacienne.fr\/esc\/"},{"@type":"ListItem","position":2,"name":"\u00c0 propos"}]},{"@type":"WebSite","@id":"https:\/\/escaudacienne.fr\/esc\/#website","url":"https:\/\/escaudacienne.fr\/esc\/","name":"ESC - Entente Sportive Caudacienne\u00ae","description":"Faire du Sport \u00e0 La Queue-en-Brie... c&#039;est facile avec l&#039;E.S.C.\u00ae !","publisher":{"@id":"https:\/\/escaudacienne.fr\/esc\/#organization"},"potentialAction":[{"@type":"SearchAction","target":{"@type":"EntryPoint","urlTemplate":"https:\/\/escaudacienne.fr\/esc\/?s={search_term_string}"},"query-input":{"@type":"PropertyValueSpecification","valueRequired":true,"valueName":"search_term_string"}}],"inLanguage":"fr-FR"},{"@type":"Organization","@id":"https:\/\/escaudacienne.fr\/esc\/#organization","name":"E.S.C.\u00ae - Entente Sportive Caudacienne\u00ae","url":"https:\/\/escaudacienne.fr\/esc\/","logo":{"@type":"ImageObject","inLanguage":"fr-FR","@id":"https:\/\/escaudacienne.fr\/esc\/#\/schema\/logo\/image\/","url":"https:\/\/escaudacienne.fr\/esc\/wp-content\/uploads\/sites\/2\/2021\/01\/Logo-ESC\u00ae-Rouge-Blanc-1968-5x5-1.png","contentUrl":"https:\/\/escaudacienne.fr\/esc\/wp-content\/uploads\/sites\/2\/2021\/01\/Logo-ESC\u00ae-Rouge-Blanc-1968-5x5-1.png","width":591,"height":591,"caption":"E.S.C.\u00ae - Entente Sportive Caudacienne\u00ae"},"image":{"@id":"https:\/\/escaudacienne.fr\/esc\/#\/schema\/logo\/image\/"},"sameAs":["https:\/\/www.facebook.com\/ententesportivecaudacienne"]}]}},"_links":{"self":[{"href":"https:\/\/escaudacienne.fr\/esc\/wp-json\/wp\/v2\/pages\/419","targetHints":{"allow":["GET"]}}],"collection":[{"href":"https:\/\/escaudacienne.fr\/esc\/wp-json\/wp\/v2\/pages"}],"about":[{"href":"https:\/\/escaudacienne.fr\/esc\/wp-json\/wp\/v2\/types\/page"}],"author":[{"embeddable":true,"href":"https:\/\/escaudacienne.fr\/esc\/wp-json\/wp\/v2\/users\/1970"}],"replies":[{"embeddable":true,"href":"https:\/\/escaudacienne.fr\/esc\/wp-json\/wp\/v2\/comments?post=419"}],"version-history":[{"count":25,"href":"https:\/\/escaudacienne.fr\/esc\/wp-json\/wp\/v2\/pages\/419\/revisions"}],"predecessor-version":[{"id":8668,"href":"https:\/\/escaudacienne.fr\/esc\/wp-json\/wp\/v2\/pages\/419\/revisions\/8668"}],"wp:attachment":[{"href":"https:\/\/escaudacienne.fr\/esc\/wp-json\/wp\/v2\/media?parent=419"}],"curies":[{"name":"wp","href":"https:\/\/api.w.org\/{rel}","templated":true}]}}