{"id":8442,"date":"2021-01-28T16:14:40","date_gmt":"2021-01-28T15:14:40","guid":{"rendered":"http:\/\/escaudacienne.fr\/esc\/?page_id=8442"},"modified":"2023-12-14T18:13:18","modified_gmt":"2023-12-14T17:13:18","slug":"annonces","status":"publish","type":"page","link":"https:\/\/escaudacienne.fr\/esc\/annonces\/","title":{"rendered":"ANNONCES"},"content":{"rendered":"\n\t<section class=\"section\" id=\"section_2091961908\">\n\t\t<div class=\"bg section-bg fill bg-fill  bg-loaded\" >\n\n\t\t\t\n\t\t\t\n\t\t\t\n\t<div class=\"is-border\"\n\t\tstyle=\"border-color:rgb(235, 235, 235);border-width:1px 0px 0px 0px;\">\n\t<\/div>\n\n\t\t<\/div>\n\n\t\t<div class=\"section-content relative\">\n\t\t\t\n\n<div class=\"row row-collapse\"  id=\"row-176060071\">\n\n\n\t<div id=\"col-1077691110\" class=\"col medium-3 small-12 large-3\"  >\n\t\t<div class=\"col-inner\"  >\n\t\t\t\n\t\t\t\n\n\n\t\t<\/div>\n\t\t\t<\/div>\n\n\t\n\n\t<div id=\"col-1599319470\" class=\"col medium-6 small-12 large-6\"  >\n\t\t<div class=\"col-inner\"  >\n\t\t\t\n\t\t\t\n\n\t<div class=\"img has-hover x md-x lg-x y md-y lg-y\" id=\"image_1624340966\">\n\t\t<a class=\"\" href=\"https:\/\/escaudacienne.fr\/esc\/wp-content\/uploads\/sites\/2\/2023\/12\/Annonce-Vendeur-Vendeuse-2023.12.pdf\"  >\t\t\t\t\t\t<div class=\"img-inner dark\" >\n\t\t\t<img loading=\"lazy\" decoding=\"async\" width=\"566\" height=\"800\" src=\"https:\/\/escaudacienne.fr\/esc\/wp-content\/uploads\/sites\/2\/2023\/12\/Annonce-Vendeur-Vendeuse-2023.12-566x800.jpg\" class=\"attachment-large size-large\" alt=\"\" srcset=\"https:\/\/escaudacienne.fr\/esc\/wp-content\/uploads\/sites\/2\/2023\/12\/Annonce-Vendeur-Vendeuse-2023.12-566x800.jpg 566w, https:\/\/escaudacienne.fr\/esc\/wp-content\/uploads\/sites\/2\/2023\/12\/Annonce-Vendeur-Vendeuse-2023.12-283x400.jpg 283w, https:\/\/escaudacienne.fr\/esc\/wp-content\/uploads\/sites\/2\/2023\/12\/Annonce-Vendeur-Vendeuse-2023.12-768x1086.jpg 768w, https:\/\/escaudacienne.fr\/esc\/wp-content\/uploads\/sites\/2\/2023\/12\/Annonce-Vendeur-Vendeuse-2023.12-1086x1536.jpg 1086w, https:\/\/escaudacienne.fr\/esc\/wp-content\/uploads\/sites\/2\/2023\/12\/Annonce-Vendeur-Vendeuse-2023.12-1448x2048.jpg 1448w, https:\/\/escaudacienne.fr\/esc\/wp-content\/uploads\/sites\/2\/2023\/12\/Annonce-Vendeur-Vendeuse-2023.12-510x721.jpg 510w, https:\/\/escaudacienne.fr\/esc\/wp-content\/uploads\/sites\/2\/2023\/12\/Annonce-Vendeur-Vendeuse-2023.12-scaled.jpg 1810w\" sizes=\"auto, (max-width: 566px) 100vw, 566px\" \/>\t\t\t\t\t\t\n\t\t\t\t\t<\/div>\n\t\t\t\t\t\t<\/a>\t\t\n<style>\n#image_1624340966 {\n  width: 100%;\n}\n<\/style>\n\t<\/div>\n\t\n\n\n\t\t<\/div>\n\t\t\t<\/div>\n\n\t\n\n\t<div id=\"col-242604101\" class=\"col medium-3 small-12 large-3\"  >\n\t\t<div class=\"col-inner\"  >\n\t\t\t\n\t\t\t\n\n\n\t\t<\/div>\n\t\t\t<\/div>\n\n\t\n\n<\/div>\n\t<div id=\"gap-2111033299\" class=\"gap-element clearfix\" style=\"display:block; height:auto;\">\n\t\t\n<style>\n#gap-2111033299 {\n  padding-top: 30px;\n}\n<\/style>\n\t<\/div>\n\t\n\n<p style=\"text-align: center\"><strong><span style=\"color: #999999\">Mis en ligne le 14 D\u00e9cembre 2023<\/span><\/strong><\/p>\n<h2 style=\"text-align: center\">Vendeur-Vendeuse en Boulangerie<\/h2>\n<p style=\"text-align: center\">Lieu : La Queue-en-Brie (94)<\/p>\n<h3 style=\"text-align: center\"><strong><span style=\"font-size: 85%\">Pour postuler<\/span><\/strong><\/h3>\n<h3 style=\"text-align: center\"><strong><span style=\"color: #3366ff\"><a style=\"color: #3366ff\" href=\"copaincaudacien@gmail.com\">copaincaudacien@gmail.com<\/a><\/span><\/strong><\/h3>\n<p style=\"text-align: center\">\u00a0<\/p>\n\t<div id=\"gap-1239488836\" class=\"gap-element clearfix\" style=\"display:block; height:auto;\">\n\t\t\n<style>\n#gap-1239488836 {\n  padding-top: 30px;\n}\n<\/style>\n\t<\/div>\n\t\n\n<div class=\"text-center\"><div class=\"is-divider divider clearfix\" style=\"max-width:100px;\"><\/div><\/div>\n\n<div class=\"row row-large align-middle align-center\"  id=\"row-2112335370\">\n\n\n\t<div id=\"col-31188038\" class=\"col medium-11 small-12 large-11\"  >\n\t\t<div class=\"col-inner text-center\"  >\n\t\t\t\n\t\t\t\n\n\t<div id=\"gap-216219716\" class=\"gap-element clearfix\" style=\"display:block; height:auto;\">\n\t\t\n<style>\n#gap-216219716 {\n  padding-top: 50px;\n}\n<\/style>\n\t<\/div>\n\t\n\n\t<div class=\"img has-hover x md-x lg-x y md-y lg-y\" id=\"image_449380763\">\n\t\t\t\t\t\t\t\t<div class=\"img-inner dark\" >\n\t\t\t<img loading=\"lazy\" decoding=\"async\" width=\"1000\" height=\"528\" src=\"https:\/\/escaudacienne.fr\/esc\/wp-content\/uploads\/sites\/2\/2021\/01\/STAGE.jpg\" class=\"attachment-large size-large\" alt=\"\" srcset=\"https:\/\/escaudacienne.fr\/esc\/wp-content\/uploads\/sites\/2\/2021\/01\/STAGE.jpg 1000w, https:\/\/escaudacienne.fr\/esc\/wp-content\/uploads\/sites\/2\/2021\/01\/STAGE-758x400.jpg 758w, https:\/\/escaudacienne.fr\/esc\/wp-content\/uploads\/sites\/2\/2021\/01\/STAGE-768x406.jpg 768w, https:\/\/escaudacienne.fr\/esc\/wp-content\/uploads\/sites\/2\/2021\/01\/STAGE-510x269.jpg 510w\" sizes=\"auto, (max-width: 1000px) 100vw, 1000px\" \/>\t\t\t\t\t\t\n\t\t\t\t\t<\/div>\n\t\t\t\t\t\t\t\t\n<style>\n#image_449380763 {\n  width: 38%;\n}\n<\/style>\n\t<\/div>\n\t\n\n<p><strong><span style=\"color: #999999\">Mis en ligne le 1<sup>er<\/sup> F\u00e9vrier 2021 &#8211; <\/span><span style=\"color: #ed1c24\">Poste pourvu<\/span><\/strong><\/p>\n<h2>\u00a0<\/h2>\n<h2>Stage Assistant(e) Marketing et Commercial<\/h2>\n<p>\u00a0<\/p>\n<h3 style=\"text-align: left\"><span style=\"font-size: 85%\"><strong>Domaine de formation : Commerce, vente, Marketing et\/ou Communication\u00a0<\/strong><\/span><\/h3>\n<p style=\"text-align: left\">\u00a0<\/p>\n<p style=\"text-align: left\">Nous sommes un club de sport associatif r\u00e9unissant plus de 30 activit\u00e9s et 20 salari\u00e9s.<\/p>\n<p style=\"text-align: left\">Notre plan de financement pr\u00e9voit une part de sponsoring grandissante. C\u2019est pourquoi nous avons d\u00e9velopp\u00e9 un site internet dont la vocation est d\u2019\u00eatre un point de rencontre entre nos adh\u00e9rents et nos partenaires.<\/p>\n<p style=\"text-align: left\">\u00a0<\/p>\n<p style=\"text-align: left\">Dans ce cadre, nous recherchons un stagiaire marketing et commercial pour une dur\u00e9e de 6 semaines minimum d\u00e8s que possible.\u00a0<\/p>\n<p style=\"text-align: left\">Rattach\u00e9(e) au responsable du Marketing et de la Communication, vous serez charg\u00e9(e) de participer \u00e0 l\u2019\u00e9laboration du projet dans sa globalit\u00e9 notamment :\u00a0<\/p>\n<p style=\"text-align: left\">&#8211; Participer \u00e0 la cr\u00e9ation et l\u2019am\u00e9lioration du site internet (design, exp\u00e9rience utilisateur, r\u00e9f\u00e9rencement, construction d\u2019une base de donn\u00e9es\u2026)\u00a0<\/p>\n<p style=\"text-align: left\">&#8211; Participer au d\u00e9veloppement d\u2019une strat\u00e9gie commerciale et la r\u00e9aliser : prospection, rendez-vous clients&#8230;<\/p>\n<p style=\"text-align: left\">&#8211; Participer \u00e0 la d\u00e9finition du plan de communication et \u00e0 sa mise en \u0153uvre (community management, cr\u00e9ation des supports de communication, webmarketing, identification et d\u00e9veloppement des partenariats\u2026)<\/p>\n<p style=\"text-align: left\">&#8211; Vous pourrez \u00e9galement \u00eatre amen\u00e9 \u00e0 participer \u00e0 l\u2019organisation de r\u00e9unions (s\u00e9lection de lieux, conception et envoi des invitations, gestion des inscriptions et des relances\u2026)<\/p>\n<p style=\"text-align: left\">\u00a0<\/p>\n<p style=\"text-align: left\">Lieu : La Queue-en-Brie (94)<\/p>\n<h2 style=\"text-align: left\">\u00a0<\/h2>\n<h3 style=\"text-align: left\"><strong><span style=\"font-size: 85%\">Profil\u00a0<\/span><\/strong><\/h3>\n<p style=\"text-align: left\">De formation sup\u00e9rieure (Bac +2 \u00e0 Bac +5) en Ecole ou Universit\u00e9, vous \u00eates rigoureux(se) et polyvalent(e). Force de proposition, vous \u00eates cr\u00e9atif(ve) et enthousiaste et vous pouvez travailler en autonomie. Pour postuler, merci d\u2019envoyer votre cv ainsi qu\u2019une lettre de motivation \u00e0 <span style=\"color: #3366ff\"><a style=\"color: #3366ff\" href=\"mailto:tresorieresc@escaudacienne.fr\">tresorieresc@escaudacienne.fr<\/a><\/span><\/p>\n<p style=\"text-align: left\">\u00a0<\/p>\n\n\t\t<\/div>\n\t\t\t<\/div>\n\n\t\n\n<\/div>\n\n\t\t<\/div>\n\n\t\t\n<style>\n#section_2091961908 {\n  padding-top: 59px;\n  padding-bottom: 59px;\n  min-height: 300px;\n  background-color: rgb(228, 228, 228);\n}\n<\/style>\n\t<\/section>\n\t\n\n","protected":false},"excerpt":{"rendered":"","protected":false},"author":1970,"featured_media":0,"parent":0,"menu_order":6,"comment_status":"closed","ping_status":"closed","template":"","meta":{"footnotes":""},"class_list":["post-8442","page","type-page","status-publish","hentry"],"yoast_head":"<!-- This site is optimized with the Yoast SEO Premium plugin v18.2.1 (Yoast SEO v24.9) - https:\/\/yoast.com\/wordpress\/plugins\/seo\/ -->\n<title>ANNONCES - ESC - Entente Sportive Caudacienne\u00ae<\/title>\n<meta name=\"robots\" content=\"index, follow, max-snippet:-1, max-image-preview:large, max-video-preview:-1\" \/>\n<link rel=\"canonical\" href=\"https:\/\/escaudacienne.fr\/esc\/annonces\/\" \/>\n<meta property=\"og:locale\" content=\"fr_FR\" \/>\n<meta property=\"og:type\" content=\"article\" \/>\n<meta property=\"og:title\" content=\"ANNONCES\" \/>\n<meta property=\"og:url\" content=\"https:\/\/escaudacienne.fr\/esc\/annonces\/\" \/>\n<meta property=\"og:site_name\" content=\"ESC - Entente Sportive Caudacienne\u00ae\" \/>\n<meta property=\"article:publisher\" content=\"https:\/\/www.facebook.com\/ententesportivecaudacienne\" \/>\n<meta property=\"article:modified_time\" content=\"2023-12-14T17:13:18+00:00\" \/>\n<meta name=\"twitter:card\" content=\"summary_large_image\" \/>\n<meta name=\"twitter:label1\" content=\"Dur\u00e9e de lecture estim\u00e9e\" \/>\n\t<meta name=\"twitter:data1\" content=\"2 minutes\" \/>\n<script type=\"application\/ld+json\" class=\"yoast-schema-graph\">{\"@context\":\"https:\/\/schema.org\",\"@graph\":[{\"@type\":\"WebPage\",\"@id\":\"https:\/\/escaudacienne.fr\/esc\/annonces\/\",\"url\":\"https:\/\/escaudacienne.fr\/esc\/annonces\/\",\"name\":\"ANNONCES - ESC - Entente Sportive Caudacienne\u00ae\",\"isPartOf\":{\"@id\":\"https:\/\/escaudacienne.fr\/esc\/#website\"},\"datePublished\":\"2021-01-28T15:14:40+00:00\",\"dateModified\":\"2023-12-14T17:13:18+00:00\",\"breadcrumb\":{\"@id\":\"https:\/\/escaudacienne.fr\/esc\/annonces\/#breadcrumb\"},\"inLanguage\":\"fr-FR\",\"potentialAction\":[{\"@type\":\"ReadAction\",\"target\":[\"https:\/\/escaudacienne.fr\/esc\/annonces\/\"]}]},{\"@type\":\"BreadcrumbList\",\"@id\":\"https:\/\/escaudacienne.fr\/esc\/annonces\/#breadcrumb\",\"itemListElement\":[{\"@type\":\"ListItem\",\"position\":1,\"name\":\"Accueil\",\"item\":\"https:\/\/escaudacienne.fr\/esc\/\"},{\"@type\":\"ListItem\",\"position\":2,\"name\":\"ANNONCES\"}]},{\"@type\":\"WebSite\",\"@id\":\"https:\/\/escaudacienne.fr\/esc\/#website\",\"url\":\"https:\/\/escaudacienne.fr\/esc\/\",\"name\":\"ESC - Entente Sportive Caudacienne\u00ae\",\"description\":\"Faire du Sport \u00e0 La Queue-en-Brie... c&#039;est facile avec l&#039;E.S.C.\u00ae !\",\"publisher\":{\"@id\":\"https:\/\/escaudacienne.fr\/esc\/#organization\"},\"potentialAction\":[{\"@type\":\"SearchAction\",\"target\":{\"@type\":\"EntryPoint\",\"urlTemplate\":\"https:\/\/escaudacienne.fr\/esc\/?s={search_term_string}\"},\"query-input\":{\"@type\":\"PropertyValueSpecification\",\"valueRequired\":true,\"valueName\":\"search_term_string\"}}],\"inLanguage\":\"fr-FR\"},{\"@type\":\"Organization\",\"@id\":\"https:\/\/escaudacienne.fr\/esc\/#organization\",\"name\":\"E.S.C.\u00ae - Entente Sportive Caudacienne\u00ae\",\"url\":\"https:\/\/escaudacienne.fr\/esc\/\",\"logo\":{\"@type\":\"ImageObject\",\"inLanguage\":\"fr-FR\",\"@id\":\"https:\/\/escaudacienne.fr\/esc\/#\/schema\/logo\/image\/\",\"url\":\"https:\/\/escaudacienne.fr\/esc\/wp-content\/uploads\/sites\/2\/2021\/01\/Logo-ESC\u00ae-Rouge-Blanc-1968-5x5-1.png\",\"contentUrl\":\"https:\/\/escaudacienne.fr\/esc\/wp-content\/uploads\/sites\/2\/2021\/01\/Logo-ESC\u00ae-Rouge-Blanc-1968-5x5-1.png\",\"width\":591,\"height\":591,\"caption\":\"E.S.C.\u00ae - Entente Sportive Caudacienne\u00ae\"},\"image\":{\"@id\":\"https:\/\/escaudacienne.fr\/esc\/#\/schema\/logo\/image\/\"},\"sameAs\":[\"https:\/\/www.facebook.com\/ententesportivecaudacienne\"]}]}<\/script>\n<!-- \/ Yoast SEO Premium plugin. -->","yoast_head_json":{"title":"ANNONCES - ESC - Entente Sportive Caudacienne\u00ae","robots":{"index":"index","follow":"follow","max-snippet":"max-snippet:-1","max-image-preview":"max-image-preview:large","max-video-preview":"max-video-preview:-1"},"canonical":"https:\/\/escaudacienne.fr\/esc\/annonces\/","og_locale":"fr_FR","og_type":"article","og_title":"ANNONCES","og_url":"https:\/\/escaudacienne.fr\/esc\/annonces\/","og_site_name":"ESC - Entente Sportive Caudacienne\u00ae","article_publisher":"https:\/\/www.facebook.com\/ententesportivecaudacienne","article_modified_time":"2023-12-14T17:13:18+00:00","twitter_card":"summary_large_image","twitter_misc":{"Dur\u00e9e de lecture estim\u00e9e":"2 minutes"},"schema":{"@context":"https:\/\/schema.org","@graph":[{"@type":"WebPage","@id":"https:\/\/escaudacienne.fr\/esc\/annonces\/","url":"https:\/\/escaudacienne.fr\/esc\/annonces\/","name":"ANNONCES - ESC - Entente Sportive Caudacienne\u00ae","isPartOf":{"@id":"https:\/\/escaudacienne.fr\/esc\/#website"},"datePublished":"2021-01-28T15:14:40+00:00","dateModified":"2023-12-14T17:13:18+00:00","breadcrumb":{"@id":"https:\/\/escaudacienne.fr\/esc\/annonces\/#breadcrumb"},"inLanguage":"fr-FR","potentialAction":[{"@type":"ReadAction","target":["https:\/\/escaudacienne.fr\/esc\/annonces\/"]}]},{"@type":"BreadcrumbList","@id":"https:\/\/escaudacienne.fr\/esc\/annonces\/#breadcrumb","itemListElement":[{"@type":"ListItem","position":1,"name":"Accueil","item":"https:\/\/escaudacienne.fr\/esc\/"},{"@type":"ListItem","position":2,"name":"ANNONCES"}]},{"@type":"WebSite","@id":"https:\/\/escaudacienne.fr\/esc\/#website","url":"https:\/\/escaudacienne.fr\/esc\/","name":"ESC - Entente Sportive Caudacienne\u00ae","description":"Faire du Sport \u00e0 La Queue-en-Brie... c&#039;est facile avec l&#039;E.S.C.\u00ae !","publisher":{"@id":"https:\/\/escaudacienne.fr\/esc\/#organization"},"potentialAction":[{"@type":"SearchAction","target":{"@type":"EntryPoint","urlTemplate":"https:\/\/escaudacienne.fr\/esc\/?s={search_term_string}"},"query-input":{"@type":"PropertyValueSpecification","valueRequired":true,"valueName":"search_term_string"}}],"inLanguage":"fr-FR"},{"@type":"Organization","@id":"https:\/\/escaudacienne.fr\/esc\/#organization","name":"E.S.C.\u00ae - Entente Sportive Caudacienne\u00ae","url":"https:\/\/escaudacienne.fr\/esc\/","logo":{"@type":"ImageObject","inLanguage":"fr-FR","@id":"https:\/\/escaudacienne.fr\/esc\/#\/schema\/logo\/image\/","url":"https:\/\/escaudacienne.fr\/esc\/wp-content\/uploads\/sites\/2\/2021\/01\/Logo-ESC\u00ae-Rouge-Blanc-1968-5x5-1.png","contentUrl":"https:\/\/escaudacienne.fr\/esc\/wp-content\/uploads\/sites\/2\/2021\/01\/Logo-ESC\u00ae-Rouge-Blanc-1968-5x5-1.png","width":591,"height":591,"caption":"E.S.C.\u00ae - Entente Sportive Caudacienne\u00ae"},"image":{"@id":"https:\/\/escaudacienne.fr\/esc\/#\/schema\/logo\/image\/"},"sameAs":["https:\/\/www.facebook.com\/ententesportivecaudacienne"]}]}},"_links":{"self":[{"href":"https:\/\/escaudacienne.fr\/esc\/wp-json\/wp\/v2\/pages\/8442","targetHints":{"allow":["GET"]}}],"collection":[{"href":"https:\/\/escaudacienne.fr\/esc\/wp-json\/wp\/v2\/pages"}],"about":[{"href":"https:\/\/escaudacienne.fr\/esc\/wp-json\/wp\/v2\/types\/page"}],"author":[{"embeddable":true,"href":"https:\/\/escaudacienne.fr\/esc\/wp-json\/wp\/v2\/users\/1970"}],"replies":[{"embeddable":true,"href":"https:\/\/escaudacienne.fr\/esc\/wp-json\/wp\/v2\/comments?post=8442"}],"version-history":[{"count":16,"href":"https:\/\/escaudacienne.fr\/esc\/wp-json\/wp\/v2\/pages\/8442\/revisions"}],"predecessor-version":[{"id":23179,"href":"https:\/\/escaudacienne.fr\/esc\/wp-json\/wp\/v2\/pages\/8442\/revisions\/23179"}],"wp:attachment":[{"href":"https:\/\/escaudacienne.fr\/esc\/wp-json\/wp\/v2\/media?parent=8442"}],"curies":[{"name":"wp","href":"https:\/\/api.w.org\/{rel}","templated":true}]}}